{"id":830978,"date":"2025-08-08T12:06:50","date_gmt":"2025-08-08T10:06:50","guid":{"rendered":"https:\/\/lucacastelli.com\/prodotto\/milwaukee-kabelschneider-125-mm-m18-force-logic\/"},"modified":"2025-08-08T12:06:50","modified_gmt":"2025-08-08T10:06:50","slug":"milwaukee-kabelschneider-125-mm-m18-force-logic","status":"publish","type":"product","link":"https:\/\/lucacastelli.com\/de\/produkt\/milwaukee-kabelschneider-125-mm-m18-force-logic\/","title":{"rendered":"MILWAUKEE Kabelschneider 125 mm M18\u2122 FORCE LOGIC\u2122"},"content":{"rendered":"<p>Kabelschneider 125 mm M18\u2122 FORCE LOGIC\u2122<br \/>\nM18 HCC125-801C \/ KABELSCHNEIDER<br \/>\nDer FORCE LOGIC\u2122 Kabelschneider mit Fernstart schneidet Aluminium-, Kupfer- und armierte Kabel bis zu einem Durchmesser von 125 mm; Verstellbarer Seitengriff, In-Line-Design und Aufh\u00e4nge\u00f6se f\u00fcr Kabel und Haken; Das Quick-Lock-Verschlusssystem erm\u00f6glicht ein einfaches \u00d6ffnen und Schlie\u00dfen des B\u00fcgels ohne Ausrichtungsprobleme; Erm\u00f6glicht das Spreizen der Kabel zur Erleichterung des Schnitts; Der Akku ist durch ein Geh\u00e4use gesch\u00fctzt, das die Maschine IP54-zertifiziert sowie staub- und feuchtigkeitsresistent macht; Einfacher Austausch der sichtbaren Klinge zur Vermeidung von Stillstandzeiten; Der um 180\u00b0 drehbare Kopf erleichtert das Ausrichten der Maschine an den zu schneidenden Kabeln; Das ONE-KEY\u2122 Tracking &amp; Security-System bietet eine kostenlose cloudbasierte Bestandsverwaltung und Ortung sowie Fernsperrfunktionen und Einsatzberichte; Der b\u00fcrstenlose Motor, die REDLINK PLUS\u2122 Elektronik und der REDLITHIUM\u2122 Akku bieten \u00fcberlegene Leistung und Laufzeit; Kompatibel mit allen MILWAUKEE\u00ae M18\u2122 Akkus<\/p>\n<p>4933499333<br \/>\n4058546564971<\/p>\n","protected":false},"excerpt":{"rendered":"<p>M18 HCC125-801C \/ KABELSCHNEIDER<\/p>\n","protected":false},"featured_media":590376,"template":"","meta":{"_seopress_robots_primary_cat":"","_seopress_titles_title":"","_seopress_titles_desc":"","_seopress_robots_index":""},"product_brand":[3407],"product_cat":[5531,29,514],"product_tag":[3270],"class_list":{"0":"post-830978","1":"product","2":"type-product","3":"status-publish","4":"has-post-thumbnail","6":"product_brand-milwaukee","7":"product_cat-vari-macchinari-milwaukee","8":"product_cat-macchinari","9":"product_cat-altri-dispositivi","10":"product_tag-import-milwau","11":"sws-conto-ricavi-merci-rivendita-macchinari-de","12":"sws-gruppo-iva-iva81-de","14":"first","15":"onbackorder","16":"sale","17":"shipping-taxable","18":"purchasable","19":"product-type-simple"},"_links":{"self":[{"href":"https:\/\/lucacastelli.com\/de\/wp-json\/wp\/v2\/product\/830978","targetHints":{"allow":["GET"]}}],"collection":[{"href":"https:\/\/lucacastelli.com\/de\/wp-json\/wp\/v2\/product"}],"about":[{"href":"https:\/\/lucacastelli.com\/de\/wp-json\/wp\/v2\/types\/product"}],"wp:featuredmedia":[{"embeddable":true,"href":"https:\/\/lucacastelli.com\/de\/wp-json\/wp\/v2\/media\/590376"}],"wp:attachment":[{"href":"https:\/\/lucacastelli.com\/de\/wp-json\/wp\/v2\/media?parent=830978"}],"wp:term":[{"taxonomy":"product_brand","embeddable":true,"href":"https:\/\/lucacastelli.com\/de\/wp-json\/wp\/v2\/product_brand?post=830978"},{"taxonomy":"product_cat","embeddable":true,"href":"https:\/\/lucacastelli.com\/de\/wp-json\/wp\/v2\/product_cat?post=830978"},{"taxonomy":"product_tag","embeddable":true,"href":"https:\/\/lucacastelli.com\/de\/wp-json\/wp\/v2\/product_tag?post=830978"}],"curies":[{"name":"wp","href":"https:\/\/api.w.org\/{rel}","templated":true}]}}