{"id":830973,"date":"2025-08-08T12:07:00","date_gmt":"2025-08-08T10:07:00","guid":{"rendered":"https:\/\/lucacastelli.com\/prodotto\/milwaukee-trommel-fuer-teilbare-kabel-32-mm\/"},"modified":"2025-08-08T12:07:00","modified_gmt":"2025-08-08T10:07:00","slug":"milwaukee-trommel-fuer-teilbare-kabel-32-mm","status":"publish","type":"product","link":"https:\/\/lucacastelli.com\/de\/produkt\/milwaukee-trommel-fuer-teilbare-kabel-32-mm\/","title":{"rendered":"MILWAUKEE Trommel f\u00fcr teilbare Kabel 32 mm"},"content":{"rendered":"<p>KABELBEH\u00c4LTER F\u00dcR M18 FSSM<br \/>\nVollst\u00e4ndig abgedichtete Milwaukee\u00ae Spiraltrommeln: f\u00fcr einfacheren Transport und bessere Schmutzr\u00fcckhaltung; Kompatibel mit MILWAUKEE\u00ae Abschnitten oder mit den g\u00e4ngigsten L\u00f6sungen auf dem Markt<\/p>\n<p>4932471719<br \/>\n4058546296186<\/p>\n","protected":false},"excerpt":{"rendered":"<p>KABELBEH\u00c4LTER F\u00dcR M18 FSSM<\/p>\n","protected":false},"featured_media":537582,"template":"","meta":{"_seopress_robots_primary_cat":"","_seopress_titles_title":"","_seopress_titles_desc":"","_seopress_robots_index":""},"product_brand":[3407],"product_cat":[5531,29,514],"product_tag":[3270],"class_list":{"0":"post-830973","1":"product","2":"type-product","3":"status-publish","4":"has-post-thumbnail","6":"product_brand-milwaukee","7":"product_cat-vari-macchinari-milwaukee","8":"product_cat-macchinari","9":"product_cat-altri-dispositivi","10":"product_tag-import-milwau","11":"sws-conto-ricavi-merci-rivendita-macchinari-de","12":"sws-gruppo-iva-iva81-de","14":"first","15":"onbackorder","16":"sale","17":"shipping-taxable","18":"purchasable","19":"product-type-simple"},"_links":{"self":[{"href":"https:\/\/lucacastelli.com\/de\/wp-json\/wp\/v2\/product\/830973","targetHints":{"allow":["GET"]}}],"collection":[{"href":"https:\/\/lucacastelli.com\/de\/wp-json\/wp\/v2\/product"}],"about":[{"href":"https:\/\/lucacastelli.com\/de\/wp-json\/wp\/v2\/types\/product"}],"wp:featuredmedia":[{"embeddable":true,"href":"https:\/\/lucacastelli.com\/de\/wp-json\/wp\/v2\/media\/537582"}],"wp:attachment":[{"href":"https:\/\/lucacastelli.com\/de\/wp-json\/wp\/v2\/media?parent=830973"}],"wp:term":[{"taxonomy":"product_brand","embeddable":true,"href":"https:\/\/lucacastelli.com\/de\/wp-json\/wp\/v2\/product_brand?post=830973"},{"taxonomy":"product_cat","embeddable":true,"href":"https:\/\/lucacastelli.com\/de\/wp-json\/wp\/v2\/product_cat?post=830973"},{"taxonomy":"product_tag","embeddable":true,"href":"https:\/\/lucacastelli.com\/de\/wp-json\/wp\/v2\/product_tag?post=830973"}],"curies":[{"name":"wp","href":"https:\/\/api.w.org\/{rel}","templated":true}]}}