{"id":830972,"date":"2025-08-08T17:36:45","date_gmt":"2025-08-08T15:36:45","guid":{"rendered":"https:\/\/lucacastelli.com\/prodotto\/milwaukee-led-akku-stativleuchte-m18-one-key\/"},"modified":"2025-08-08T17:36:45","modified_gmt":"2025-08-08T15:36:45","slug":"milwaukee-led-akku-stativleuchte-m18-one-key","status":"publish","type":"product","link":"https:\/\/lucacastelli.com\/de\/produkt\/milwaukee-led-akku-stativleuchte-m18-one-key\/","title":{"rendered":"MILWAUKEE LED-Akku-Stativleuchte M18\u2122 ONE-KEY\u2122"},"content":{"rendered":"<p>M18 ONERSAL-0\/BELEUCHTUNG<br \/>\nOptimieren Sie Helligkeit und Laufzeit durch Regulierung des Lichtstroms von 0 bis 5400 Lumen; ONE-KEY\u2122 Individualisierung: Helligkeitseinstellung \u00fcber die App (0\u20135.400 Lumen); Das ONE-KEY\u2122 Tracking &amp; Security System bietet eine kostenlose cloudbasierte Bestandsverwaltung und Ortungsplattform sowie eine Fernsperrfunktion; Verst\u00e4rktes Beindesign und 3 verschiedene Ausfahroptionen f\u00fcr maximale Langlebigkeit und Stabilit\u00e4t; Hochresistente Polycarbonatscheibe und Aluminiumgeh\u00e4use zum Schutz der Leuchte unter harten Arbeitsbedingungen; TRUEVIEW\u2122 High-Definition-Technologie sorgt f\u00fcr einen gleichm\u00e4\u00dfigen Lichtstrahl, optimierte Farbtemperatur und naturgetreue Farbwiedergabe; Anschlussm\u00f6glichkeit f\u00fcr zwei Akkus zur Verdoppelung der Laufzeit; H\u00f6henverstellbar von 0,5 m bis 1,65 m; Kompakt zusammenklappbar auf nur 55 cm f\u00fcr einfachen Transport; Die ONE-KEY\u2122 Technologie bietet eine digitale Bestandsverwaltungsplattform zur Werkzeugortung und Diebstahlpr\u00e4vention; Kompatibel mit allen MILWAUKEE\u00ae M18\u2122 Akkus<\/p>\n<p>4933459431<br \/>\n4058546010928<\/p>\n","protected":false},"excerpt":{"rendered":"<p>M18 ONERSAL-0\/BELEUCHTUNG<\/p>\n","protected":false},"featured_media":572476,"template":"","meta":{"_seopress_robots_primary_cat":"","_seopress_titles_title":"","_seopress_titles_desc":"","_seopress_robots_index":""},"product_brand":[3407],"product_cat":[5531,29,514],"product_tag":[3270],"class_list":{"0":"post-830972","1":"product","2":"type-product","3":"status-publish","4":"has-post-thumbnail","6":"product_brand-milwaukee","7":"product_cat-vari-macchinari-milwaukee","8":"product_cat-macchinari","9":"product_cat-altri-dispositivi","10":"product_tag-import-milwau","11":"sws-conto-ricavi-merci-rivendita-macchinari-de","12":"sws-gruppo-iva-iva81-de","14":"first","15":"onbackorder","16":"sale","17":"shipping-taxable","18":"purchasable","19":"product-type-simple"},"_links":{"self":[{"href":"https:\/\/lucacastelli.com\/de\/wp-json\/wp\/v2\/product\/830972","targetHints":{"allow":["GET"]}}],"collection":[{"href":"https:\/\/lucacastelli.com\/de\/wp-json\/wp\/v2\/product"}],"about":[{"href":"https:\/\/lucacastelli.com\/de\/wp-json\/wp\/v2\/types\/product"}],"wp:featuredmedia":[{"embeddable":true,"href":"https:\/\/lucacastelli.com\/de\/wp-json\/wp\/v2\/media\/572476"}],"wp:attachment":[{"href":"https:\/\/lucacastelli.com\/de\/wp-json\/wp\/v2\/media?parent=830972"}],"wp:term":[{"taxonomy":"product_brand","embeddable":true,"href":"https:\/\/lucacastelli.com\/de\/wp-json\/wp\/v2\/product_brand?post=830972"},{"taxonomy":"product_cat","embeddable":true,"href":"https:\/\/lucacastelli.com\/de\/wp-json\/wp\/v2\/product_cat?post=830972"},{"taxonomy":"product_tag","embeddable":true,"href":"https:\/\/lucacastelli.com\/de\/wp-json\/wp\/v2\/product_tag?post=830972"}],"curies":[{"name":"wp","href":"https:\/\/api.w.org\/{rel}","templated":true}]}}