{"id":830969,"date":"2025-08-08T12:06:45","date_gmt":"2025-08-08T10:06:45","guid":{"rendered":"https:\/\/lucacastelli.com\/prodotto\/milwaukee-hydraulischer-kabelschneider-m18-force-logic-5\/"},"modified":"2025-08-08T12:06:45","modified_gmt":"2025-08-08T10:06:45","slug":"milwaukee-hydraulischer-kabelschneider-m18-force-logic-5","status":"publish","type":"product","link":"https:\/\/lucacastelli.com\/de\/produkt\/milwaukee-hydraulischer-kabelschneider-m18-force-logic-5\/","title":{"rendered":"MILWAUKEE Hydraulischer Kabelschneider M18\u2122 FORCE LOGIC\u2122"},"content":{"rendered":"<p>M18 ONEHCC-0C SWA SET\/BRANCHEN-SET<br \/>\nDer FORCE LOGIC\u2122 hydraulische Kabelschneider schneidet elektrische Kabel in weniger als 3 Sekunden mit einer Kraft von 53 kN;Der von Milwaukee\u00ae entwickelte b\u00fcrstenlose POWERSTATE\u2122-Motor bietet mehr Leistung, l\u00e4ngere Laufzeit und eine h\u00f6here Lebensdauer;Optimale Balance f\u00fcr Einhandbedienung;Ein einziges Werkzeug bietet L\u00f6sungen zum Schneiden von ACSR-Kabeln, Kupfer- und Aluminiumkabeln sowie Stahlseilen;Der einfache Backenwechsel erm\u00f6glicht dem Anwender das Umr\u00fcsten f\u00fcr eine neue Anwendung in weniger als 15 Sekunden;Das In-Line-Design und die kompakte Backe mit einem um 350\u00b0 drehbaren Kopf erm\u00f6glichen bequeme Schnitte auch an engen Stellen;Das ONE-KEY\u2122 Tracking &amp; Security System bietet einen kostenlosen cloudbasierten Bestandsverwaltungs- und Tracking-Service sowie Fernsperrfunktionen und Anwendungsberichte;Der b\u00fcrstenlose Motor, die REDLINK PLUS\u2122-Elektronik und der REDLITHIUM\u2122-Akkupack bieten \u00fcberlegene Leistung und Haltbarkeit;Kompatibel mit allen M18\u2122 MILWAUKEE\u00ae Akkus<\/p>\n<p>4933464306<br \/>\n4058546222512<\/p>\n","protected":false},"excerpt":{"rendered":"<p>M18 ONEHCC-0C SWA SET\/BRANCHEN-SET<\/p>\n","protected":false},"featured_media":573294,"template":"","meta":{"_seopress_robots_primary_cat":"","_seopress_titles_title":"","_seopress_titles_desc":"","_seopress_robots_index":""},"product_brand":[3407],"product_cat":[5531,29,514],"product_tag":[3270],"class_list":{"0":"post-830969","1":"product","2":"type-product","3":"status-publish","4":"has-post-thumbnail","6":"product_brand-milwaukee","7":"product_cat-vari-macchinari-milwaukee","8":"product_cat-macchinari","9":"product_cat-altri-dispositivi","10":"product_tag-import-milwau","11":"sws-conto-ricavi-merci-rivendita-macchinari-de","12":"sws-gruppo-iva-iva81-de","14":"first","15":"onbackorder","16":"sale","17":"shipping-taxable","18":"purchasable","19":"product-type-simple"},"_links":{"self":[{"href":"https:\/\/lucacastelli.com\/de\/wp-json\/wp\/v2\/product\/830969","targetHints":{"allow":["GET"]}}],"collection":[{"href":"https:\/\/lucacastelli.com\/de\/wp-json\/wp\/v2\/product"}],"about":[{"href":"https:\/\/lucacastelli.com\/de\/wp-json\/wp\/v2\/types\/product"}],"wp:featuredmedia":[{"embeddable":true,"href":"https:\/\/lucacastelli.com\/de\/wp-json\/wp\/v2\/media\/573294"}],"wp:attachment":[{"href":"https:\/\/lucacastelli.com\/de\/wp-json\/wp\/v2\/media?parent=830969"}],"wp:term":[{"taxonomy":"product_brand","embeddable":true,"href":"https:\/\/lucacastelli.com\/de\/wp-json\/wp\/v2\/product_brand?post=830969"},{"taxonomy":"product_cat","embeddable":true,"href":"https:\/\/lucacastelli.com\/de\/wp-json\/wp\/v2\/product_cat?post=830969"},{"taxonomy":"product_tag","embeddable":true,"href":"https:\/\/lucacastelli.com\/de\/wp-json\/wp\/v2\/product_tag?post=830969"}],"curies":[{"name":"wp","href":"https:\/\/api.w.org\/{rel}","templated":true}]}}