{"id":830961,"date":"2025-08-08T17:36:43","date_gmt":"2025-08-08T15:36:43","guid":{"rendered":"https:\/\/lucacastelli.com\/prodotto\/milwaukee-m18-akku-multidirektions-led-leuchtmast-mit-stativ-2-800-lumen\/"},"modified":"2025-08-08T17:36:43","modified_gmt":"2025-08-08T15:36:43","slug":"milwaukee-m18-akku-multidirektions-led-leuchtmast-mit-stativ-2-800-lumen","status":"publish","type":"product","link":"https:\/\/lucacastelli.com\/de\/produkt\/milwaukee-m18-akku-multidirektions-led-leuchtmast-mit-stativ-2-800-lumen\/","title":{"rendered":"MILWAUKEE M18\u2122 Akku-Multidirektions-LED-Leuchtmast mit Stativ, 2.800 Lumen"},"content":{"rendered":"<p>M18 SAL2-0 \/ BELEUCHTUNG<br \/>\nTRUEVIEW\u2122 Hocheffiziente Beleuchtungsl\u00f6sung; 12 Hochleistungs-LEDs liefern bis zu 2.800 Lumen; Sto\u00dffester Strahlerkopf mit Polycarbonatscheibe, vertikal um 230\u00b0 und horizontal um 240\u00b0 schwenkbar; Schutz f\u00fcr Kopf und Linse beim Zusammenklappen f\u00fcr Lagerung oder Transport; Ausziehbar von 1,10 m bis 2,20 m; Schutzklasse IP54 gegen Staub und Spritzwasser; Geringe Standfl\u00e4che mit tiefem Schwerpunkt und verst\u00e4rkten Nylon-Standf\u00fc\u00dfen zum Schutz vor St\u00f6\u00dfen und widrigen Baustellenbedingungen; Zwei Tragegriffe f\u00fcr einfachen einh\u00e4ndigen Transport dank ausgewogenem Gewicht im geschlossenen Zustand; Akkuladestandsanzeige \u2013 blinkt, wenn der Akku fast leer ist; Kompatibel mit allen MILWAUKEE\u00ae M18\u2122 Akkus<\/p>\n<p>4933492486<br \/>\n4058546418533<\/p>\n","protected":false},"excerpt":{"rendered":"<p>M18 SAL2-0 \/ BELEUCHTUNG<\/p>\n","protected":false},"featured_media":583737,"template":"","meta":{"_seopress_robots_primary_cat":"","_seopress_titles_title":"","_seopress_titles_desc":"","_seopress_robots_index":""},"product_brand":[3407],"product_cat":[5531,29,514],"product_tag":[3270],"class_list":{"0":"post-830961","1":"product","2":"type-product","3":"status-publish","4":"has-post-thumbnail","6":"product_brand-milwaukee","7":"product_cat-vari-macchinari-milwaukee","8":"product_cat-macchinari","9":"product_cat-altri-dispositivi","10":"product_tag-import-milwau","11":"sws-conto-ricavi-merci-rivendita-macchinari-de","12":"sws-gruppo-iva-iva81-de","14":"first","15":"onbackorder","16":"sale","17":"shipping-taxable","18":"purchasable","19":"product-type-simple"},"_links":{"self":[{"href":"https:\/\/lucacastelli.com\/de\/wp-json\/wp\/v2\/product\/830961","targetHints":{"allow":["GET"]}}],"collection":[{"href":"https:\/\/lucacastelli.com\/de\/wp-json\/wp\/v2\/product"}],"about":[{"href":"https:\/\/lucacastelli.com\/de\/wp-json\/wp\/v2\/types\/product"}],"wp:featuredmedia":[{"embeddable":true,"href":"https:\/\/lucacastelli.com\/de\/wp-json\/wp\/v2\/media\/583737"}],"wp:attachment":[{"href":"https:\/\/lucacastelli.com\/de\/wp-json\/wp\/v2\/media?parent=830961"}],"wp:term":[{"taxonomy":"product_brand","embeddable":true,"href":"https:\/\/lucacastelli.com\/de\/wp-json\/wp\/v2\/product_brand?post=830961"},{"taxonomy":"product_cat","embeddable":true,"href":"https:\/\/lucacastelli.com\/de\/wp-json\/wp\/v2\/product_cat?post=830961"},{"taxonomy":"product_tag","embeddable":true,"href":"https:\/\/lucacastelli.com\/de\/wp-json\/wp\/v2\/product_tag?post=830961"}],"curies":[{"name":"wp","href":"https:\/\/api.w.org\/{rel}","templated":true}]}}