{"id":830959,"date":"2025-08-08T17:36:49","date_gmt":"2025-08-08T15:36:49","guid":{"rendered":"https:\/\/lucacastelli.com\/prodotto\/milwaukee-kompakter-lichtmast-mx-fuel-packout-akku-netzbetrieb\/"},"modified":"2025-08-08T17:36:49","modified_gmt":"2025-08-08T15:36:49","slug":"milwaukee-kompakter-lichtmast-mx-fuel-packout-akku-netzbetrieb","status":"publish","type":"product","link":"https:\/\/lucacastelli.com\/de\/produkt\/milwaukee-kompakter-lichtmast-mx-fuel-packout-akku-netzbetrieb\/","title":{"rendered":"MILWAUKEE Kompakter Lichtmast MX FUEL\u2122 PACKOUT\u2122 Akku\/Netzbetrieb"},"content":{"rendered":"<p>MXF TLIC-0\/KOMPAKTER LICHTMAST PACKOUT<br \/>\nTRUEVIEW\u2122 Beleuchtung mit bis zu 15.000 Lumen im Akku- und Netzbetrieb;Der Leuchtenkopf ist in mehrere Richtungen schwenkbar;Gewicht von nur 17 kg (ohne Akku), dank der zwei grossen R\u00e4der leicht auf unebenem Gel\u00e4nde transportierbar;PACKOUT\u2122 Kompatibilit\u00e4t: Kann f\u00fcr den einfachen Transport auf einen PACKOUT\u2122 Trolley oder Koffer gestapelt werden;Aufbauzeit von ca. 7 Sekunden dank des manuell bis auf 2,4 m ausziehbaren Mastes;Zwei St\u00fctzausleger sorgen f\u00fcr Stabilit\u00e4t w\u00e4hrend des Betriebs;Das ONE-KEY\u2122 Tracking &amp; Security System bietet eine kostenlose cloudbasierte Bestandsverwaltungs- und Ortungsplattform sowie Fernsperrfunktionen und Leistungsanpassung des Werkzeugs;Schutzklasse IP56;Auch im Netzbetrieb verwendbar;Gefertigt mit extrem widerstandsf\u00e4higen Polycarbonat-Linsen f\u00fcr eine l\u00e4ngere Lebensdauer<\/p>\n<p>4933498075<br \/>\n4058546512354<\/p>\n","protected":false},"excerpt":{"rendered":"<p>MXF TLIC-0\/KOMPAKTER LICHTMAST PACKOUT<\/p>\n","protected":false},"featured_media":587019,"template":"","meta":{"_seopress_robots_primary_cat":"","_seopress_titles_title":"","_seopress_titles_desc":"","_seopress_robots_index":""},"product_brand":[3407],"product_cat":[5531,29,514],"product_tag":[3270],"class_list":{"0":"post-830959","1":"product","2":"type-product","3":"status-publish","4":"has-post-thumbnail","6":"product_brand-milwaukee","7":"product_cat-vari-macchinari-milwaukee","8":"product_cat-macchinari","9":"product_cat-altri-dispositivi","10":"product_tag-import-milwau","11":"sws-conto-ricavi-merci-rivendita-macchinari-de","12":"sws-gruppo-iva-iva81-de","14":"first","15":"onbackorder","16":"sale","17":"shipping-taxable","18":"purchasable","19":"product-type-simple"},"_links":{"self":[{"href":"https:\/\/lucacastelli.com\/de\/wp-json\/wp\/v2\/product\/830959","targetHints":{"allow":["GET"]}}],"collection":[{"href":"https:\/\/lucacastelli.com\/de\/wp-json\/wp\/v2\/product"}],"about":[{"href":"https:\/\/lucacastelli.com\/de\/wp-json\/wp\/v2\/types\/product"}],"wp:featuredmedia":[{"embeddable":true,"href":"https:\/\/lucacastelli.com\/de\/wp-json\/wp\/v2\/media\/587019"}],"wp:attachment":[{"href":"https:\/\/lucacastelli.com\/de\/wp-json\/wp\/v2\/media?parent=830959"}],"wp:term":[{"taxonomy":"product_brand","embeddable":true,"href":"https:\/\/lucacastelli.com\/de\/wp-json\/wp\/v2\/product_brand?post=830959"},{"taxonomy":"product_cat","embeddable":true,"href":"https:\/\/lucacastelli.com\/de\/wp-json\/wp\/v2\/product_cat?post=830959"},{"taxonomy":"product_tag","embeddable":true,"href":"https:\/\/lucacastelli.com\/de\/wp-json\/wp\/v2\/product_tag?post=830959"}],"curies":[{"name":"wp","href":"https:\/\/api.w.org\/{rel}","templated":true}]}}