{"id":830956,"date":"2025-08-08T12:06:39","date_gmt":"2025-08-08T10:06:39","guid":{"rendered":"https:\/\/lucacastelli.com\/prodotto\/milwaukee-hydraulischer-kabelschneider-m18-force-logic-4\/"},"modified":"2025-08-08T12:06:39","modified_gmt":"2025-08-08T10:06:39","slug":"milwaukee-hydraulischer-kabelschneider-m18-force-logic-4","status":"publish","type":"product","link":"https:\/\/lucacastelli.com\/de\/produkt\/milwaukee-hydraulischer-kabelschneider-m18-force-logic-4\/","title":{"rendered":"MILWAUKEE Hydraulischer Kabelschneider M18\u2122 FORCE LOGIC\u2122"},"content":{"rendered":"<p>M18 ONEHCC-201C CU\/AL-SET\/UT SETTOR<br \/>\nHydraulischer Kabelschneider FORCE LOGIC\u2122 schneidet Elektrokabel in weniger als 3 Sekunden mit 53 kN Kraft; Der b\u00fcrstenlose POWERSTATE\u2122-Motor von Milwaukee\u00ae liefert mehr Leistung, l\u00e4ngere Laufzeit und h\u00f6here Lebensdauer; Hervorragende Balance f\u00fcr einh\u00e4ndige Anwendung; Ein einzelnes Werkzeug bietet L\u00f6sungen zum Schneiden von ACSR-Elektrokabeln, Kupfer- und Aluminiumkabeln sowie Stahlseilen; Die einfache Handhabung der Backen erm\u00f6glicht dem Anwender eine Umr\u00fcstung f\u00fcr eine neue Anwendung in weniger als 15 Sekunden; Das kompakte Design und die kompakte Backe mit 350\u00b0-Kopfdrehung erm\u00f6glichen komfortable Schnitte auch in engen R\u00e4umen; Das ONE-KEY\u2122 Tracking &amp; Security System bietet kostenlos einen cloudbasierten Tracking- und Inventarverwaltungsservice mit Fernverriegelungsfunktion und Anwendungsberichten; Der b\u00fcrstenlose Motor, die REDLINK PLUS\u2122-Elektronik und der REDLITHIUM\u2122-Akku bieten \u00fcberlegene Leistung und Haltbarkeit; Funktioniert mit allen M18\u2122 MILWAUKEE\u00ae-Akkus<\/p>\n<p>4933464301<br \/>\n4058546222468<\/p>\n","protected":false},"excerpt":{"rendered":"<p>M18 ONEHCC-201C CU\/AL-SET\/UT SETTOR<\/p>\n","protected":false},"featured_media":573294,"template":"","meta":{"_seopress_robots_primary_cat":"","_seopress_titles_title":"","_seopress_titles_desc":"","_seopress_robots_index":""},"product_brand":[3407],"product_cat":[5531,29,514],"product_tag":[3270],"class_list":{"0":"post-830956","1":"product","2":"type-product","3":"status-publish","4":"has-post-thumbnail","6":"product_brand-milwaukee","7":"product_cat-vari-macchinari-milwaukee","8":"product_cat-macchinari","9":"product_cat-altri-dispositivi","10":"product_tag-import-milwau","11":"sws-conto-ricavi-merci-rivendita-macchinari-de","12":"sws-gruppo-iva-iva81-de","14":"first","15":"onbackorder","16":"sale","17":"shipping-taxable","18":"purchasable","19":"product-type-simple"},"_links":{"self":[{"href":"https:\/\/lucacastelli.com\/de\/wp-json\/wp\/v2\/product\/830956","targetHints":{"allow":["GET"]}}],"collection":[{"href":"https:\/\/lucacastelli.com\/de\/wp-json\/wp\/v2\/product"}],"about":[{"href":"https:\/\/lucacastelli.com\/de\/wp-json\/wp\/v2\/types\/product"}],"wp:featuredmedia":[{"embeddable":true,"href":"https:\/\/lucacastelli.com\/de\/wp-json\/wp\/v2\/media\/573294"}],"wp:attachment":[{"href":"https:\/\/lucacastelli.com\/de\/wp-json\/wp\/v2\/media?parent=830956"}],"wp:term":[{"taxonomy":"product_brand","embeddable":true,"href":"https:\/\/lucacastelli.com\/de\/wp-json\/wp\/v2\/product_brand?post=830956"},{"taxonomy":"product_cat","embeddable":true,"href":"https:\/\/lucacastelli.com\/de\/wp-json\/wp\/v2\/product_cat?post=830956"},{"taxonomy":"product_tag","embeddable":true,"href":"https:\/\/lucacastelli.com\/de\/wp-json\/wp\/v2\/product_tag?post=830956"}],"curies":[{"name":"wp","href":"https:\/\/api.w.org\/{rel}","templated":true}]}}