{"id":830953,"date":"2025-08-08T13:48:58","date_gmt":"2025-08-08T11:48:58","guid":{"rendered":"https:\/\/lucacastelli.com\/prodotto\/milwaukee-m18-brushless-sds-plus-kombihammer-26-mm\/"},"modified":"2025-08-08T13:48:58","modified_gmt":"2025-08-08T11:48:58","slug":"milwaukee-m18-brushless-sds-plus-kombihammer-26-mm","status":"publish","type":"product","link":"https:\/\/lucacastelli.com\/de\/produkt\/milwaukee-m18-brushless-sds-plus-kombihammer-26-mm\/","title":{"rendered":"MILWAUKEE M18\u2122 Brushless SDS-Plus Kombihammer 26 mm"},"content":{"rendered":"<p>M18 BLHACD26-0X \/ D-GRIFF KOMBIHAMMER<br \/>\nD-Griff mit leichtem und ergonomischem Design f\u00fcr maximalen Anwenderkomfort;Das kraftvolle Schlagwerk und der b\u00fcrstenlose Motor liefern 2,6 J Schlagenergie;4 Betriebsmodi: Bohrh\u00e4mmern, Mei\u00dfeln, Bohren und Variolock f\u00fcr optimale Mei\u00dfelpositionierung;Anti-Vibrations-System (AVS) f\u00fcr geringere Erm\u00fcdung des Anwenders und weniger Vibrationsbelastung;Metallgetriebegeh\u00e4use f\u00fcr maximale Robustheit;Optimierte Elektronik f\u00fcr maximale Laufzeit;Ladestandsanzeige der Batterie;Der b\u00fcrstenlose Motor, die REDLINK PLUS\u2122 Elektronik und der REDLITHIUM\u2122 Akku bieten \u00fcberlegene Leistung und Lebensdauer;Kompatibel mit allen MILWAUKEE\u00ae M18\u2122 Akkus<\/p>\n<p>4933492482<br \/>\n4058546418496<\/p>\n","protected":false},"excerpt":{"rendered":"<p>M18 BLHACD26-0X \/ D-GRIFF KOMBIHAMMER<\/p>\n","protected":false},"featured_media":583704,"template":"","meta":{"_seopress_robots_primary_cat":"","_seopress_titles_title":"","_seopress_titles_desc":"","_seopress_robots_index":""},"product_brand":[3407],"product_cat":[29,514,549],"product_tag":[3270],"class_list":{"0":"post-830953","1":"product","2":"type-product","3":"status-publish","4":"has-post-thumbnail","6":"product_brand-milwaukee","7":"product_cat-macchinari","8":"product_cat-altri-dispositivi","9":"product_cat-trapani-e-avvitatori","10":"product_tag-import-milwau","11":"sws-conto-ricavi-merci-rivendita-macchinari-de","12":"sws-gruppo-iva-iva81-de","14":"first","15":"onbackorder","16":"sale","17":"shipping-taxable","18":"purchasable","19":"product-type-simple"},"_links":{"self":[{"href":"https:\/\/lucacastelli.com\/de\/wp-json\/wp\/v2\/product\/830953","targetHints":{"allow":["GET"]}}],"collection":[{"href":"https:\/\/lucacastelli.com\/de\/wp-json\/wp\/v2\/product"}],"about":[{"href":"https:\/\/lucacastelli.com\/de\/wp-json\/wp\/v2\/types\/product"}],"wp:featuredmedia":[{"embeddable":true,"href":"https:\/\/lucacastelli.com\/de\/wp-json\/wp\/v2\/media\/583704"}],"wp:attachment":[{"href":"https:\/\/lucacastelli.com\/de\/wp-json\/wp\/v2\/media?parent=830953"}],"wp:term":[{"taxonomy":"product_brand","embeddable":true,"href":"https:\/\/lucacastelli.com\/de\/wp-json\/wp\/v2\/product_brand?post=830953"},{"taxonomy":"product_cat","embeddable":true,"href":"https:\/\/lucacastelli.com\/de\/wp-json\/wp\/v2\/product_cat?post=830953"},{"taxonomy":"product_tag","embeddable":true,"href":"https:\/\/lucacastelli.com\/de\/wp-json\/wp\/v2\/product_tag?post=830953"}],"curies":[{"name":"wp","href":"https:\/\/api.w.org\/{rel}","templated":true}]}}