{"id":830952,"date":"2025-08-08T13:48:59","date_gmt":"2025-08-08T11:48:59","guid":{"rendered":"https:\/\/lucacastelli.com\/prodotto\/milwaukee-bohrhammer-sds-plus-26-mm-inline-m18-brushless\/"},"modified":"2025-08-08T13:48:59","modified_gmt":"2025-08-08T11:48:59","slug":"milwaukee-bohrhammer-sds-plus-26-mm-inline-m18-brushless","status":"publish","type":"product","link":"https:\/\/lucacastelli.com\/de\/produkt\/milwaukee-bohrhammer-sds-plus-26-mm-inline-m18-brushless\/","title":{"rendered":"MILWAUKEE Bohrhammer SDS-Plus 26 mm inline M18\u2122 Brushless"},"content":{"rendered":"<p>M18 BLHACD26-402X \/BOHRH\u00c4MMER MIT D-GRIFF<br \/>\nD-Griff mit leichtem und ergonomischem Design f\u00fcr maximalen Benutzerkomfort; Der leistungsstarke Mechanismus und der b\u00fcrstenlose Motor liefern eine Schlagkraft von 2,6 J; 4 Betriebsarten: Hammerbohren, Mei\u00dfeln, Bohren und Leerlaufstellung zur Mei\u00dfelausrichtung; Anti-Vibrationssystem (AVS) f\u00fcr reduzierte Benutzererm\u00fcdung und geringere Vibrationsbelastung; Metallgetriebegeh\u00e4use f\u00fcr maximale Widerstandsf\u00e4higkeit; Optimierte Elektronik f\u00fcr maximale Laufzeit; Akkuladezustandsanzeige; Der Brushless-Motor, die REDLINK PLUS\u2122-Elektronik und der REDLITHIUM\u2122-Akku bieten \u00fcberlegene Leistung und Haltbarkeit; Funktioniert mit allen M18\u2122 MILWAUKEE\u00ae-Akkus; Kompatibel mit M12 UDEL-Absaugger\u00e4t; Gesamtl\u00e4nge 378 mm<\/p>\n<p>4933492480<br \/>\n4058546418472<\/p>\n","protected":false},"excerpt":{"rendered":"<p>M18 BLHACD26-402X \/BOHRH\u00c4MMER MIT D-GRIFF<\/p>\n","protected":false},"featured_media":583639,"template":"","meta":{"_seopress_robots_primary_cat":"","_seopress_titles_title":"","_seopress_titles_desc":"","_seopress_robots_index":""},"product_brand":[3407],"product_cat":[29,514,549],"product_tag":[3270],"class_list":{"0":"post-830952","1":"product","2":"type-product","3":"status-publish","4":"has-post-thumbnail","6":"product_brand-milwaukee","7":"product_cat-macchinari","8":"product_cat-altri-dispositivi","9":"product_cat-trapani-e-avvitatori","10":"product_tag-import-milwau","11":"sws-conto-ricavi-merci-rivendita-macchinari-de","12":"sws-gruppo-iva-iva81-de","14":"first","15":"onbackorder","16":"sale","17":"shipping-taxable","18":"purchasable","19":"product-type-simple"},"_links":{"self":[{"href":"https:\/\/lucacastelli.com\/de\/wp-json\/wp\/v2\/product\/830952","targetHints":{"allow":["GET"]}}],"collection":[{"href":"https:\/\/lucacastelli.com\/de\/wp-json\/wp\/v2\/product"}],"about":[{"href":"https:\/\/lucacastelli.com\/de\/wp-json\/wp\/v2\/types\/product"}],"wp:featuredmedia":[{"embeddable":true,"href":"https:\/\/lucacastelli.com\/de\/wp-json\/wp\/v2\/media\/583639"}],"wp:attachment":[{"href":"https:\/\/lucacastelli.com\/de\/wp-json\/wp\/v2\/media?parent=830952"}],"wp:term":[{"taxonomy":"product_brand","embeddable":true,"href":"https:\/\/lucacastelli.com\/de\/wp-json\/wp\/v2\/product_brand?post=830952"},{"taxonomy":"product_cat","embeddable":true,"href":"https:\/\/lucacastelli.com\/de\/wp-json\/wp\/v2\/product_cat?post=830952"},{"taxonomy":"product_tag","embeddable":true,"href":"https:\/\/lucacastelli.com\/de\/wp-json\/wp\/v2\/product_tag?post=830952"}],"curies":[{"name":"wp","href":"https:\/\/api.w.org\/{rel}","templated":true}]}}