{"id":830948,"date":"2025-08-08T17:36:53","date_gmt":"2025-08-08T15:36:53","guid":{"rendered":"https:\/\/lucacastelli.com\/prodotto\/milwaukee-usb-aufladbare-taschenlampe-fuer-kabelzieher\/"},"modified":"2025-08-08T17:36:53","modified_gmt":"2025-08-08T15:36:53","slug":"milwaukee-usb-aufladbare-taschenlampe-fuer-kabelzieher","status":"publish","type":"product","link":"https:\/\/lucacastelli.com\/de\/produkt\/milwaukee-usb-aufladbare-taschenlampe-fuer-kabelzieher\/","title":{"rendered":"MILWAUKEE USB-aufladbare Taschenlampe f\u00fcr Kabelzieher"},"content":{"rendered":"<p>L4 HSL-301 \/BELEUCHTUNG<br \/>\nTaschenlampe zum Anbringen an Kabelziehern, um elektrische Kabel aus n\u00e4chster N\u00e4he zu beleuchten; Zwei separate LED-Leuchten liefern 350 Lumen hochintensive Beleuchtung; Dank verschiedener Helligkeitseinstellungen kann die Lampe mit einer Akkuladung bis zu 10 Stunden leuchten; Die Taschenlampe f\u00fcr Kabelzieher ist f\u00fcr h\u00e4rteste Bedingungen gebaut und verf\u00fcgt \u00fcber ein Aluminiumgeh\u00e4use sowie eine IP54-Schutzklasse f\u00fcr Wasser- und Staubbest\u00e4ndigkeit; Die USB-aufladbare Taschenlampe f\u00fcr Kabelzieher wird vom 3,0-Ah-USB-Akku betrieben, der eine ganzt\u00e4gige Laufzeit gew\u00e4hrleistet; Der MILWAUKEE\u00ae USB-Akku kann in der Taschenlampe \u00fcber USB-C aufgeladen oder gegen andere Milwaukee\u00ae USB-Akkus ausgetauscht werden, um Ausfallzeiten zu vermeiden<\/p>\n<p>4933493968<br \/>\n4058546511289<\/p>\n","protected":false},"excerpt":{"rendered":"<p>L4 HSL-301 \/BELEUCHTUNG<\/p>\n","protected":false},"featured_media":586724,"template":"","meta":{"_seopress_robots_primary_cat":"","_seopress_titles_title":"","_seopress_titles_desc":"","_seopress_robots_index":""},"product_brand":[3407],"product_cat":[5531,29,514],"product_tag":[3270],"class_list":{"0":"post-830948","1":"product","2":"type-product","3":"status-publish","4":"has-post-thumbnail","6":"product_brand-milwaukee","7":"product_cat-vari-macchinari-milwaukee","8":"product_cat-macchinari","9":"product_cat-altri-dispositivi","10":"product_tag-import-milwau","11":"sws-conto-ricavi-merci-rivendita-macchinari-de","12":"sws-gruppo-iva-iva81-de","14":"first","15":"onbackorder","16":"sale","17":"shipping-taxable","18":"purchasable","19":"product-type-simple"},"_links":{"self":[{"href":"https:\/\/lucacastelli.com\/de\/wp-json\/wp\/v2\/product\/830948","targetHints":{"allow":["GET"]}}],"collection":[{"href":"https:\/\/lucacastelli.com\/de\/wp-json\/wp\/v2\/product"}],"about":[{"href":"https:\/\/lucacastelli.com\/de\/wp-json\/wp\/v2\/types\/product"}],"wp:featuredmedia":[{"embeddable":true,"href":"https:\/\/lucacastelli.com\/de\/wp-json\/wp\/v2\/media\/586724"}],"wp:attachment":[{"href":"https:\/\/lucacastelli.com\/de\/wp-json\/wp\/v2\/media?parent=830948"}],"wp:term":[{"taxonomy":"product_brand","embeddable":true,"href":"https:\/\/lucacastelli.com\/de\/wp-json\/wp\/v2\/product_brand?post=830948"},{"taxonomy":"product_cat","embeddable":true,"href":"https:\/\/lucacastelli.com\/de\/wp-json\/wp\/v2\/product_cat?post=830948"},{"taxonomy":"product_tag","embeddable":true,"href":"https:\/\/lucacastelli.com\/de\/wp-json\/wp\/v2\/product_tag?post=830948"}],"curies":[{"name":"wp","href":"https:\/\/api.w.org\/{rel}","templated":true}]}}