{"id":830946,"date":"2025-08-08T12:06:40","date_gmt":"2025-08-08T10:06:40","guid":{"rendered":"https:\/\/lucacastelli.com\/prodotto\/milwaukee-hydraulischer-kabelschneider-m18-force-logic-3\/"},"modified":"2025-08-08T12:06:40","modified_gmt":"2025-08-08T10:06:40","slug":"milwaukee-hydraulischer-kabelschneider-m18-force-logic-3","status":"publish","type":"product","link":"https:\/\/lucacastelli.com\/de\/produkt\/milwaukee-hydraulischer-kabelschneider-m18-force-logic-3\/","title":{"rendered":"MILWAUKEE Hydraulischer Kabelschneider M18\u2122 FORCE LOGIC\u2122"},"content":{"rendered":"<p>M18 HCC45-522C\/UT DI SETTORE<br \/>\nFORCE LOGIC\u2122 zum Schneiden von ACSR\/ACSS-Kabeln in weniger als 9 Sekunden mit 77,8 kN Kraft; Das zum Patent angemeldete Backenkonstruktion erm\u00f6glicht das \u00d6ffnen mit nur zwei Fingern, verbessert die Ausrichtung und gew\u00e4hrleistet gleichzeitig die einfachste Bedienung mit Handschuhen der Klasse 3; Automatisches Schlie\u00dfen der Backe, sobald das Kabel eingef\u00fchrt wird, ohne dass ein manuelles Schlie\u00dfen erforderlich ist; Schneidet ACSR- und ACSS-\u00dcbertragungskabel bis 44 mm; Der 340\u00b0-Drehkopf, angetrieben von einer 77,8 kN Hydraulikpumpe, erm\u00f6glicht schnellere Schnitte von \u00dcbertragungskabeln und gew\u00e4hrleistet h\u00f6here Produktivit\u00e4t; Das ONE-KEY\u2122 Tracking &amp; Security System bietet kostenlos einen cloudbasierten Tracking- und Bestandsverwaltungsservice mit Fernverriegelungsfunktion und Anwendungsberichten; Der b\u00fcrstenlose Motor, REDLINK PLUS\u2122-Elektronik und REDLITHIUM\u2122-Akkupack bieten \u00fcberlegene Leistung und Haltbarkeit; Funktioniert mit allen M18\u2122 MILWAUKEE\u00ae-Akkus<\/p>\n<p>4933459266<br \/>\n4058546002329<\/p>\n","protected":false},"excerpt":{"rendered":"<p>M18 HCC45-522C\/UT DI SETTORE<\/p>\n","protected":false},"featured_media":572093,"template":"","meta":{"_seopress_robots_primary_cat":"","_seopress_titles_title":"","_seopress_titles_desc":"","_seopress_robots_index":""},"product_brand":[3656],"product_cat":[1454,169,5534],"product_tag":[3272],"class_list":{"0":"post-830946","1":"product","2":"type-product","3":"status-publish","4":"has-post-thumbnail","6":"product_brand-milwaukee-de","7":"product_cat-andere-gerate","8":"product_cat-maschinen","9":"product_cat-verschiedene-maschinen-von-milwaukee","10":"product_tag-import-milwau-de","11":"sws-conto-ricavi-merci-rivendita-macchinari-de","12":"sws-gruppo-iva-iva81-de","14":"first","15":"onbackorder","16":"sale","17":"shipping-taxable","18":"purchasable","19":"product-type-simple"},"_links":{"self":[{"href":"https:\/\/lucacastelli.com\/de\/wp-json\/wp\/v2\/product\/830946","targetHints":{"allow":["GET"]}}],"collection":[{"href":"https:\/\/lucacastelli.com\/de\/wp-json\/wp\/v2\/product"}],"about":[{"href":"https:\/\/lucacastelli.com\/de\/wp-json\/wp\/v2\/types\/product"}],"wp:featuredmedia":[{"embeddable":true,"href":"https:\/\/lucacastelli.com\/de\/wp-json\/wp\/v2\/media\/572093"}],"wp:attachment":[{"href":"https:\/\/lucacastelli.com\/de\/wp-json\/wp\/v2\/media?parent=830946"}],"wp:term":[{"taxonomy":"product_brand","embeddable":true,"href":"https:\/\/lucacastelli.com\/de\/wp-json\/wp\/v2\/product_brand?post=830946"},{"taxonomy":"product_cat","embeddable":true,"href":"https:\/\/lucacastelli.com\/de\/wp-json\/wp\/v2\/product_cat?post=830946"},{"taxonomy":"product_tag","embeddable":true,"href":"https:\/\/lucacastelli.com\/de\/wp-json\/wp\/v2\/product_tag?post=830946"}],"curies":[{"name":"wp","href":"https:\/\/api.w.org\/{rel}","templated":true}]}}