{"id":830939,"date":"2025-08-08T13:48:55","date_gmt":"2025-08-08T11:48:55","guid":{"rendered":"https:\/\/lucacastelli.com\/prodotto\/milwaukee-ueberkopf-bohrhammer-mit-integrierter-absaugung-16-mm-m18-fuel\/"},"modified":"2025-08-08T13:48:55","modified_gmt":"2025-08-08T11:48:55","slug":"milwaukee-ueberkopf-bohrhammer-mit-integrierter-absaugung-16-mm-m18-fuel","status":"publish","type":"product","link":"https:\/\/lucacastelli.com\/de\/produkt\/milwaukee-ueberkopf-bohrhammer-mit-integrierter-absaugung-16-mm-m18-fuel\/","title":{"rendered":"MILWAUKEE \u00dcberkopf-Bohrhammer mit integrierter Absaugung 16 mm M18 FUEL\u2122"},"content":{"rendered":"<p>M18FHAFOH16-302X AKKU-BOHRHAMMER<br \/>\nDer erste Bohrhammer mit integrierter Absaugung; HEPA-Filter mit einer Staubabscheideeffizienz von 99,97 % (Partikel kleiner als 0,3 Mikrometer); Das AUTOSTOP\u2122-System schaltet das Werkzeug bei abrupten Bewegungen automatisch ab, um den Anwender zu sch\u00fctzen; Optimiert f\u00fcr \u00dcberkopfbohrungen; Direkt im Werkzeug integrierter automatischer Filterreinigungsmechanismus AUTOPULSE\u2122, erh\u00f6ht die Luftzirkulation und die Lebensdauer des Filters; Anti-Vibrations-System (AVS) zur Minimierung der Erm\u00fcdung des Anwenders und der Vibrationsbelastung. Zudem mit Anti-Vibrations-Seitenhandgriff ausgestattet; Der transparente Staubbeh\u00e4lter erm\u00f6glicht es dem Anwender, den aktuellen Staubstand im Inneren zu sehen und zu erkennen, wann der Beh\u00e4lter voll ist; Das ONE-KEY\u2122 Tracking &amp; Security System bietet einen kostenlosen cloudbasierten Bestandsverwaltungs- und Ortungsdienst sowie eine Fernsperrfunktion; Die FUEL\u2122-Technologie definiert Akku-Elektrowerkzeuge neu. Der b\u00fcrstenlose Motor, die REDLINK PLUS\u2122-Elektronik und der REDLITHIUM\u2122-Akkupack bieten \u00fcberlegene Leistung und Standzeit; Der flexible Staubschutz erh\u00f6ht den Komfort und die Effizienz des Anwenders, insbesondere beim Bohren in der H\u00f6he zwischen Rohren und in engen R\u00e4umen; Kompatibel mit allen MILWAUKEE\u00ae M18\u2122 Akkus  <\/p>\n<p>4933493533<br \/>\n4058546484040<\/p>\n","protected":false},"excerpt":{"rendered":"<p>M18FHAFOH16-302X AKKU-BOHRHAMMER<\/p>\n","protected":false},"featured_media":586105,"template":"","meta":{"_seopress_robots_primary_cat":"","_seopress_titles_title":"","_seopress_titles_desc":"","_seopress_robots_index":""},"product_brand":[3407],"product_cat":[29,514,549],"product_tag":[3270],"class_list":{"0":"post-830939","1":"product","2":"type-product","3":"status-publish","4":"has-post-thumbnail","6":"product_brand-milwaukee","7":"product_cat-macchinari","8":"product_cat-altri-dispositivi","9":"product_cat-trapani-e-avvitatori","10":"product_tag-import-milwau","11":"sws-conto-ricavi-merci-rivendita-macchinari-de","12":"sws-gruppo-iva-iva81-de","14":"first","15":"onbackorder","16":"sale","17":"shipping-taxable","18":"purchasable","19":"product-type-simple"},"_links":{"self":[{"href":"https:\/\/lucacastelli.com\/de\/wp-json\/wp\/v2\/product\/830939","targetHints":{"allow":["GET"]}}],"collection":[{"href":"https:\/\/lucacastelli.com\/de\/wp-json\/wp\/v2\/product"}],"about":[{"href":"https:\/\/lucacastelli.com\/de\/wp-json\/wp\/v2\/types\/product"}],"wp:featuredmedia":[{"embeddable":true,"href":"https:\/\/lucacastelli.com\/de\/wp-json\/wp\/v2\/media\/586105"}],"wp:attachment":[{"href":"https:\/\/lucacastelli.com\/de\/wp-json\/wp\/v2\/media?parent=830939"}],"wp:term":[{"taxonomy":"product_brand","embeddable":true,"href":"https:\/\/lucacastelli.com\/de\/wp-json\/wp\/v2\/product_brand?post=830939"},{"taxonomy":"product_cat","embeddable":true,"href":"https:\/\/lucacastelli.com\/de\/wp-json\/wp\/v2\/product_cat?post=830939"},{"taxonomy":"product_tag","embeddable":true,"href":"https:\/\/lucacastelli.com\/de\/wp-json\/wp\/v2\/product_tag?post=830939"}],"curies":[{"name":"wp","href":"https:\/\/api.w.org\/{rel}","templated":true}]}}