{"id":830934,"date":"2025-08-08T17:36:44","date_gmt":"2025-08-08T15:36:44","guid":{"rendered":"https:\/\/lucacastelli.com\/prodotto\/milwaukee-multidirektionaler-led-leuchtturm-mit-stativ-m18-2-800-lumen\/"},"modified":"2025-08-08T17:36:44","modified_gmt":"2025-08-08T15:36:44","slug":"milwaukee-multidirektionaler-led-leuchtturm-mit-stativ-m18-2-800-lumen","status":"publish","type":"product","link":"https:\/\/lucacastelli.com\/de\/produkt\/milwaukee-multidirektionaler-led-leuchtturm-mit-stativ-m18-2-800-lumen\/","title":{"rendered":"MILWAUKEE Multidirektionaler LED-Leuchtturm mit Stativ M18\u2122 2.800 Lumen"},"content":{"rendered":"<p>M18SAL2-502B BATTERY TORCH LIGHT<br \/>\nTRUEVIEW\u2122 High-Definition-Beleuchtung; 12 Hochleistungs-LEDs mit bis zu 2.800 Lumen; Sto\u00dffester Kopf mit Polycarbonat-Linsen, vertikal um 230\u00b0 und horizontal um 240\u00b0 verstellbar; Schutz f\u00fcr Kopf und Linsen bei geschlossenem Leuchtturm f\u00fcr Lagerung oder Transport; Ausziehbar von 1,10 auf 2,20 m; Schutzklasse IP54 f\u00fcr Schutz vor Wasser und Staub; Kompakte Bauweise mit niedrigem Schwerpunkt und verst\u00e4rkten Nylon-Beinen zum Schutz vor St\u00f6\u00dfen und widrigen Bedingungen auf der Baustelle; Zwei Griffe f\u00fcr einfachen einh\u00e4ndigen Transport dank ausgewogenem Gewicht im geschlossenen Zustand; Batterieladezustandsanzeige &#8211; blinkt bei niedrigem Batteriestand; Funktioniert mit allen M18\u2122 MILWAUKEE\u00ae Akkus<\/p>\n<p>4933492903<br \/>\n4058546477745<\/p>\n","protected":false},"excerpt":{"rendered":"<p>M18SAL2-502B BATTERY TORCH LIGHT<\/p>\n","protected":false},"featured_media":584738,"template":"","meta":{"_seopress_robots_primary_cat":"","_seopress_titles_title":"","_seopress_titles_desc":"","_seopress_robots_index":""},"product_brand":[3407],"product_cat":[5531,29,514],"product_tag":[3270],"class_list":{"0":"post-830934","1":"product","2":"type-product","3":"status-publish","4":"has-post-thumbnail","6":"product_brand-milwaukee","7":"product_cat-vari-macchinari-milwaukee","8":"product_cat-macchinari","9":"product_cat-altri-dispositivi","10":"product_tag-import-milwau","11":"sws-conto-ricavi-merci-rivendita-macchinari-de","12":"sws-gruppo-iva-iva81-de","14":"first","15":"onbackorder","16":"sale","17":"shipping-taxable","18":"purchasable","19":"product-type-simple"},"_links":{"self":[{"href":"https:\/\/lucacastelli.com\/de\/wp-json\/wp\/v2\/product\/830934","targetHints":{"allow":["GET"]}}],"collection":[{"href":"https:\/\/lucacastelli.com\/de\/wp-json\/wp\/v2\/product"}],"about":[{"href":"https:\/\/lucacastelli.com\/de\/wp-json\/wp\/v2\/types\/product"}],"wp:featuredmedia":[{"embeddable":true,"href":"https:\/\/lucacastelli.com\/de\/wp-json\/wp\/v2\/media\/584738"}],"wp:attachment":[{"href":"https:\/\/lucacastelli.com\/de\/wp-json\/wp\/v2\/media?parent=830934"}],"wp:term":[{"taxonomy":"product_brand","embeddable":true,"href":"https:\/\/lucacastelli.com\/de\/wp-json\/wp\/v2\/product_brand?post=830934"},{"taxonomy":"product_cat","embeddable":true,"href":"https:\/\/lucacastelli.com\/de\/wp-json\/wp\/v2\/product_cat?post=830934"},{"taxonomy":"product_tag","embeddable":true,"href":"https:\/\/lucacastelli.com\/de\/wp-json\/wp\/v2\/product_tag?post=830934"}],"curies":[{"name":"wp","href":"https:\/\/api.w.org\/{rel}","templated":true}]}}