{"id":830930,"date":"2025-08-08T12:06:48","date_gmt":"2025-08-08T10:06:48","guid":{"rendered":"https:\/\/lucacastelli.com\/prodotto\/milwaukee-kabelschneider-125-mm-m18-force-logic-mit-fernstart\/"},"modified":"2025-08-08T12:06:48","modified_gmt":"2025-08-08T10:06:48","slug":"milwaukee-kabelschneider-125-mm-m18-force-logic-mit-fernstart","status":"publish","type":"product","link":"https:\/\/lucacastelli.com\/de\/produkt\/milwaukee-kabelschneider-125-mm-m18-force-logic-mit-fernstart\/","title":{"rendered":"MILWAUKEE Kabelschneider 125 mm M18\u2122 FORCE LOGIC\u2122 mit Fernstart"},"content":{"rendered":"<p>Kabelschneider 125 mm M18\u2122 FORCE LOGIC\u2122 mit Fernstart<br \/>\nM18 HSFC125R-802C \/ KABELSCHNEIDER<br \/>\nDer FORCE LOGIC\u2122 Kabelschneider schneidet Aluminium-, Kupfer- und armierte Kabel bis zu 125 mm Durchmesser; Die kabellose Fernbedienung kommuniziert \u00fcber eine Bluetooth\u00ae-Verbindung mit dem Werkzeug, wodurch jede physische Verbindung zum Werkzeug entf\u00e4llt und Leitungstechniker Schnitte aus sicherer Entfernung kabellos durchf\u00fchren k\u00f6nnen; Das gr\u00fcne Licht an der Fernbedienung best\u00e4tigt den erfolgreichen Schnitt; M\u00f6glichkeit, den Kabelschneider per Fernbedienung oder manuell zu bet\u00e4tigen; Der Akku ist durch ein Geh\u00e4use gesch\u00fctzt, das die Maschine IP54-zertifiziert macht, staub- und feuchtigkeitsbest\u00e4ndig; Bis zu 40 Schnitte mit einem 8,0-Ah-Akku; Verstellbarer Seitengriff, Inline-Design und \u00d6se zum Einh\u00e4ngen an Seilen und Haken; Schnellverbindungspunkt am Schneidkopf f\u00fcr schnelle Werkzeugeinstellung; Der um 180 Grad drehbare Kopf erleichtert die Ausrichtung der Maschine mit den zu schneidenden Kabeln; Das ONE-KEY\u2122 Tracking &amp; Security System bietet kostenlos einen cloudbasierten Tracking- und Inventarverwaltungsservice mit Fernverriegelungsfunktion und Anwendungsberichten; Der b\u00fcrstenlose Motor, die REDLINK PLUS\u2122-Elektronik und der REDLITHIUM\u2122-Akku bieten \u00fcberlegene Leistung und Haltbarkeit; Funktioniert mit allen M18\u2122 MILWAUKEE\u00ae Akkus<\/p>\n<p>4933499331<br \/>\n4058546564957<\/p>\n","protected":false},"excerpt":{"rendered":"<p>M18 HSFC125R-802C \/ KABELSCHNEIDER<\/p>\n","protected":false},"featured_media":583630,"template":"","meta":{"_seopress_robots_primary_cat":"","_seopress_titles_title":"","_seopress_titles_desc":"","_seopress_robots_index":""},"product_brand":[3407],"product_cat":[5531,29,514],"product_tag":[3270],"class_list":{"0":"post-830930","1":"product","2":"type-product","3":"status-publish","4":"has-post-thumbnail","6":"product_brand-milwaukee","7":"product_cat-vari-macchinari-milwaukee","8":"product_cat-macchinari","9":"product_cat-altri-dispositivi","10":"product_tag-import-milwau","11":"sws-conto-ricavi-merci-rivendita-macchinari-de","12":"sws-gruppo-iva-iva81-de","14":"first","15":"onbackorder","16":"sale","17":"shipping-taxable","18":"purchasable","19":"product-type-simple"},"_links":{"self":[{"href":"https:\/\/lucacastelli.com\/de\/wp-json\/wp\/v2\/product\/830930","targetHints":{"allow":["GET"]}}],"collection":[{"href":"https:\/\/lucacastelli.com\/de\/wp-json\/wp\/v2\/product"}],"about":[{"href":"https:\/\/lucacastelli.com\/de\/wp-json\/wp\/v2\/types\/product"}],"wp:featuredmedia":[{"embeddable":true,"href":"https:\/\/lucacastelli.com\/de\/wp-json\/wp\/v2\/media\/583630"}],"wp:attachment":[{"href":"https:\/\/lucacastelli.com\/de\/wp-json\/wp\/v2\/media?parent=830930"}],"wp:term":[{"taxonomy":"product_brand","embeddable":true,"href":"https:\/\/lucacastelli.com\/de\/wp-json\/wp\/v2\/product_brand?post=830930"},{"taxonomy":"product_cat","embeddable":true,"href":"https:\/\/lucacastelli.com\/de\/wp-json\/wp\/v2\/product_cat?post=830930"},{"taxonomy":"product_tag","embeddable":true,"href":"https:\/\/lucacastelli.com\/de\/wp-json\/wp\/v2\/product_tag?post=830930"}],"curies":[{"name":"wp","href":"https:\/\/api.w.org\/{rel}","templated":true}]}}