{"id":830923,"date":"2025-08-08T17:36:55","date_gmt":"2025-08-08T15:36:55","guid":{"rendered":"https:\/\/lucacastelli.com\/prodotto\/milwaukee-m18-led-akku-handscheinwerfer\/"},"modified":"2025-08-08T17:36:55","modified_gmt":"2025-08-08T15:36:55","slug":"milwaukee-m18-led-akku-handscheinwerfer","status":"publish","type":"product","link":"https:\/\/lucacastelli.com\/de\/produkt\/milwaukee-m18-led-akku-handscheinwerfer\/","title":{"rendered":"MILWAUKEE M18\u2122 LED-Akku-Handscheinwerfer"},"content":{"rendered":"<p>M18 SLED-0\/BELEUCHTUNG<br \/>\nTRUEVIEW\u2122 hocheffiziente Beleuchtungsl\u00f6sung f\u00fcr eine detailgetreue Farbwiedergabe sowie reduzierte Blendeffekte und Schatten; Der schwenkbare Kopf bietet bis zu 1250 Lumen und eine Reichweite von bis zu 650 m; 4 Leuchtstufen: Punktstrahler, Flutlicht, Punktstrahler\/Flutlicht, Stroboskop; Punktstrahler-Modus f\u00fcr weite Entfernungen: Inspektion von Hochspannungskabeln, Sch\u00e4chten, Tunneln usw.; Flutlicht-Modus zur Ausleuchtung von Arbeitsbereichen; Schutzklasse IP54 (staub- und spritzwassergesch\u00fctzt); Ergonomischer gummierter Griff f\u00fcr mehr Komfort; Aufh\u00e4ngeloch; Systemkompatibel mit allen MILWAUKEE\u00ae M18\u2122 Akkus<\/p>\n<p>4933459159<br \/>\n4002395287147<\/p>\n","protected":false},"excerpt":{"rendered":"<p>M18 SLED-0\/BELEUCHTUNG<\/p>\n","protected":false},"featured_media":571904,"template":"","meta":{"_seopress_robots_primary_cat":"","_seopress_titles_title":"","_seopress_titles_desc":"","_seopress_robots_index":""},"product_brand":[3656],"product_cat":[5534,169,1454],"product_tag":[3272],"class_list":{"0":"post-830923","1":"product","2":"type-product","3":"status-publish","4":"has-post-thumbnail","6":"product_brand-milwaukee-de","7":"product_cat-verschiedene-maschinen-von-milwaukee","8":"product_cat-maschinen","9":"product_cat-andere-gerate","10":"product_tag-import-milwau-de","11":"sws-conto-ricavi-merci-rivendita-macchinari-de","12":"sws-gruppo-iva-iva81-de","14":"first","15":"onbackorder","16":"sale","17":"shipping-taxable","18":"purchasable","19":"product-type-simple"},"_links":{"self":[{"href":"https:\/\/lucacastelli.com\/de\/wp-json\/wp\/v2\/product\/830923","targetHints":{"allow":["GET"]}}],"collection":[{"href":"https:\/\/lucacastelli.com\/de\/wp-json\/wp\/v2\/product"}],"about":[{"href":"https:\/\/lucacastelli.com\/de\/wp-json\/wp\/v2\/types\/product"}],"wp:featuredmedia":[{"embeddable":true,"href":"https:\/\/lucacastelli.com\/de\/wp-json\/wp\/v2\/media\/571904"}],"wp:attachment":[{"href":"https:\/\/lucacastelli.com\/de\/wp-json\/wp\/v2\/media?parent=830923"}],"wp:term":[{"taxonomy":"product_brand","embeddable":true,"href":"https:\/\/lucacastelli.com\/de\/wp-json\/wp\/v2\/product_brand?post=830923"},{"taxonomy":"product_cat","embeddable":true,"href":"https:\/\/lucacastelli.com\/de\/wp-json\/wp\/v2\/product_cat?post=830923"},{"taxonomy":"product_tag","embeddable":true,"href":"https:\/\/lucacastelli.com\/de\/wp-json\/wp\/v2\/product_tag?post=830923"}],"curies":[{"name":"wp","href":"https:\/\/api.w.org\/{rel}","templated":true}]}}