{"id":830921,"date":"2025-08-08T17:36:54","date_gmt":"2025-08-08T15:36:54","guid":{"rendered":"https:\/\/lucacastelli.com\/prodotto\/milwaukee-klappbare-taschenlampe-mit-integriertem-akku\/"},"modified":"2025-08-08T17:36:54","modified_gmt":"2025-08-08T15:36:54","slug":"milwaukee-klappbare-taschenlampe-mit-integriertem-akku","status":"publish","type":"product","link":"https:\/\/lucacastelli.com\/de\/produkt\/milwaukee-klappbare-taschenlampe-mit-integriertem-akku\/","title":{"rendered":"MILWAUKEE Klappbare Taschenlampe mit integriertem Akku"},"content":{"rendered":"<p>IRFFL AKKULEUCHTE<br \/>\nDie hohe Aufl\u00f6sung von 500 Lumen TRUEVIEW\u2122 erzeugt einen gleichm\u00e4\u00dfigen Lichtstrahl, eine optimale Farbtemperatur und garantiert eine originalgetreue Wiedergabe von Farben und Details;3 Modi zur Steuerung der Lichtleistung und Laufzeit;Die Lampe kann mit einem Doppelmagneten befestigt oder mit einem integrierten Karabiner aufgeh\u00e4ngt werden.;Die kompakten Abmessungen erm\u00f6glichen eine einfache Aufbewahrung in der Tasche;Schutzart IP54, die Lampe ist gegen Staub und Spritzwasser gesch\u00fctzt;Sto\u00df- und chemikalienbest\u00e4ndiges Glas f\u00fcr Langlebigkeit auf der Baustelle;Die Sicherheitsfunktion informiert den Benutzer \u00fcber den niedrigen Batteriestand;Bequemes Aufladen des internen MILWAUKEE\u00ae Akkus mit USB-C-Kabel \u00fcber eine USB-Stromquelle oder Steckdose (Netzteil nicht im Lieferumfang enthalten);Geflochtenes USB-C-Kabel f\u00fcr Baustelleneinsatz geeignet, mit Metallenden<\/p>\n<p>4933493528<br \/>\n4058546483999<\/p>\n","protected":false},"excerpt":{"rendered":"<p>IRFFL AKKULEUCHTE<\/p>\n","protected":false},"featured_media":585977,"template":"","meta":{"_seopress_robots_primary_cat":"","_seopress_titles_title":"","_seopress_titles_desc":"","_seopress_robots_index":""},"product_brand":[3407],"product_cat":[5531,29,514],"product_tag":[3270],"class_list":{"0":"post-830921","1":"product","2":"type-product","3":"status-publish","4":"has-post-thumbnail","6":"product_brand-milwaukee","7":"product_cat-vari-macchinari-milwaukee","8":"product_cat-macchinari","9":"product_cat-altri-dispositivi","10":"product_tag-import-milwau","11":"sws-conto-ricavi-merci-rivendita-macchinari-de","12":"sws-gruppo-iva-iva81-de","14":"first","15":"onbackorder","16":"sale","17":"shipping-taxable","18":"purchasable","19":"product-type-simple"},"_links":{"self":[{"href":"https:\/\/lucacastelli.com\/de\/wp-json\/wp\/v2\/product\/830921","targetHints":{"allow":["GET"]}}],"collection":[{"href":"https:\/\/lucacastelli.com\/de\/wp-json\/wp\/v2\/product"}],"about":[{"href":"https:\/\/lucacastelli.com\/de\/wp-json\/wp\/v2\/types\/product"}],"wp:featuredmedia":[{"embeddable":true,"href":"https:\/\/lucacastelli.com\/de\/wp-json\/wp\/v2\/media\/585977"}],"wp:attachment":[{"href":"https:\/\/lucacastelli.com\/de\/wp-json\/wp\/v2\/media?parent=830921"}],"wp:term":[{"taxonomy":"product_brand","embeddable":true,"href":"https:\/\/lucacastelli.com\/de\/wp-json\/wp\/v2\/product_brand?post=830921"},{"taxonomy":"product_cat","embeddable":true,"href":"https:\/\/lucacastelli.com\/de\/wp-json\/wp\/v2\/product_cat?post=830921"},{"taxonomy":"product_tag","embeddable":true,"href":"https:\/\/lucacastelli.com\/de\/wp-json\/wp\/v2\/product_tag?post=830921"}],"curies":[{"name":"wp","href":"https:\/\/api.w.org\/{rel}","templated":true}]}}