{"id":830920,"date":"2025-08-08T17:36:48","date_gmt":"2025-08-08T15:36:48","guid":{"rendered":"https:\/\/lucacastelli.com\/prodotto\/milwaukee-kompakter-leuchtturm-mx-fuel-packout-akku-netz\/"},"modified":"2025-08-08T17:36:48","modified_gmt":"2025-08-08T15:36:48","slug":"milwaukee-kompakter-leuchtturm-mx-fuel-packout-akku-netz","status":"publish","type":"product","link":"https:\/\/lucacastelli.com\/de\/produkt\/milwaukee-kompakter-leuchtturm-mx-fuel-packout-akku-netz\/","title":{"rendered":"MILWAUKEE Kompakter Leuchtturm MX FUEL\u2122 PACKOUT\u2122 Akku\/Netz"},"content":{"rendered":"<p>MXF TLIC-601\/KOMPAKTER LEUCHTTURM PACKOUT<br \/>\nTRUEVIEW\u2122-Beleuchtung mit bis zu 15.000 Lumen sowohl im Akku- als auch im Netzbetrieb; Der Leuchtkopf ist in mehrere Richtungen schwenkbar; Gewicht von nur 17 kg (ohne Akku), dank zwei gro\u00dfen R\u00e4dern leicht auf unebenem Gel\u00e4nde transportierbar; PACKOUT\u2122-Kompatibilit\u00e4t: kann auf einen PACKOUT\u2122-Trolley oder eine PACKOUT\u2122-Box gestapelt werden f\u00fcr einfachen Transport; Aufbauzeit von ca. 7 Sekunden dank manuell ausziehbarem Mast bis zu 2,4 Meter H\u00f6he; Die zwei Stabilisatoren gew\u00e4hrleisten Stabilit\u00e4t w\u00e4hrend der Nutzung des Leuchtturms; Das ONE-KEY\u2122 Tracking &amp; Security System bietet kostenlos einen cloudbasierten Tracking- und Inventarverwaltungsservice mit Fernverriegelungsfunktion und Anpassung der Werkzeugleistung; Schutzklasse IP56; Auch im Netzbetrieb verwendbar; Mit extrem widerstandsf\u00e4higen Polycarbonat-Linsen gebaut, die eine l\u00e4ngere Lebensdauer bieten<\/p>\n<p>4933498072<br \/>\n4058546512323<\/p>\n","protected":false},"excerpt":{"rendered":"<p>MXF TLIC-601\/KOMPAKTER LEUCHTTURM PACKOUT<\/p>\n","protected":false},"featured_media":586986,"template":"","meta":{"_seopress_robots_primary_cat":"","_seopress_titles_title":"","_seopress_titles_desc":"","_seopress_robots_index":""},"product_brand":[3407],"product_cat":[5531,29,514],"product_tag":[3270],"class_list":{"0":"post-830920","1":"product","2":"type-product","3":"status-publish","4":"has-post-thumbnail","6":"product_brand-milwaukee","7":"product_cat-vari-macchinari-milwaukee","8":"product_cat-macchinari","9":"product_cat-altri-dispositivi","10":"product_tag-import-milwau","11":"sws-conto-ricavi-merci-rivendita-macchinari-de","12":"sws-gruppo-iva-iva81-de","14":"first","15":"onbackorder","16":"sale","17":"shipping-taxable","18":"purchasable","19":"product-type-simple"},"_links":{"self":[{"href":"https:\/\/lucacastelli.com\/de\/wp-json\/wp\/v2\/product\/830920","targetHints":{"allow":["GET"]}}],"collection":[{"href":"https:\/\/lucacastelli.com\/de\/wp-json\/wp\/v2\/product"}],"about":[{"href":"https:\/\/lucacastelli.com\/de\/wp-json\/wp\/v2\/types\/product"}],"wp:featuredmedia":[{"embeddable":true,"href":"https:\/\/lucacastelli.com\/de\/wp-json\/wp\/v2\/media\/586986"}],"wp:attachment":[{"href":"https:\/\/lucacastelli.com\/de\/wp-json\/wp\/v2\/media?parent=830920"}],"wp:term":[{"taxonomy":"product_brand","embeddable":true,"href":"https:\/\/lucacastelli.com\/de\/wp-json\/wp\/v2\/product_brand?post=830920"},{"taxonomy":"product_cat","embeddable":true,"href":"https:\/\/lucacastelli.com\/de\/wp-json\/wp\/v2\/product_cat?post=830920"},{"taxonomy":"product_tag","embeddable":true,"href":"https:\/\/lucacastelli.com\/de\/wp-json\/wp\/v2\/product_tag?post=830920"}],"curies":[{"name":"wp","href":"https:\/\/api.w.org\/{rel}","templated":true}]}}