{"id":830918,"date":"2025-08-08T13:48:46","date_gmt":"2025-08-08T11:48:46","guid":{"rendered":"https:\/\/lucacastelli.com\/prodotto\/milwaukee-bohrhammer-5\/"},"modified":"2025-08-08T13:48:46","modified_gmt":"2025-08-08T11:48:46","slug":"milwaukee-bohrhammer-5","status":"publish","type":"product","link":"https:\/\/lucacastelli.com\/de\/produkt\/milwaukee-bohrhammer-5\/","title":{"rendered":"MILWAUKEE Bohrhammer"},"content":{"rendered":"<p>M12 FHAC16-502X \/ SDS-PLUS<br \/>\nKompakter und ausgewogener 12-V-Bohrhammer mit 1,15 J Schlagenergie; 4 Betriebsarten: Hammerbohren, Mei\u00dfeln, Bohren und Leerlaufstellung zur Mei\u00dfelausrichtung; Antivibrationssystem (AVS) zur Reduzierung der Erm\u00fcdung des Benutzers und der Vibrationsbelastung plus vibrationsarmer Seitengriff zur weiteren Reduzierung der Vibrationsbelastung; Bohrkapazit\u00e4t bis 16 mm, optimiert bis 10 mm; Die FUEL\u2122-Technologie definiert akkubetriebene Elektrowerkzeuge neu. Der b\u00fcrstenlose Motor, die REDLINK PLUS\u2122-Elektronik und der REDLITHIUM\u2122-Akkupack bieten \u00fcberlegene Leistung und Haltbarkeit; Funktioniert mit allen M12\u2122 MILWAUKEE\u00ae-Akkus <\/p>\n<p>4933499185<br \/>\n4058546563493<\/p>\n","protected":false},"excerpt":{"rendered":"<p>M12 FHAC16-502X \/ SDS-PLUS<\/p>\n","protected":false},"featured_media":590067,"template":"","meta":{"_seopress_robots_primary_cat":"","_seopress_titles_title":"","_seopress_titles_desc":"","_seopress_robots_index":""},"product_brand":[3407],"product_cat":[29,514,549],"product_tag":[3270],"class_list":{"0":"post-830918","1":"product","2":"type-product","3":"status-publish","4":"has-post-thumbnail","6":"product_brand-milwaukee","7":"product_cat-macchinari","8":"product_cat-altri-dispositivi","9":"product_cat-trapani-e-avvitatori","10":"product_tag-import-milwau","11":"sws-conto-ricavi-merci-rivendita-macchinari-de","12":"sws-gruppo-iva-iva81-de","14":"first","15":"onbackorder","16":"sale","17":"shipping-taxable","18":"purchasable","19":"product-type-simple"},"_links":{"self":[{"href":"https:\/\/lucacastelli.com\/de\/wp-json\/wp\/v2\/product\/830918","targetHints":{"allow":["GET"]}}],"collection":[{"href":"https:\/\/lucacastelli.com\/de\/wp-json\/wp\/v2\/product"}],"about":[{"href":"https:\/\/lucacastelli.com\/de\/wp-json\/wp\/v2\/types\/product"}],"wp:featuredmedia":[{"embeddable":true,"href":"https:\/\/lucacastelli.com\/de\/wp-json\/wp\/v2\/media\/590067"}],"wp:attachment":[{"href":"https:\/\/lucacastelli.com\/de\/wp-json\/wp\/v2\/media?parent=830918"}],"wp:term":[{"taxonomy":"product_brand","embeddable":true,"href":"https:\/\/lucacastelli.com\/de\/wp-json\/wp\/v2\/product_brand?post=830918"},{"taxonomy":"product_cat","embeddable":true,"href":"https:\/\/lucacastelli.com\/de\/wp-json\/wp\/v2\/product_cat?post=830918"},{"taxonomy":"product_tag","embeddable":true,"href":"https:\/\/lucacastelli.com\/de\/wp-json\/wp\/v2\/product_tag?post=830918"}],"curies":[{"name":"wp","href":"https:\/\/api.w.org\/{rel}","templated":true}]}}