{"id":830917,"date":"2025-08-08T13:48:55","date_gmt":"2025-08-08T11:48:55","guid":{"rendered":"https:\/\/lucacastelli.com\/prodotto\/milwaukee-bohrhammer-fuer-deckenbohrungen-mit-integrierter-absaugung-16-mm-m18-fuel\/"},"modified":"2025-08-08T13:48:55","modified_gmt":"2025-08-08T11:48:55","slug":"milwaukee-bohrhammer-fuer-deckenbohrungen-mit-integrierter-absaugung-16-mm-m18-fuel","status":"publish","type":"product","link":"https:\/\/lucacastelli.com\/de\/produkt\/milwaukee-bohrhammer-fuer-deckenbohrungen-mit-integrierter-absaugung-16-mm-m18-fuel\/","title":{"rendered":"MILWAUKEE Bohrhammer f\u00fcr Deckenbohrungen mit integrierter Absaugung 16 mm M18 FUEL\u2122"},"content":{"rendered":"<p>M18FHAFOH16-0X\/SDS-PLUS<br \/>\nDer erste Bohrhammer mit integrierter Absaugung auf dem Markt;HEPA-Filter mit 99,97% Staubsammeleffizienz (Partikel unter 0,3 Mikron);Das AUTOSTOP\u2122-System schaltet das Ger\u00e4t bei abrupten Bewegungen automatisch ab, um den Benutzer zu sch\u00fctzen;Optimiert f\u00fcr Deckenbohrungen;Automatischer Filterreinigungsmechanismus AUTOPULSE\u2122 direkt im Ger\u00e4t integriert, erh\u00f6ht die Luftzirkulation und die Filterlebensdauer;Antivibrationssystem (AVS) zur Minimierung der Benutzererm\u00fcdung und Vibrationsbelastung. Auch mit vibrationsged\u00e4mpftem Seitgriff ausgestattet;Der durchsichtige Staubbeh\u00e4lter erm\u00f6glicht dem Benutzer, den aktuellen Staubf\u00fcllstand zu sehen und zu erkennen, wann der Beh\u00e4lter voll ist;Das ONE-KEY\u2122 Tracking &amp; Security System bietet kostenlos einen cloudbasierten Tracking- und Inventarverwaltungsservice mit Fernverriegelungsfunktion;Die FUEL\u2122-Technologie definiert Akku-Elektrowerkzeuge neu. Der b\u00fcrstenlose Motor, die REDLINK PLUS\u2122-Elektronik und der REDLITHIUM\u2122-Akku bieten \u00fcberlegene Leistung und Langlebigkeit;Die flexible Staubschutzmanschette erh\u00f6ht den Benutzerkomfort und die Effizienz, besonders beim Bohren \u00fcber Kopf zwischen Rohren und in engen R\u00e4umen;Funktioniert mit allen M18\u2122 MILWAUKEE\u00ae Akkus  <\/p>\n<p>4933493532<br \/>\n4058546484033<\/p>\n","protected":false},"excerpt":{"rendered":"<p>M18FHAFOH16-0X\/SDS-PLUS<\/p>\n","protected":false},"featured_media":586056,"template":"","meta":{"_seopress_robots_primary_cat":"","_seopress_titles_title":"","_seopress_titles_desc":"","_seopress_robots_index":""},"product_brand":[3407],"product_cat":[29,514,549],"product_tag":[3270],"class_list":{"0":"post-830917","1":"product","2":"type-product","3":"status-publish","4":"has-post-thumbnail","6":"product_brand-milwaukee","7":"product_cat-macchinari","8":"product_cat-altri-dispositivi","9":"product_cat-trapani-e-avvitatori","10":"product_tag-import-milwau","11":"sws-conto-ricavi-merci-rivendita-macchinari-de","12":"sws-gruppo-iva-iva81-de","14":"first","15":"onbackorder","16":"sale","17":"shipping-taxable","18":"purchasable","19":"product-type-simple"},"_links":{"self":[{"href":"https:\/\/lucacastelli.com\/de\/wp-json\/wp\/v2\/product\/830917","targetHints":{"allow":["GET"]}}],"collection":[{"href":"https:\/\/lucacastelli.com\/de\/wp-json\/wp\/v2\/product"}],"about":[{"href":"https:\/\/lucacastelli.com\/de\/wp-json\/wp\/v2\/types\/product"}],"wp:featuredmedia":[{"embeddable":true,"href":"https:\/\/lucacastelli.com\/de\/wp-json\/wp\/v2\/media\/586056"}],"wp:attachment":[{"href":"https:\/\/lucacastelli.com\/de\/wp-json\/wp\/v2\/media?parent=830917"}],"wp:term":[{"taxonomy":"product_brand","embeddable":true,"href":"https:\/\/lucacastelli.com\/de\/wp-json\/wp\/v2\/product_brand?post=830917"},{"taxonomy":"product_cat","embeddable":true,"href":"https:\/\/lucacastelli.com\/de\/wp-json\/wp\/v2\/product_cat?post=830917"},{"taxonomy":"product_tag","embeddable":true,"href":"https:\/\/lucacastelli.com\/de\/wp-json\/wp\/v2\/product_tag?post=830917"}],"curies":[{"name":"wp","href":"https:\/\/api.w.org\/{rel}","templated":true}]}}