{"id":830915,"date":"2025-08-08T13:48:51","date_gmt":"2025-08-08T11:48:51","guid":{"rendered":"https:\/\/lucacastelli.com\/prodotto\/milwaukee-bohrhammer-4\/"},"modified":"2025-08-08T13:48:51","modified_gmt":"2025-08-08T11:48:51","slug":"milwaukee-bohrhammer-4","status":"publish","type":"product","link":"https:\/\/lucacastelli.com\/de\/produkt\/milwaukee-bohrhammer-4\/","title":{"rendered":"MILWAUKEE Bohrhammer"},"content":{"rendered":"<p>M18FHAC16-0X AKKU-BOHRHAMMER<br \/>\nLeistungsstark in kompakter Form: 1,7 J Schlagenergie; Unerm\u00fcdlich: bis zu 58 Bohrungen Durchmesser 10 x 50 mm mit 1 M18\u2122 HIGH OUTPUT\u2122 3,0-Ah-Akku (M18 HB3); AUTOSTOP\u2122-System schaltet das Ger\u00e4t zum Schutz des Benutzers bei pl\u00f6tzlichen Drehbewegungen ab; 4 Betriebsarten: Hammerbohren, Mei\u00dfeln, Bohren und Leerlaufstellung zur Mei\u00dfelausrichtung; Kompatibel mit M18 FDDEC-Absaugeinheit; Antivibrationssystem (AVS) zur Reduzierung der Erm\u00fcdung und Vibrationsbelastung des Benutzers. Zus\u00e4tzlicher Seitgriff zur weiteren Vibrationsreduzierung; Die FUEL\u2122-Technologie definiert Akku-Elektrowerkzeuge neu. Der b\u00fcrstenlose Motor, die REDLINK PLUS\u2122-Elektronik und der REDLITHIUM\u2122-Akku bieten \u00fcberlegene Leistung und Langlebigkeit; Funktioniert mit allen M18\u2122 MILWAUKEE\u00ae-Akkus  <\/p>\n<p>4933498583<br \/>\n4058546524524<\/p>\n","protected":false},"excerpt":{"rendered":"<p>M18FHAC16-0X AKKU-BOHRHAMMER<\/p>\n","protected":false},"featured_media":589122,"template":"","meta":{"_seopress_robots_primary_cat":"","_seopress_titles_title":"","_seopress_titles_desc":"","_seopress_robots_index":""},"product_brand":[3407],"product_cat":[29,514,549],"product_tag":[3270],"class_list":{"0":"post-830915","1":"product","2":"type-product","3":"status-publish","4":"has-post-thumbnail","6":"product_brand-milwaukee","7":"product_cat-macchinari","8":"product_cat-altri-dispositivi","9":"product_cat-trapani-e-avvitatori","10":"product_tag-import-milwau","11":"sws-conto-ricavi-merci-rivendita-macchinari-de","12":"sws-gruppo-iva-iva81-de","14":"first","15":"onbackorder","16":"sale","17":"shipping-taxable","18":"purchasable","19":"product-type-simple"},"_links":{"self":[{"href":"https:\/\/lucacastelli.com\/de\/wp-json\/wp\/v2\/product\/830915","targetHints":{"allow":["GET"]}}],"collection":[{"href":"https:\/\/lucacastelli.com\/de\/wp-json\/wp\/v2\/product"}],"about":[{"href":"https:\/\/lucacastelli.com\/de\/wp-json\/wp\/v2\/types\/product"}],"wp:featuredmedia":[{"embeddable":true,"href":"https:\/\/lucacastelli.com\/de\/wp-json\/wp\/v2\/media\/589122"}],"wp:attachment":[{"href":"https:\/\/lucacastelli.com\/de\/wp-json\/wp\/v2\/media?parent=830915"}],"wp:term":[{"taxonomy":"product_brand","embeddable":true,"href":"https:\/\/lucacastelli.com\/de\/wp-json\/wp\/v2\/product_brand?post=830915"},{"taxonomy":"product_cat","embeddable":true,"href":"https:\/\/lucacastelli.com\/de\/wp-json\/wp\/v2\/product_cat?post=830915"},{"taxonomy":"product_tag","embeddable":true,"href":"https:\/\/lucacastelli.com\/de\/wp-json\/wp\/v2\/product_tag?post=830915"}],"curies":[{"name":"wp","href":"https:\/\/api.w.org\/{rel}","templated":true}]}}