{"id":830914,"date":"2025-08-08T13:48:38","date_gmt":"2025-08-08T11:48:38","guid":{"rendered":"https:\/\/lucacastelli.com\/prodotto\/milwaukee-sds-plus-kombihammer-mit-drei-modi-und-bohrkapazitaet-bis-32-mm\/"},"modified":"2025-08-08T13:48:38","modified_gmt":"2025-08-08T11:48:38","slug":"milwaukee-sds-plus-kombihammer-mit-drei-modi-und-bohrkapazitaet-bis-32-mm","status":"publish","type":"product","link":"https:\/\/lucacastelli.com\/de\/produkt\/milwaukee-sds-plus-kombihammer-mit-drei-modi-und-bohrkapazitaet-bis-32-mm\/","title":{"rendered":"MILWAUKEE SDS-plus Kombihammer mit drei Modi und Bohrkapazit\u00e4t bis 32 mm"},"content":{"rendered":"<p>PLH 32 XE\/KOMBIH\u00c4MMER<br \/>\nLeistungsstarker und vielseitiger Hammer mit exzellenter Bohrleistung in Beton dank Motor und Getriebe mit hohem Drehmoment, Schlagenergie 3,8 J; Kraftvoller 900-W-Motor; Elektronikschalter mit variabler Drehzahl f\u00fcr bessere Kontrolle beim Mei\u00dfeln; Gute Balance und einfache Handhabung durch L-Bauform mit Anti-Vibrations-System und Softgrip-Handgriff; FIXTEC\u2122 f\u00fcr einfachen Zubeh\u00f6rwechsel; Robustes Magnesium-Getriebegeh\u00e4use f\u00fcr optimale Lagerung der Zahnr\u00e4der und l\u00e4ngere Lebensdauer; Die Sicherheitskupplung sch\u00fctzt Maschine und Anwender; Drehstopp und Vario-Lock f\u00fcr maximale Kontrolle bei leichten Mei\u00dfelarbeiten; 4 m Kabel<\/p>\n<p>4933400069<br \/>\n4002395233342<\/p>\n","protected":false},"excerpt":{"rendered":"<p>PLH 32 XE\/KOMBIH\u00c4MMER<\/p>\n","protected":false},"featured_media":568711,"template":"","meta":{"_seopress_robots_primary_cat":"","_seopress_titles_title":"","_seopress_titles_desc":"","_seopress_robots_index":""},"product_brand":[3407],"product_cat":[29,514,549],"product_tag":[3270],"class_list":{"0":"post-830914","1":"product","2":"type-product","3":"status-publish","4":"has-post-thumbnail","6":"product_brand-milwaukee","7":"product_cat-macchinari","8":"product_cat-altri-dispositivi","9":"product_cat-trapani-e-avvitatori","10":"product_tag-import-milwau","11":"sws-conto-ricavi-merci-rivendita-macchinari-de","12":"sws-gruppo-iva-iva81-de","14":"first","15":"onbackorder","16":"sale","17":"shipping-taxable","18":"purchasable","19":"product-type-simple"},"_links":{"self":[{"href":"https:\/\/lucacastelli.com\/de\/wp-json\/wp\/v2\/product\/830914","targetHints":{"allow":["GET"]}}],"collection":[{"href":"https:\/\/lucacastelli.com\/de\/wp-json\/wp\/v2\/product"}],"about":[{"href":"https:\/\/lucacastelli.com\/de\/wp-json\/wp\/v2\/types\/product"}],"wp:featuredmedia":[{"embeddable":true,"href":"https:\/\/lucacastelli.com\/de\/wp-json\/wp\/v2\/media\/568711"}],"wp:attachment":[{"href":"https:\/\/lucacastelli.com\/de\/wp-json\/wp\/v2\/media?parent=830914"}],"wp:term":[{"taxonomy":"product_brand","embeddable":true,"href":"https:\/\/lucacastelli.com\/de\/wp-json\/wp\/v2\/product_brand?post=830914"},{"taxonomy":"product_cat","embeddable":true,"href":"https:\/\/lucacastelli.com\/de\/wp-json\/wp\/v2\/product_cat?post=830914"},{"taxonomy":"product_tag","embeddable":true,"href":"https:\/\/lucacastelli.com\/de\/wp-json\/wp\/v2\/product_tag?post=830914"}],"curies":[{"name":"wp","href":"https:\/\/api.w.org\/{rel}","templated":true}]}}