{"id":830911,"date":"2025-08-08T13:48:48","date_gmt":"2025-08-08T11:48:48","guid":{"rendered":"https:\/\/lucacastelli.com\/prodotto\/milwaukee-bohrhammer-3\/"},"modified":"2025-08-08T13:48:48","modified_gmt":"2025-08-08T11:48:48","slug":"milwaukee-bohrhammer-3","status":"publish","type":"product","link":"https:\/\/lucacastelli.com\/de\/produkt\/milwaukee-bohrhammer-3\/","title":{"rendered":"MILWAUKEE Bohrhammer"},"content":{"rendered":"<p>M12 FHAC16-0 \/ SDS-PLUS<br \/>\nKompakter und ausbalancierter 12-V-Bohrhammer mit 1,15 J Schlagenergie; 4 Betriebsmodi: Bohrhammer, Mei\u00dfeln, Bohren und Variolock f\u00fcr die Mei\u00dfelpositionierung; Anti-Vibrations-System (AVS) zur Reduzierung der Erm\u00fcdung des Benutzers und der Vibrationsbelastung sowie ein Anti-Vibrations-Seitenhandgriff zur weiteren Reduzierung der Vibrationsbelastung; Bohrkapazit\u00e4t bis zu 16 mm, optimiert bis zu 10 mm; Die FUEL\u2122-Technologie definiert Akku-Elektrowerkzeuge neu. Der b\u00fcrstenlose Motor, die REDLINK PLUS\u2122-Elektronik und der REDLITHIUM\u2122-Akkupack bieten \u00fcberlegene Leistung und Lebensdauer; Kompatibel mit allen MILWAUKEE\u00ae M12\u2122-Akkus <\/p>\n<p>4933499183<br \/>\n4058546563479<\/p>\n","protected":false},"excerpt":{"rendered":"<p>M12 FHAC16-0 \/ SDS-PLUS<\/p>\n","protected":false},"featured_media":590000,"template":"","meta":{"_seopress_robots_primary_cat":"none","_seopress_titles_title":"","_seopress_titles_desc":"","_seopress_robots_index":""},"product_brand":[3407],"product_cat":[29,514,549],"product_tag":[3270],"class_list":{"0":"post-830911","1":"product","2":"type-product","3":"status-publish","4":"has-post-thumbnail","6":"product_brand-milwaukee","7":"product_cat-macchinari","8":"product_cat-altri-dispositivi","9":"product_cat-trapani-e-avvitatori","10":"product_tag-import-milwau","11":"sws-conto-ricavi-merci-rivendita-macchinari-de","12":"sws-gruppo-iva-iva81-de","14":"first","15":"instock","16":"sale","17":"shipping-taxable","18":"purchasable","19":"product-type-simple"},"_links":{"self":[{"href":"https:\/\/lucacastelli.com\/de\/wp-json\/wp\/v2\/product\/830911","targetHints":{"allow":["GET"]}}],"collection":[{"href":"https:\/\/lucacastelli.com\/de\/wp-json\/wp\/v2\/product"}],"about":[{"href":"https:\/\/lucacastelli.com\/de\/wp-json\/wp\/v2\/types\/product"}],"wp:featuredmedia":[{"embeddable":true,"href":"https:\/\/lucacastelli.com\/de\/wp-json\/wp\/v2\/media\/590000"}],"wp:attachment":[{"href":"https:\/\/lucacastelli.com\/de\/wp-json\/wp\/v2\/media?parent=830911"}],"wp:term":[{"taxonomy":"product_brand","embeddable":true,"href":"https:\/\/lucacastelli.com\/de\/wp-json\/wp\/v2\/product_brand?post=830911"},{"taxonomy":"product_cat","embeddable":true,"href":"https:\/\/lucacastelli.com\/de\/wp-json\/wp\/v2\/product_cat?post=830911"},{"taxonomy":"product_tag","embeddable":true,"href":"https:\/\/lucacastelli.com\/de\/wp-json\/wp\/v2\/product_tag?post=830911"}],"curies":[{"name":"wp","href":"https:\/\/api.w.org\/{rel}","templated":true}]}}