{"id":830910,"date":"2025-08-08T12:06:58","date_gmt":"2025-08-08T10:06:58","guid":{"rendered":"https:\/\/lucacastelli.com\/prodotto\/milwaukee-trommel-fuer-teilspiralen-16-mm\/"},"modified":"2025-08-08T12:06:58","modified_gmt":"2025-08-08T10:06:58","slug":"milwaukee-trommel-fuer-teilspiralen-16-mm","status":"publish","type":"product","link":"https:\/\/lucacastelli.com\/de\/produkt\/milwaukee-trommel-fuer-teilspiralen-16-mm\/","title":{"rendered":"MILWAUKEE Trommel f\u00fcr Teilspiralen 16 mm"},"content":{"rendered":"<p>SPIRALENTROMMEL 16 MM<br \/>\nVollst\u00e4ndig geschlossene Milwaukee\u00ae Spiralentrommeln: f\u00fcr einfacheren Transport und besseren Schmutzr\u00fcckhalt; Kompatibel mit MILWAUKEE\u00ae Teilspiralen oder den g\u00e4ngigsten L\u00f6sungen auf dem Markt\u00fc<\/p>\n<p>4932478412<br \/>\n4058546346034<\/p>\n","protected":false},"excerpt":{"rendered":"<p>SPIRALENTROMMEL 16 MM<\/p>\n","protected":false},"featured_media":537582,"template":"","meta":{"_seopress_robots_primary_cat":"","_seopress_titles_title":"","_seopress_titles_desc":"","_seopress_robots_index":""},"product_brand":[3407],"product_cat":[5531,29,514],"product_tag":[3270],"class_list":{"0":"post-830910","1":"product","2":"type-product","3":"status-publish","4":"has-post-thumbnail","6":"product_brand-milwaukee","7":"product_cat-vari-macchinari-milwaukee","8":"product_cat-macchinari","9":"product_cat-altri-dispositivi","10":"product_tag-import-milwau","11":"sws-conto-ricavi-merci-rivendita-macchinari-de","12":"sws-gruppo-iva-iva81-de","14":"first","15":"onbackorder","16":"sale","17":"shipping-taxable","18":"purchasable","19":"product-type-simple"},"_links":{"self":[{"href":"https:\/\/lucacastelli.com\/de\/wp-json\/wp\/v2\/product\/830910","targetHints":{"allow":["GET"]}}],"collection":[{"href":"https:\/\/lucacastelli.com\/de\/wp-json\/wp\/v2\/product"}],"about":[{"href":"https:\/\/lucacastelli.com\/de\/wp-json\/wp\/v2\/types\/product"}],"wp:featuredmedia":[{"embeddable":true,"href":"https:\/\/lucacastelli.com\/de\/wp-json\/wp\/v2\/media\/537582"}],"wp:attachment":[{"href":"https:\/\/lucacastelli.com\/de\/wp-json\/wp\/v2\/media?parent=830910"}],"wp:term":[{"taxonomy":"product_brand","embeddable":true,"href":"https:\/\/lucacastelli.com\/de\/wp-json\/wp\/v2\/product_brand?post=830910"},{"taxonomy":"product_cat","embeddable":true,"href":"https:\/\/lucacastelli.com\/de\/wp-json\/wp\/v2\/product_cat?post=830910"},{"taxonomy":"product_tag","embeddable":true,"href":"https:\/\/lucacastelli.com\/de\/wp-json\/wp\/v2\/product_tag?post=830910"}],"curies":[{"name":"wp","href":"https:\/\/api.w.org\/{rel}","templated":true}]}}