{"id":830899,"date":"2025-08-08T17:37:47","date_gmt":"2025-08-08T15:37:47","guid":{"rendered":"https:\/\/lucacastelli.com\/prodotto\/milwaukee-fuehrungsschlauch-switch-pack\/"},"modified":"2025-08-08T17:37:47","modified_gmt":"2025-08-08T15:37:47","slug":"milwaukee-fuehrungsschlauch-switch-pack","status":"publish","type":"product","link":"https:\/\/lucacastelli.com\/de\/produkt\/milwaukee-fuehrungsschlauch-switch-pack\/","title":{"rendered":"MILWAUKEE F\u00fchrungsschlauch SWITCH PACK\u2122"},"content":{"rendered":"<p>F\u00dcHRUNGSSCHLAUCH f\u00fcr M18\u2122 FFSDC<br \/>\nF\u00fchrungsschlauch 65 cm f\u00fcr M18\u2122 FFSDC mit automatischem Vorschubsystem;Erm\u00f6glicht dem Anwender das vollst\u00e4ndige Zur\u00fcckziehen der Spirale und das Einf\u00fchren des Kabels in den Abfluss f\u00fcr maximalen Schutz und bessere Schmutzeind\u00e4mmung<\/p>\n<p>4932471994<br \/>\n4058546298937<\/p>\n","protected":false},"excerpt":{"rendered":"<p>F\u00dcHRUNGSSCHLAUCH f\u00fcr M18\u2122 FFSDC<\/p>\n","protected":false},"featured_media":538763,"template":"","meta":{"_seopress_robots_primary_cat":"","_seopress_titles_title":"","_seopress_titles_desc":"","_seopress_robots_index":""},"product_brand":[3407],"product_cat":[5531,29,514],"product_tag":[3270],"class_list":{"0":"post-830899","1":"product","2":"type-product","3":"status-publish","4":"has-post-thumbnail","6":"product_brand-milwaukee","7":"product_cat-vari-macchinari-milwaukee","8":"product_cat-macchinari","9":"product_cat-altri-dispositivi","10":"product_tag-import-milwau","11":"sws-conto-ricavi-merci-rivendita-macchinari-de","12":"sws-gruppo-iva-iva81-de","14":"first","15":"onbackorder","16":"sale","17":"shipping-taxable","18":"purchasable","19":"product-type-simple"},"_links":{"self":[{"href":"https:\/\/lucacastelli.com\/de\/wp-json\/wp\/v2\/product\/830899","targetHints":{"allow":["GET"]}}],"collection":[{"href":"https:\/\/lucacastelli.com\/de\/wp-json\/wp\/v2\/product"}],"about":[{"href":"https:\/\/lucacastelli.com\/de\/wp-json\/wp\/v2\/types\/product"}],"wp:featuredmedia":[{"embeddable":true,"href":"https:\/\/lucacastelli.com\/de\/wp-json\/wp\/v2\/media\/538763"}],"wp:attachment":[{"href":"https:\/\/lucacastelli.com\/de\/wp-json\/wp\/v2\/media?parent=830899"}],"wp:term":[{"taxonomy":"product_brand","embeddable":true,"href":"https:\/\/lucacastelli.com\/de\/wp-json\/wp\/v2\/product_brand?post=830899"},{"taxonomy":"product_cat","embeddable":true,"href":"https:\/\/lucacastelli.com\/de\/wp-json\/wp\/v2\/product_cat?post=830899"},{"taxonomy":"product_tag","embeddable":true,"href":"https:\/\/lucacastelli.com\/de\/wp-json\/wp\/v2\/product_tag?post=830899"}],"curies":[{"name":"wp","href":"https:\/\/api.w.org\/{rel}","templated":true}]}}