{"id":830898,"date":"2025-08-08T17:37:46","date_gmt":"2025-08-08T15:37:46","guid":{"rendered":"https:\/\/lucacastelli.com\/prodotto\/milwaukee-fuehrungsschlauch-4-m-fuer-m18-fssm\/"},"modified":"2025-08-08T17:37:46","modified_gmt":"2025-08-08T15:37:46","slug":"milwaukee-fuehrungsschlauch-4-m-fuer-m18-fssm","status":"publish","type":"product","link":"https:\/\/lucacastelli.com\/de\/produkt\/milwaukee-fuehrungsschlauch-4-m-fuer-m18-fssm\/","title":{"rendered":"MILWAUKEE F\u00fchrungsschlauch 4 m f\u00fcr M18 FSSM"},"content":{"rendered":"<p>F\u00dcHRUNGSSCHLAUCH F\u00dcR SPIRALEN F\u00dcR M18FSSM<br \/>\nHinterer F\u00fchrungsschlauch f\u00fcr Rohrreinigungsmaschine M18 FSSM<\/p>\n<p>4932471720<br \/>\n4058546296193<\/p>\n","protected":false},"excerpt":{"rendered":"<p>F\u00dcHRUNGSSCHLAUCH F\u00dcR SPIRALEN F\u00dcR M18FSSM<\/p>\n","protected":false},"featured_media":537587,"template":"","meta":{"_seopress_robots_primary_cat":"","_seopress_titles_title":"","_seopress_titles_desc":"","_seopress_robots_index":""},"product_brand":[3407],"product_cat":[5531,29,514],"product_tag":[3270],"class_list":{"0":"post-830898","1":"product","2":"type-product","3":"status-publish","4":"has-post-thumbnail","6":"product_brand-milwaukee","7":"product_cat-vari-macchinari-milwaukee","8":"product_cat-macchinari","9":"product_cat-altri-dispositivi","10":"product_tag-import-milwau","11":"sws-conto-ricavi-merci-rivendita-macchinari-de","12":"sws-gruppo-iva-iva81-de","14":"first","15":"onbackorder","16":"sale","17":"shipping-taxable","18":"purchasable","19":"product-type-simple"},"_links":{"self":[{"href":"https:\/\/lucacastelli.com\/de\/wp-json\/wp\/v2\/product\/830898","targetHints":{"allow":["GET"]}}],"collection":[{"href":"https:\/\/lucacastelli.com\/de\/wp-json\/wp\/v2\/product"}],"about":[{"href":"https:\/\/lucacastelli.com\/de\/wp-json\/wp\/v2\/types\/product"}],"wp:featuredmedia":[{"embeddable":true,"href":"https:\/\/lucacastelli.com\/de\/wp-json\/wp\/v2\/media\/537587"}],"wp:attachment":[{"href":"https:\/\/lucacastelli.com\/de\/wp-json\/wp\/v2\/media?parent=830898"}],"wp:term":[{"taxonomy":"product_brand","embeddable":true,"href":"https:\/\/lucacastelli.com\/de\/wp-json\/wp\/v2\/product_brand?post=830898"},{"taxonomy":"product_cat","embeddable":true,"href":"https:\/\/lucacastelli.com\/de\/wp-json\/wp\/v2\/product_cat?post=830898"},{"taxonomy":"product_tag","embeddable":true,"href":"https:\/\/lucacastelli.com\/de\/wp-json\/wp\/v2\/product_tag?post=830898"}],"curies":[{"name":"wp","href":"https:\/\/api.w.org\/{rel}","templated":true}]}}