{"id":830888,"date":"2025-08-08T17:37:54","date_gmt":"2025-08-08T15:37:54","guid":{"rendered":"https:\/\/lucacastelli.com\/prodotto\/milwaukee-m18-fuel-akku-multitool\/"},"modified":"2025-08-08T17:37:54","modified_gmt":"2025-08-08T15:37:54","slug":"milwaukee-m18-fuel-akku-multitool","status":"publish","type":"product","link":"https:\/\/lucacastelli.com\/de\/produkt\/milwaukee-m18-fuel-akku-multitool\/","title":{"rendered":"MILWAUKEE M18 FUEL\u2122 Akku-Multitool"},"content":{"rendered":"<p>M18FMT-0 MULTITOOL<br \/>\nB\u00fcrstenloser POWERSTATE\u2122 Motor, Oszillationswinkel von 2,1\u00b0 (links\/rechts) und 10.000\u201320.000 min\u207b\u00b9 f\u00fcr eine der h\u00f6chsten Schnittgeschwindigkeiten auf dem Markt; Ideale und vielseitige L\u00f6sung f\u00fcr Trenn- und Abtraganwendungen; 10 Geschwindigkeitsstufen zur einfachen Anpassung an die jeweilige Anwendung; FIXTEC\u2122-Schnellwechselsystem f\u00fcr werkzeuglosen Zubeh\u00f6rwechsel, inklusive Universaladapter f\u00fcr Kompatibilit\u00e4t mit dem g\u00e4ngigsten Zubeh\u00f6r auf dem Markt; 180\u00b0-LED-Beleuchtung des Arbeitsbereichs; Die FUEL\u2122-Technologie definiert Akku-Elektrowerkzeuge neu. Der b\u00fcrstenlose Motor, die REDLINK PLUS\u2122-Elektronik und der REDLITHIUM\u2122-Akku bieten \u00fcberlegene Leistung und Standzeit <\/p>\n<p>4933498065<br \/>\n4058546512255<\/p>\n","protected":false},"excerpt":{"rendered":"<p>M18FMT-0 MULTITOOL<\/p>\n","protected":false},"featured_media":441658,"template":"","meta":{"_seopress_robots_primary_cat":"","_seopress_titles_title":"","_seopress_titles_desc":"","_seopress_robots_index":""},"product_brand":[3407],"product_cat":[5531,29,514],"product_tag":[3270],"class_list":{"0":"post-830888","1":"product","2":"type-product","3":"status-publish","4":"has-post-thumbnail","6":"product_brand-milwaukee","7":"product_cat-vari-macchinari-milwaukee","8":"product_cat-macchinari","9":"product_cat-altri-dispositivi","10":"product_tag-import-milwau","11":"sws-conto-ricavi-merci-rivendita-macchinari-de","12":"sws-gruppo-iva-iva81-de","14":"first","15":"onbackorder","16":"sale","17":"shipping-taxable","18":"purchasable","19":"product-type-simple"},"_links":{"self":[{"href":"https:\/\/lucacastelli.com\/de\/wp-json\/wp\/v2\/product\/830888","targetHints":{"allow":["GET"]}}],"collection":[{"href":"https:\/\/lucacastelli.com\/de\/wp-json\/wp\/v2\/product"}],"about":[{"href":"https:\/\/lucacastelli.com\/de\/wp-json\/wp\/v2\/types\/product"}],"wp:featuredmedia":[{"embeddable":true,"href":"https:\/\/lucacastelli.com\/de\/wp-json\/wp\/v2\/media\/441658"}],"wp:attachment":[{"href":"https:\/\/lucacastelli.com\/de\/wp-json\/wp\/v2\/media?parent=830888"}],"wp:term":[{"taxonomy":"product_brand","embeddable":true,"href":"https:\/\/lucacastelli.com\/de\/wp-json\/wp\/v2\/product_brand?post=830888"},{"taxonomy":"product_cat","embeddable":true,"href":"https:\/\/lucacastelli.com\/de\/wp-json\/wp\/v2\/product_cat?post=830888"},{"taxonomy":"product_tag","embeddable":true,"href":"https:\/\/lucacastelli.com\/de\/wp-json\/wp\/v2\/product_tag?post=830888"}],"curies":[{"name":"wp","href":"https:\/\/api.w.org\/{rel}","templated":true}]}}