{"id":830884,"date":"2025-08-08T17:37:54","date_gmt":"2025-08-08T15:37:54","guid":{"rendered":"https:\/\/lucacastelli.com\/prodotto\/milwaukee-m12-brushless-rotationswerkzeug\/"},"modified":"2025-08-08T17:37:54","modified_gmt":"2025-08-08T15:37:54","slug":"milwaukee-m12-brushless-rotationswerkzeug","status":"publish","type":"product","link":"https:\/\/lucacastelli.com\/de\/produkt\/milwaukee-m12-brushless-rotationswerkzeug\/","title":{"rendered":"MILWAUKEE M12\u2122 Brushless Rotationswerkzeug"},"content":{"rendered":"<p>M12 BLROT-0 \/ ROTATIONSWERKZEUG<br \/>\nDas Werkzeug ist kompakt und gut ausbalanciert, was ein Arbeiten sehr nah am Werkst\u00fcck erm\u00f6glicht; Die variable Drehzahl von 5.000 bis 27.500 min\u207b\u00b9 mit 12 Einstellungen erlaubt es dem Anwender, die passende Geschwindigkeit f\u00fcr jede Anwendung zu w\u00e4hlen; Die mitgelieferte 3,2 mm Spannzange ist mit dem meisten Zubeh\u00f6r auf dem Markt kompatibel; Das Werkzeug erzeugt geringe Vibrationen, was den Einsatz auch \u00fcber l\u00e4ngere Zeitr\u00e4ume erleichtert; LED-Leuchten zur Beleuchtung der Arbeitsfl\u00e4che; Wiegt nur 360 g; Spindelarretierung f\u00fcr schnellen Zubeh\u00f6rwechsel <\/p>\n<p>4933493591<br \/>\n4058546484620<\/p>\n","protected":false},"excerpt":{"rendered":"<p>M12 BLROT-0 \/ ROTATIONSWERKZEUG<\/p>\n","protected":false},"featured_media":586338,"template":"","meta":{"_seopress_robots_primary_cat":"","_seopress_titles_title":"","_seopress_titles_desc":"","_seopress_robots_index":""},"product_brand":[3407],"product_cat":[5531,29,514],"product_tag":[3270],"class_list":{"0":"post-830884","1":"product","2":"type-product","3":"status-publish","4":"has-post-thumbnail","6":"product_brand-milwaukee","7":"product_cat-vari-macchinari-milwaukee","8":"product_cat-macchinari","9":"product_cat-altri-dispositivi","10":"product_tag-import-milwau","11":"sws-conto-ricavi-merci-rivendita-macchinari-de","12":"sws-gruppo-iva-iva81-de","14":"first","15":"onbackorder","16":"sale","17":"shipping-taxable","18":"purchasable","19":"product-type-simple"},"_links":{"self":[{"href":"https:\/\/lucacastelli.com\/de\/wp-json\/wp\/v2\/product\/830884","targetHints":{"allow":["GET"]}}],"collection":[{"href":"https:\/\/lucacastelli.com\/de\/wp-json\/wp\/v2\/product"}],"about":[{"href":"https:\/\/lucacastelli.com\/de\/wp-json\/wp\/v2\/types\/product"}],"wp:featuredmedia":[{"embeddable":true,"href":"https:\/\/lucacastelli.com\/de\/wp-json\/wp\/v2\/media\/586338"}],"wp:attachment":[{"href":"https:\/\/lucacastelli.com\/de\/wp-json\/wp\/v2\/media?parent=830884"}],"wp:term":[{"taxonomy":"product_brand","embeddable":true,"href":"https:\/\/lucacastelli.com\/de\/wp-json\/wp\/v2\/product_brand?post=830884"},{"taxonomy":"product_cat","embeddable":true,"href":"https:\/\/lucacastelli.com\/de\/wp-json\/wp\/v2\/product_cat?post=830884"},{"taxonomy":"product_tag","embeddable":true,"href":"https:\/\/lucacastelli.com\/de\/wp-json\/wp\/v2\/product_tag?post=830884"}],"curies":[{"name":"wp","href":"https:\/\/api.w.org\/{rel}","templated":true}]}}