{"id":830883,"date":"2025-08-08T17:37:57","date_gmt":"2025-08-08T15:37:57","guid":{"rendered":"https:\/\/lucacastelli.com\/prodotto\/milwaukee-hochleistungs-ventilator-m18-akku-netzbetrieb\/"},"modified":"2025-08-08T17:37:57","modified_gmt":"2025-08-08T15:37:57","slug":"milwaukee-hochleistungs-ventilator-m18-akku-netzbetrieb","status":"publish","type":"product","link":"https:\/\/lucacastelli.com\/de\/produkt\/milwaukee-hochleistungs-ventilator-m18-akku-netzbetrieb\/","title":{"rendered":"MILWAUKEE Hochleistungs-Ventilator M18\u2122 Akku\/Netzbetrieb"},"content":{"rendered":"<p>M18ARFHP-0 POWERPACK-TEILE<br \/>\nGeschwindigkeit in 3 Stufen regelbar, bis zu 6 m\/s; Der verstellbare Kopf erm\u00f6glicht den Einsatz in verschiedenen H\u00f6hen und Positionen \u00fcber einen Bereich von 360 Grad; Effiziente Luftzirkulation bis zu 5.775 m\u00b3\/h; Kompaktes Design mit integriertem Tragegriff f\u00fcr maximale Mobilit\u00e4t; Gummif\u00fc\u00dfe f\u00fcr h\u00f6here Stabilit\u00e4t; Bis zu 9 Stunden Laufzeit auf Stufe 1 mit einem M18 B5 Akku (5 Ah); Vielseitig: Akku- oder Netzbetrieb; Kompatibel mit allen MILWAUKEE\u00ae M18\u2122 Akkus<\/p>\n<p>4933492110<br \/>\n4058546414771<\/p>\n","protected":false},"excerpt":{"rendered":"<p>M18ARFHP-0 POWERPACK-TEILE<\/p>\n","protected":false},"featured_media":583464,"template":"","meta":{"_seopress_robots_primary_cat":"","_seopress_titles_title":"","_seopress_titles_desc":"","_seopress_robots_index":""},"product_brand":[3407],"product_cat":[5531,29,514],"product_tag":[3270],"class_list":{"0":"post-830883","1":"product","2":"type-product","3":"status-publish","4":"has-post-thumbnail","6":"product_brand-milwaukee","7":"product_cat-vari-macchinari-milwaukee","8":"product_cat-macchinari","9":"product_cat-altri-dispositivi","10":"product_tag-import-milwau","11":"sws-conto-ricavi-merci-rivendita-macchinari-de","12":"sws-gruppo-iva-iva81-de","14":"first","15":"onbackorder","16":"sale","17":"shipping-taxable","18":"purchasable","19":"product-type-simple"},"_links":{"self":[{"href":"https:\/\/lucacastelli.com\/de\/wp-json\/wp\/v2\/product\/830883","targetHints":{"allow":["GET"]}}],"collection":[{"href":"https:\/\/lucacastelli.com\/de\/wp-json\/wp\/v2\/product"}],"about":[{"href":"https:\/\/lucacastelli.com\/de\/wp-json\/wp\/v2\/types\/product"}],"wp:featuredmedia":[{"embeddable":true,"href":"https:\/\/lucacastelli.com\/de\/wp-json\/wp\/v2\/media\/583464"}],"wp:attachment":[{"href":"https:\/\/lucacastelli.com\/de\/wp-json\/wp\/v2\/media?parent=830883"}],"wp:term":[{"taxonomy":"product_brand","embeddable":true,"href":"https:\/\/lucacastelli.com\/de\/wp-json\/wp\/v2\/product_brand?post=830883"},{"taxonomy":"product_cat","embeddable":true,"href":"https:\/\/lucacastelli.com\/de\/wp-json\/wp\/v2\/product_cat?post=830883"},{"taxonomy":"product_tag","embeddable":true,"href":"https:\/\/lucacastelli.com\/de\/wp-json\/wp\/v2\/product_tag?post=830883"}],"curies":[{"name":"wp","href":"https:\/\/api.w.org\/{rel}","templated":true}]}}