{"id":830881,"date":"2025-08-08T17:37:59","date_gmt":"2025-08-08T15:37:59","guid":{"rendered":"https:\/\/lucacastelli.com\/prodotto\/milwaukee-hochfrequenz-betonruettler-mx-fuel\/"},"modified":"2025-08-08T17:37:59","modified_gmt":"2025-08-08T15:37:59","slug":"milwaukee-hochfrequenz-betonruettler-mx-fuel","status":"publish","type":"product","link":"https:\/\/lucacastelli.com\/de\/produkt\/milwaukee-hochfrequenz-betonruettler-mx-fuel\/","title":{"rendered":"MILWAUKEE Hochfrequenz-Betonr\u00fcttler MX FUEL\u2122"},"content":{"rendered":"<p>MXFCVHF-802 CONCRETE VIBRATOR<br \/>\nDer Hochfrequenz-Betonr\u00fcttler MX FUEL\u2122 ist die ideale L\u00f6sung bei der Arbeit auf gro\u00dfen Fl\u00e4chen und bietet eine Leistung, die mit kabelgebundenen R\u00fcttlern vergleichbar ist, ohne die Unannehmlichkeiten von Kabeln oder Stromanschl\u00fcssen auf der Baustelle; Verdichtet bis zu 55 m\u00b3 Beton mit 1 MXF FORGE\u2122 8 Ah Akku (MXF XC608); Sofortstart per Knopfdruck, eliminiert die wiederholten Bewegungen des Seilzugstarts und reduziert Ausfallzeiten, sodass Sie Arbeiten schneller erledigen k\u00f6nnen, ohne auf die erwartete Leistung und Laufzeit zu verzichten; Das modulare Design erm\u00f6glicht ein einfaches Abnehmen des Rucksacks bei der Arbeit mit W\u00e4nden und S\u00e4ulen; Modulares Design &#8211; wechselt per Klick vom Rucksack zum Koffer; R\u00fcttelnadeln in L\u00e4ngen von 1,5 m bis 10 m erh\u00e4ltlich; Die kabellose Fernbedienung erm\u00f6glicht das Einschalten der Maschine aus bis zu 9 Metern Entfernung f\u00fcr mehr Bewegungsfreiheit bei der Verwendung langer Nadeln; Systemzubeh\u00f6r und R\u00fcttelnadeln separat erh\u00e4ltlich; Das MX FUEL\u2122 System erschlie\u00dft neue Dimensionen im Akkubetrieb: Leistung von benzin-, kabel- oder druckluftbetriebenen L\u00f6sungen, ohne die damit verbundenen Gefahren durch Emissionen, L\u00e4rm, Vibrationen, Stolperfallen sowie komplexe Wartung; Das ONE-KEY\u2122 Tracking &amp; Security System bietet kostenlos einen cloudbasierten Tracking- und Inventarverwaltungsservice mit Fernverriegelungsfunktion<\/p>\n<p>4933498133<br \/>\n4058546512934<\/p>\n","protected":false},"excerpt":{"rendered":"<p>MXFCVHF-802 CONCRETE VIBRATOR<\/p>\n","protected":false},"featured_media":587117,"template":"","meta":{"_seopress_robots_primary_cat":"","_seopress_titles_title":"","_seopress_titles_desc":"","_seopress_robots_index":""},"product_brand":[3407],"product_cat":[5531,29,514],"product_tag":[3270],"class_list":{"0":"post-830881","1":"product","2":"type-product","3":"status-publish","4":"has-post-thumbnail","6":"product_brand-milwaukee","7":"product_cat-vari-macchinari-milwaukee","8":"product_cat-macchinari","9":"product_cat-altri-dispositivi","10":"product_tag-import-milwau","11":"sws-conto-ricavi-merci-rivendita-macchinari-de","12":"sws-gruppo-iva-iva81-de","14":"first","15":"onbackorder","16":"sale","17":"shipping-taxable","18":"purchasable","19":"product-type-simple"},"_links":{"self":[{"href":"https:\/\/lucacastelli.com\/de\/wp-json\/wp\/v2\/product\/830881","targetHints":{"allow":["GET"]}}],"collection":[{"href":"https:\/\/lucacastelli.com\/de\/wp-json\/wp\/v2\/product"}],"about":[{"href":"https:\/\/lucacastelli.com\/de\/wp-json\/wp\/v2\/types\/product"}],"wp:featuredmedia":[{"embeddable":true,"href":"https:\/\/lucacastelli.com\/de\/wp-json\/wp\/v2\/media\/587117"}],"wp:attachment":[{"href":"https:\/\/lucacastelli.com\/de\/wp-json\/wp\/v2\/media?parent=830881"}],"wp:term":[{"taxonomy":"product_brand","embeddable":true,"href":"https:\/\/lucacastelli.com\/de\/wp-json\/wp\/v2\/product_brand?post=830881"},{"taxonomy":"product_cat","embeddable":true,"href":"https:\/\/lucacastelli.com\/de\/wp-json\/wp\/v2\/product_cat?post=830881"},{"taxonomy":"product_tag","embeddable":true,"href":"https:\/\/lucacastelli.com\/de\/wp-json\/wp\/v2\/product_tag?post=830881"}],"curies":[{"name":"wp","href":"https:\/\/api.w.org\/{rel}","templated":true}]}}