{"id":830878,"date":"2025-08-08T17:38:00","date_gmt":"2025-08-08T15:38:00","guid":{"rendered":"https:\/\/lucacastelli.com\/prodotto\/milwaukee-mx-fuel-hochfrequenz-betonvibrator\/"},"modified":"2025-08-08T17:38:00","modified_gmt":"2025-08-08T15:38:00","slug":"milwaukee-mx-fuel-hochfrequenz-betonvibrator","status":"publish","type":"product","link":"https:\/\/lucacastelli.com\/de\/produkt\/milwaukee-mx-fuel-hochfrequenz-betonvibrator\/","title":{"rendered":"MILWAUKEE MX FUEL\u2122 Hochfrequenz-Betonvibrator"},"content":{"rendered":"<p>MXFCVHF-0 CONCRETE VIBRATOR<br \/>\nDer MX FUEL\u2122 Hochfrequenz-Betonvibrator ist die ideale L\u00f6sung f\u00fcr gro\u00dfe Fl\u00e4chen und bietet eine Leistung, die mit kabelgebundenen Ger\u00e4ten vergleichbar ist \u2013 ohne st\u00f6rende Kabel oder die Suche nach einer Steckdose auf der Baustelle;Verdichtet bis zu 55 m\u00b3 Beton mit einer MXF FORGE\u2122 8,0-Ah-Akkuladung (MXF XC608);Sofortiger Start per Knopfdruck eliminiert m\u00fchsames Seilzugstarten, reduziert Ausfallzeiten und erm\u00f6glicht schnelleres Arbeiten ohne Kompromisse bei Leistung und Laufzeit;Das modulare Design erm\u00f6glicht das einfache Abnehmen des Rucksacks bei Arbeiten an W\u00e4nden und S\u00e4ulen;Modulares Design \u2013 Wechsel von Rucksack zu Koffer mit nur einem Klick;Vibrationsflaschen in L\u00e4ngen von 1,5 m bis 10 m erh\u00e4ltlich;Die Funkfernbedienung erm\u00f6glicht das Einschalten aus bis zu 9 m Entfernung f\u00fcr mehr Freiheit bei langen Schl\u00e4uchen;Systemzubeh\u00f6r und Vibrationsflaschen separat erh\u00e4ltlich;Das MX FUEL\u2122 System setzt neue Ma\u00dfst\u00e4be f\u00fcr Akku-Ger\u00e4te: Leistung wie bei Benzin-, Kabel- oder Druckluftger\u00e4ten, ohne Abgase, L\u00e4rm, Vibrationen, Stolperfallen oder hohen Wartungsaufwand;Das ONE-KEY\u2122 Tracking &amp; Security System bietet eine kostenlose cloudbasierte Bestandsverwaltung und Ortung sowie eine Fernsperrfunktion<\/p>\n<p>4933498132<br \/>\n4058546512927<\/p>\n","protected":false},"excerpt":{"rendered":"<p>MXFCVHF-0 BETONVIBRATOR<\/p>\n","protected":false},"featured_media":587072,"template":"","meta":{"_seopress_robots_primary_cat":"","_seopress_titles_title":"","_seopress_titles_desc":"","_seopress_robots_index":""},"product_brand":[3407],"product_cat":[5531,29,514],"product_tag":[3270],"class_list":{"0":"post-830878","1":"product","2":"type-product","3":"status-publish","4":"has-post-thumbnail","6":"product_brand-milwaukee","7":"product_cat-vari-macchinari-milwaukee","8":"product_cat-macchinari","9":"product_cat-altri-dispositivi","10":"product_tag-import-milwau","11":"sws-conto-ricavi-merci-rivendita-macchinari-de","12":"sws-gruppo-iva-iva81-de","14":"first","15":"onbackorder","16":"sale","17":"shipping-taxable","18":"purchasable","19":"product-type-simple"},"_links":{"self":[{"href":"https:\/\/lucacastelli.com\/de\/wp-json\/wp\/v2\/product\/830878","targetHints":{"allow":["GET"]}}],"collection":[{"href":"https:\/\/lucacastelli.com\/de\/wp-json\/wp\/v2\/product"}],"about":[{"href":"https:\/\/lucacastelli.com\/de\/wp-json\/wp\/v2\/types\/product"}],"wp:featuredmedia":[{"embeddable":true,"href":"https:\/\/lucacastelli.com\/de\/wp-json\/wp\/v2\/media\/587072"}],"wp:attachment":[{"href":"https:\/\/lucacastelli.com\/de\/wp-json\/wp\/v2\/media?parent=830878"}],"wp:term":[{"taxonomy":"product_brand","embeddable":true,"href":"https:\/\/lucacastelli.com\/de\/wp-json\/wp\/v2\/product_brand?post=830878"},{"taxonomy":"product_cat","embeddable":true,"href":"https:\/\/lucacastelli.com\/de\/wp-json\/wp\/v2\/product_cat?post=830878"},{"taxonomy":"product_tag","embeddable":true,"href":"https:\/\/lucacastelli.com\/de\/wp-json\/wp\/v2\/product_tag?post=830878"}],"curies":[{"name":"wp","href":"https:\/\/api.w.org\/{rel}","templated":true}]}}