{"id":830825,"date":"2025-08-08T17:38:01","date_gmt":"2025-08-08T15:38:01","guid":{"rendered":"https:\/\/lucacastelli.com\/prodotto\/milwaukee-vibrationsstampfer\/"},"modified":"2025-08-08T17:38:01","modified_gmt":"2025-08-08T15:38:01","slug":"milwaukee-vibrationsstampfer","status":"publish","type":"product","link":"https:\/\/lucacastelli.com\/de\/produkt\/milwaukee-vibrationsstampfer\/","title":{"rendered":"MILWAUKEE Vibrationsstampfer"},"content":{"rendered":"<p>MXFRAM60-0 MX FUEL\u2122 STAMPFER<br \/>\nAkku-Stampfer: vermeidet Emissionen und giftige D\u00e4mpfe im Graben;Leistung wie ein Benzinger\u00e4t;Leistung wie ein Benzinger\u00e4t f\u00fcr maximale Anwendersicherheit;2 Geschwindigkeiten f\u00fcr maximale Kontrolle und zur Auswahl der am besten geeigneten Geschwindigkeit f\u00fcr mehr Effizienz;Einfache und intuitive Tasten am Handgriff;Akkuladestandsanzeige;Das MX FUEL\u2122-System erm\u00f6glicht neue Dimensionen im Akkubetrieb: Leistung wie Benzin-, Kabel- oder Druckluftger\u00e4te, ohne die Gefahren von Emissionen, L\u00e4rm, Vibrationen, Stolperfallen sowie komplexer Wartung;Das ONE-KEY\u2122 Tracking &amp; Security System bietet einen kostenlosen cloudbasierten Bestandsverwaltungs- und Trackingdienst mit Fernsperrfunktion<\/p>\n<p>4933498158<br \/>\n4058546513184<\/p>\n","protected":false},"excerpt":{"rendered":"<p>MXFRAM60-0 MX FUEL\u2122 STAMPFER<\/p>\n","protected":false},"featured_media":589054,"template":"","meta":{"_seopress_robots_primary_cat":"","_seopress_titles_title":"","_seopress_titles_desc":"","_seopress_robots_index":""},"product_brand":[3407],"product_cat":[5531,29,514],"product_tag":[3270],"class_list":{"0":"post-830825","1":"product","2":"type-product","3":"status-publish","4":"has-post-thumbnail","6":"product_brand-milwaukee","7":"product_cat-vari-macchinari-milwaukee","8":"product_cat-macchinari","9":"product_cat-altri-dispositivi","10":"product_tag-import-milwau","11":"sws-conto-ricavi-merci-rivendita-macchinari-de","12":"sws-gruppo-iva-iva81-de","14":"first","15":"onbackorder","16":"sale","17":"shipping-taxable","18":"purchasable","19":"product-type-simple"},"_links":{"self":[{"href":"https:\/\/lucacastelli.com\/de\/wp-json\/wp\/v2\/product\/830825","targetHints":{"allow":["GET"]}}],"collection":[{"href":"https:\/\/lucacastelli.com\/de\/wp-json\/wp\/v2\/product"}],"about":[{"href":"https:\/\/lucacastelli.com\/de\/wp-json\/wp\/v2\/types\/product"}],"wp:featuredmedia":[{"embeddable":true,"href":"https:\/\/lucacastelli.com\/de\/wp-json\/wp\/v2\/media\/589054"}],"wp:attachment":[{"href":"https:\/\/lucacastelli.com\/de\/wp-json\/wp\/v2\/media?parent=830825"}],"wp:term":[{"taxonomy":"product_brand","embeddable":true,"href":"https:\/\/lucacastelli.com\/de\/wp-json\/wp\/v2\/product_brand?post=830825"},{"taxonomy":"product_cat","embeddable":true,"href":"https:\/\/lucacastelli.com\/de\/wp-json\/wp\/v2\/product_cat?post=830825"},{"taxonomy":"product_tag","embeddable":true,"href":"https:\/\/lucacastelli.com\/de\/wp-json\/wp\/v2\/product_tag?post=830825"}],"curies":[{"name":"wp","href":"https:\/\/api.w.org\/{rel}","templated":true}]}}