{"id":830818,"date":"2025-08-08T17:37:53","date_gmt":"2025-08-08T15:37:53","guid":{"rendered":"https:\/\/lucacastelli.com\/prodotto\/milwaukee-multifunktionswerkzeug-m12\/"},"modified":"2025-08-08T17:37:53","modified_gmt":"2025-08-08T15:37:53","slug":"milwaukee-multifunktionswerkzeug-m12","status":"publish","type":"product","link":"https:\/\/lucacastelli.com\/de\/produkt\/milwaukee-multifunktionswerkzeug-m12\/","title":{"rendered":"MILWAUKEE Multifunktionswerkzeug M12\u2122"},"content":{"rendered":"<p>Multifunktionswerkzeug M12\u2122<br \/>\nC12 MT-402B\/MULTIFUNKTIONSWERKZEUGE<br \/>\nVielseitig: optimale L\u00f6sung f\u00fcr Schneid-, Entfernungs- und Schleifanwendungen; REDLINK\u2122-Elektronik sch\u00fctzt Werkzeug und Akku vor \u00dcberlastung; Variable Geschwindigkeit (5000 &#8211; 20000 Oszillationen\/Min.) und Oszillation von 1,5\u00b0 links\/rechts erm\u00f6glichen optimale Leistung beim Schneiden von Metall, Holz und Kunststoff; Kompatibel mit den meisten auf dem Markt erh\u00e4ltlichen Zubeh\u00f6rteilen; \u00dcberwachung der einzelnen Akkuzellen f\u00fcr gleichm\u00e4\u00dfigen Verbrauch des Akkupacks und h\u00f6here Laufzeit und Lebensdauer; Akkuladezustandsanzeige; Der REDLITHIUM\u2122-Akku bietet \u00fcberlegene Akkupack-Konstruktion, Elektronik und konstante Leistung f\u00fcr mehr Laufzeit und mehr Arbeit w\u00e4hrend der Akkulebensdauer; 12V-Plattform: funktioniert mit allen Milwaukee\u00ae M12\u2122-Akkus<\/p>\n<p>4933441705<br \/>\n4002395001989<\/p>\n","protected":false},"excerpt":{"rendered":"<p>C12 MT-402B\/MULTIFUNKTIONSWERKZEUGE<\/p>\n","protected":false},"featured_media":569966,"template":"","meta":{"_seopress_robots_primary_cat":"","_seopress_titles_title":"","_seopress_titles_desc":"","_seopress_robots_index":""},"product_brand":[3407],"product_cat":[5531,29,514],"product_tag":[3270],"class_list":{"0":"post-830818","1":"product","2":"type-product","3":"status-publish","4":"has-post-thumbnail","6":"product_brand-milwaukee","7":"product_cat-vari-macchinari-milwaukee","8":"product_cat-macchinari","9":"product_cat-altri-dispositivi","10":"product_tag-import-milwau","11":"sws-conto-ricavi-merci-rivendita-macchinari-de","12":"sws-gruppo-iva-iva81-de","14":"first","15":"onbackorder","16":"sale","17":"shipping-taxable","18":"purchasable","19":"product-type-simple"},"_links":{"self":[{"href":"https:\/\/lucacastelli.com\/de\/wp-json\/wp\/v2\/product\/830818","targetHints":{"allow":["GET"]}}],"collection":[{"href":"https:\/\/lucacastelli.com\/de\/wp-json\/wp\/v2\/product"}],"about":[{"href":"https:\/\/lucacastelli.com\/de\/wp-json\/wp\/v2\/types\/product"}],"wp:featuredmedia":[{"embeddable":true,"href":"https:\/\/lucacastelli.com\/de\/wp-json\/wp\/v2\/media\/569966"}],"wp:attachment":[{"href":"https:\/\/lucacastelli.com\/de\/wp-json\/wp\/v2\/media?parent=830818"}],"wp:term":[{"taxonomy":"product_brand","embeddable":true,"href":"https:\/\/lucacastelli.com\/de\/wp-json\/wp\/v2\/product_brand?post=830818"},{"taxonomy":"product_cat","embeddable":true,"href":"https:\/\/lucacastelli.com\/de\/wp-json\/wp\/v2\/product_cat?post=830818"},{"taxonomy":"product_tag","embeddable":true,"href":"https:\/\/lucacastelli.com\/de\/wp-json\/wp\/v2\/product_tag?post=830818"}],"curies":[{"name":"wp","href":"https:\/\/api.w.org\/{rel}","templated":true}]}}