{"id":830814,"date":"2025-08-08T17:37:47","date_gmt":"2025-08-08T15:37:47","guid":{"rendered":"https:\/\/lucacastelli.com\/prodotto\/milwaukee-fuehrungsschlauch-4-m-fuer-m18-fcssm\/"},"modified":"2025-08-08T17:37:47","modified_gmt":"2025-08-08T15:37:47","slug":"milwaukee-fuehrungsschlauch-4-m-fuer-m18-fcssm","status":"publish","type":"product","link":"https:\/\/lucacastelli.com\/de\/produkt\/milwaukee-fuehrungsschlauch-4-m-fuer-m18-fcssm\/","title":{"rendered":"MILWAUKEE F\u00fchrungsschlauch 4 m f\u00fcr M18 FCSSM"},"content":{"rendered":"<p>MITTLERER F\u00dcHRUNGSSCHLAUCH F\u00dcR FCSSM<br \/>\nF\u00fchrungsschlauch 4 m f\u00fcr kompakte Rohrreinigungsmaschine M18 FCSSM, f\u00fcr einen vollst\u00e4ndigen Schutz des Arbeitsbereichs bei der Verwendung von 22 mm Spiralkabeln<\/p>\n<p>4932478409<br \/>\n4058546346003<\/p>\n","protected":false},"excerpt":{"rendered":"<p>MITTLERER F\u00dcHRUNGSSCHLAUCH F\u00dcR FCSSM<\/p>\n","protected":false},"featured_media":540978,"template":"","meta":{"_seopress_robots_primary_cat":"","_seopress_titles_title":"","_seopress_titles_desc":"","_seopress_robots_index":""},"product_brand":[3407],"product_cat":[5531,29,514],"product_tag":[3270],"class_list":{"0":"post-830814","1":"product","2":"type-product","3":"status-publish","4":"has-post-thumbnail","6":"product_brand-milwaukee","7":"product_cat-vari-macchinari-milwaukee","8":"product_cat-macchinari","9":"product_cat-altri-dispositivi","10":"product_tag-import-milwau","11":"sws-conto-ricavi-merci-rivendita-macchinari-de","12":"sws-gruppo-iva-iva81-de","14":"first","15":"onbackorder","16":"sale","17":"shipping-taxable","18":"purchasable","19":"product-type-simple"},"_links":{"self":[{"href":"https:\/\/lucacastelli.com\/de\/wp-json\/wp\/v2\/product\/830814","targetHints":{"allow":["GET"]}}],"collection":[{"href":"https:\/\/lucacastelli.com\/de\/wp-json\/wp\/v2\/product"}],"about":[{"href":"https:\/\/lucacastelli.com\/de\/wp-json\/wp\/v2\/types\/product"}],"wp:featuredmedia":[{"embeddable":true,"href":"https:\/\/lucacastelli.com\/de\/wp-json\/wp\/v2\/media\/540978"}],"wp:attachment":[{"href":"https:\/\/lucacastelli.com\/de\/wp-json\/wp\/v2\/media?parent=830814"}],"wp:term":[{"taxonomy":"product_brand","embeddable":true,"href":"https:\/\/lucacastelli.com\/de\/wp-json\/wp\/v2\/product_brand?post=830814"},{"taxonomy":"product_cat","embeddable":true,"href":"https:\/\/lucacastelli.com\/de\/wp-json\/wp\/v2\/product_cat?post=830814"},{"taxonomy":"product_tag","embeddable":true,"href":"https:\/\/lucacastelli.com\/de\/wp-json\/wp\/v2\/product_tag?post=830814"}],"curies":[{"name":"wp","href":"https:\/\/api.w.org\/{rel}","templated":true}]}}