{"id":830812,"date":"2025-08-08T18:07:55","date_gmt":"2025-08-08T16:07:55","guid":{"rendered":"https:\/\/lucacastelli.com\/prodotto\/milwaukee-selbstschaerfende-meissel-sds-max-sledge-4\/"},"modified":"2025-08-08T18:07:55","modified_gmt":"2025-08-08T16:07:55","slug":"milwaukee-selbstschaerfende-meissel-sds-max-sledge-4","status":"publish","type":"product","link":"https:\/\/lucacastelli.com\/de\/produkt\/milwaukee-selbstschaerfende-meissel-sds-max-sledge-4\/","title":{"rendered":"MILWAUKEE Selbstsch\u00e4rfende Mei\u00dfel SDS-Max SLEDGE\u2122"},"content":{"rendered":"<p>SPATMEISS SELBSTSCH\u00c4RF SDSMax380X50MM -1Stk<br \/>\nBis zu 2x langlebiger als Standardmei\u00dfel;Selbstsch\u00e4rfend, maximale Leistung \u00fcber l\u00e4ngere Zeit;Maximale Arbeitsfl\u00e4che, h\u00f6here Produktivit\u00e4t, mehr Abtrag;Geschliffene Spitze. Sch\u00e4rfer, schneller und verhindert Verklemmen;Made in Germany <\/p>\n<p>4932478270<br \/>\n4058546344474<\/p>\n","protected":false},"excerpt":{"rendered":"<p>SPATMEISS SELBSTSCH\u00c4RF SDSMax380X50MM -1Stk<\/p>\n","protected":false},"featured_media":540555,"template":"","meta":{"_seopress_robots_primary_cat":"","_seopress_titles_title":"","_seopress_titles_desc":"","_seopress_robots_index":""},"product_brand":[3407],"product_cat":[29,514,549,550],"product_tag":[3270],"class_list":{"0":"post-830812","1":"product","2":"type-product","3":"status-publish","4":"has-post-thumbnail","6":"product_brand-milwaukee","7":"product_cat-macchinari","8":"product_cat-altri-dispositivi","9":"product_cat-trapani-e-avvitatori","10":"product_cat-accessori-per-trapani-ed-avvitatori","11":"product_tag-import-milwau","12":"sws-conto-ricavi-merci-rivendita-macchinari-de","13":"sws-gruppo-iva-iva81-de","15":"first","16":"onbackorder","17":"sale","18":"shipping-taxable","19":"purchasable","20":"product-type-simple"},"_links":{"self":[{"href":"https:\/\/lucacastelli.com\/de\/wp-json\/wp\/v2\/product\/830812","targetHints":{"allow":["GET"]}}],"collection":[{"href":"https:\/\/lucacastelli.com\/de\/wp-json\/wp\/v2\/product"}],"about":[{"href":"https:\/\/lucacastelli.com\/de\/wp-json\/wp\/v2\/types\/product"}],"wp:featuredmedia":[{"embeddable":true,"href":"https:\/\/lucacastelli.com\/de\/wp-json\/wp\/v2\/media\/540555"}],"wp:attachment":[{"href":"https:\/\/lucacastelli.com\/de\/wp-json\/wp\/v2\/media?parent=830812"}],"wp:term":[{"taxonomy":"product_brand","embeddable":true,"href":"https:\/\/lucacastelli.com\/de\/wp-json\/wp\/v2\/product_brand?post=830812"},{"taxonomy":"product_cat","embeddable":true,"href":"https:\/\/lucacastelli.com\/de\/wp-json\/wp\/v2\/product_cat?post=830812"},{"taxonomy":"product_tag","embeddable":true,"href":"https:\/\/lucacastelli.com\/de\/wp-json\/wp\/v2\/product_tag?post=830812"}],"curies":[{"name":"wp","href":"https:\/\/api.w.org\/{rel}","templated":true}]}}