{"id":830799,"date":"2025-08-08T17:37:11","date_gmt":"2025-08-08T15:37:11","guid":{"rendered":"https:\/\/lucacastelli.com\/prodotto\/milwaukee-rohrinspektionskamera-2\/"},"modified":"2025-08-08T17:37:11","modified_gmt":"2025-08-08T15:37:11","slug":"milwaukee-rohrinspektionskamera-2","status":"publish","type":"product","link":"https:\/\/lucacastelli.com\/de\/produkt\/milwaukee-rohrinspektionskamera-2\/","title":{"rendered":"MILWAUKEE Rohrinspektionskamera"},"content":{"rendered":"<p>M12SICO26-0 ROHRINSPEKTIONSKAMERA 26 M MIT 20 MM<br \/>\nDie neue selbstnivellierende 20 mm HD-Kamera garantiert maximale Man\u00f6vrierf\u00e4higkeit in Rohren mit kleinem Durchmesser und bietet die besten Bilder ihrer Klasse; 26 m langes, flexibles Kabel mit 9,5 mm Durchmesser, einsetzbar in 40 mm Rohren; Integrierter Smart Hub mit USB-Anschluss; Die WLAN-Funktion erm\u00f6glicht die Daten\u00fcbertragung \u00fcber USB-A, USB-C und WLAN; Dank der kompakten Bauweise l\u00e4sst sich die Kamera in jedem Transporter leicht verstauen und auch auf engstem Raum einsetzen; Integrierte Sonde zur einfachen Ortung: 512 Hz zur Verwendung mit allen g\u00e4ngigen Ortungsger\u00e4ten; Kann mit M12\u2122 und M18\u2122 Monitoren oder mit der Pipeline Inspection App verwendet werden; Vollst\u00e4ndig geschlossene Trommel f\u00fcr einen besseren R\u00fcckhalt von Schmutz; Praktischer Tragegriff f\u00fcr einfachen Transport; Isolierter Gummifu\u00df; Modernste LEDs zur Ausleuchtung von Rohren von 32 bis 100 mm; Das ONE-KEY\u2122 Tracking &amp; Security System bietet eine kostenlose cloudbasierte Bestandsverwaltung und Ortung sowie eine Fernsperrfunktion; Kompatibel mit allen MILWAUKEE\u00ae M12\u2122 Akkus<\/p>\n<p>4933498230<br \/>\n4058546520991<\/p>\n","protected":false},"excerpt":{"rendered":"<p>M12SICO26-0 ROHRINSPEKTIONSKAMERA 26 M MIT 20 MM<\/p>\n","protected":false},"featured_media":588972,"template":"","meta":{"_seopress_robots_primary_cat":"","_seopress_titles_title":"","_seopress_titles_desc":"","_seopress_robots_index":""},"product_brand":[3407],"product_cat":[5531,29,514],"product_tag":[3270],"class_list":{"0":"post-830799","1":"product","2":"type-product","3":"status-publish","4":"has-post-thumbnail","6":"product_brand-milwaukee","7":"product_cat-vari-macchinari-milwaukee","8":"product_cat-macchinari","9":"product_cat-altri-dispositivi","10":"product_tag-import-milwau","11":"sws-conto-ricavi-merci-rivendita-macchinari-de","12":"sws-gruppo-iva-iva81-de","14":"first","15":"onbackorder","16":"sale","17":"shipping-taxable","18":"purchasable","19":"product-type-simple"},"_links":{"self":[{"href":"https:\/\/lucacastelli.com\/de\/wp-json\/wp\/v2\/product\/830799","targetHints":{"allow":["GET"]}}],"collection":[{"href":"https:\/\/lucacastelli.com\/de\/wp-json\/wp\/v2\/product"}],"about":[{"href":"https:\/\/lucacastelli.com\/de\/wp-json\/wp\/v2\/types\/product"}],"wp:featuredmedia":[{"embeddable":true,"href":"https:\/\/lucacastelli.com\/de\/wp-json\/wp\/v2\/media\/588972"}],"wp:attachment":[{"href":"https:\/\/lucacastelli.com\/de\/wp-json\/wp\/v2\/media?parent=830799"}],"wp:term":[{"taxonomy":"product_brand","embeddable":true,"href":"https:\/\/lucacastelli.com\/de\/wp-json\/wp\/v2\/product_brand?post=830799"},{"taxonomy":"product_cat","embeddable":true,"href":"https:\/\/lucacastelli.com\/de\/wp-json\/wp\/v2\/product_cat?post=830799"},{"taxonomy":"product_tag","embeddable":true,"href":"https:\/\/lucacastelli.com\/de\/wp-json\/wp\/v2\/product_tag?post=830799"}],"curies":[{"name":"wp","href":"https:\/\/api.w.org\/{rel}","templated":true}]}}