{"id":830792,"date":"2025-08-08T17:37:04","date_gmt":"2025-08-08T15:37:04","guid":{"rendered":"https:\/\/lucacastelli.com\/prodotto\/milwaukee-kompakte-stiftleuchte-100l\/"},"modified":"2025-08-08T17:37:04","modified_gmt":"2025-08-08T15:37:04","slug":"milwaukee-kompakte-stiftleuchte-100l","status":"publish","type":"product","link":"https:\/\/lucacastelli.com\/de\/produkt\/milwaukee-kompakte-stiftleuchte-100l\/","title":{"rendered":"MILWAUKEE Kompakte Stiftleuchte 100L"},"content":{"rendered":"<p>IPL-LED\/BELEUCHTUNG<br \/>\nTRUEVIEW\u2122 High-Definition-Beleuchtung mit 100 Lumen und einer Reichweite von bis zu 30 m; Aluminiumgeh\u00e4use mit geriffeltem Griff, stoss- und korrosionsbest\u00e4ndig; Schutzklasse IP67, wasserdicht bis zu 1 m Eintauchtiefe; Sch\u00fctzende Gummibeschichtung; Abnehmbarer Clip; Schalter f\u00fcr Dauer- und Momentlicht; 2 x AAA enthalten<\/p>\n<p>4933459440<br \/>\n4058546011017<\/p>\n","protected":false},"excerpt":{"rendered":"<p>IPL-LED\/BELEUCHTUNG<\/p>\n","protected":false},"featured_media":572522,"template":"","meta":{"_seopress_robots_primary_cat":"","_seopress_titles_title":"","_seopress_titles_desc":"","_seopress_robots_index":""},"product_brand":[3656],"product_cat":[1454,169,5534],"product_tag":[3272],"class_list":{"0":"post-830792","1":"product","2":"type-product","3":"status-publish","4":"has-post-thumbnail","6":"product_brand-milwaukee-de","7":"product_cat-andere-gerate","8":"product_cat-maschinen","9":"product_cat-verschiedene-maschinen-von-milwaukee","10":"product_tag-import-milwau-de","11":"sws-conto-ricavi-merci-rivendita-macchinari-de","12":"sws-gruppo-iva-iva81-de","14":"first","15":"onbackorder","16":"sale","17":"shipping-taxable","18":"purchasable","19":"product-type-simple"},"_links":{"self":[{"href":"https:\/\/lucacastelli.com\/de\/wp-json\/wp\/v2\/product\/830792","targetHints":{"allow":["GET"]}}],"collection":[{"href":"https:\/\/lucacastelli.com\/de\/wp-json\/wp\/v2\/product"}],"about":[{"href":"https:\/\/lucacastelli.com\/de\/wp-json\/wp\/v2\/types\/product"}],"wp:featuredmedia":[{"embeddable":true,"href":"https:\/\/lucacastelli.com\/de\/wp-json\/wp\/v2\/media\/572522"}],"wp:attachment":[{"href":"https:\/\/lucacastelli.com\/de\/wp-json\/wp\/v2\/media?parent=830792"}],"wp:term":[{"taxonomy":"product_brand","embeddable":true,"href":"https:\/\/lucacastelli.com\/de\/wp-json\/wp\/v2\/product_brand?post=830792"},{"taxonomy":"product_cat","embeddable":true,"href":"https:\/\/lucacastelli.com\/de\/wp-json\/wp\/v2\/product_cat?post=830792"},{"taxonomy":"product_tag","embeddable":true,"href":"https:\/\/lucacastelli.com\/de\/wp-json\/wp\/v2\/product_tag?post=830792"}],"curies":[{"name":"wp","href":"https:\/\/api.w.org\/{rel}","templated":true}]}}