{"id":830788,"date":"2025-08-08T17:37:08","date_gmt":"2025-08-08T15:37:08","guid":{"rendered":"https:\/\/lucacastelli.com\/prodotto\/milwaukee-inspektionskamera-360-3-m-m12\/"},"modified":"2025-08-08T17:37:08","modified_gmt":"2025-08-08T15:37:08","slug":"milwaukee-inspektionskamera-360-3-m-m12","status":"publish","type":"product","link":"https:\/\/lucacastelli.com\/de\/produkt\/milwaukee-inspektionskamera-360-3-m-m12\/","title":{"rendered":"MILWAUKEE Inspektionskamera 360\u00b0 3 m M12\u2122"},"content":{"rendered":"<p>M12 360IC32-0C 3M\/INSPEKTIONSKAMERAS<br \/>\nDas gro\u00dfe 4,3-Zoll-LCD-Display liefert scharfe und detaillierte Bilder; Der Bildschirm l\u00e4sst sich um 270 Grad drehen, damit der Bediener stets ein gerades und ausgerichtetes Bild hat; Das 3 m lange Kabel ist der ideale Kompromiss zwischen Flexibilit\u00e4t f\u00fcr die Inspektion in Rohrleitungen und Steifigkeit f\u00fcr die Inspektion hinter W\u00e4nden; M\u00f6glichkeit, 5 verschiedene Helligkeitsstufen einzustellen, ohne Schatten oder ungewollte Blendung; Inklusive 32 GB Micro-SD-Karte zum Speichern von Bildern und Videos; 10 mm Kamera f\u00fcr einfachen Zugang in engen R\u00e4umen; Hervorragende Bildqualit\u00e4t dank Kamera mit 720p-Aufl\u00f6sung; 3 Zoomstufen, um auch kleinste Details zu fokussieren; Zus\u00e4tzlich kann das Bild digital um 180 Grad gedreht werden; Kabel und Kamera sind IP67-zertifiziert und somit vollst\u00e4ndig gegen Eindringen von Sand, Staub und Fl\u00fcssigkeiten gesch\u00fctzt; Haken, Spiegel und Kugelaufsatz f\u00fcr Inspektion sind im Lieferumfang enthalten; Der REDLITHIUM\u2122-Akku garantiert eine fortschrittliche Akkukonstruktion und konstante Leistung f\u00fcr l\u00e4ngere Laufzeit und maximale Akkulebensdauer; Funktioniert mit allen MILWAUKEE\u00ae M12\u2122-Akkus<\/p>\n<p>4933480741<br \/>\n4058546410261<\/p>\n","protected":false},"excerpt":{"rendered":"<p>M12 360IC32-0C 3M\/INSPEKTIONSKAMERAS<\/p>\n","protected":false},"featured_media":582878,"template":"","meta":{"_seopress_robots_primary_cat":"","_seopress_titles_title":"","_seopress_titles_desc":"","_seopress_robots_index":""},"product_brand":[3656],"product_cat":[1454,169,5534],"product_tag":[3272],"class_list":{"0":"post-830788","1":"product","2":"type-product","3":"status-publish","4":"has-post-thumbnail","6":"product_brand-milwaukee-de","7":"product_cat-andere-gerate","8":"product_cat-maschinen","9":"product_cat-verschiedene-maschinen-von-milwaukee","10":"product_tag-import-milwau-de","11":"sws-conto-ricavi-merci-rivendita-macchinari-de","12":"sws-gruppo-iva-iva81-de","14":"first","15":"onbackorder","16":"sale","17":"shipping-taxable","18":"purchasable","19":"product-type-simple"},"_links":{"self":[{"href":"https:\/\/lucacastelli.com\/de\/wp-json\/wp\/v2\/product\/830788","targetHints":{"allow":["GET"]}}],"collection":[{"href":"https:\/\/lucacastelli.com\/de\/wp-json\/wp\/v2\/product"}],"about":[{"href":"https:\/\/lucacastelli.com\/de\/wp-json\/wp\/v2\/types\/product"}],"wp:featuredmedia":[{"embeddable":true,"href":"https:\/\/lucacastelli.com\/de\/wp-json\/wp\/v2\/media\/582878"}],"wp:attachment":[{"href":"https:\/\/lucacastelli.com\/de\/wp-json\/wp\/v2\/media?parent=830788"}],"wp:term":[{"taxonomy":"product_brand","embeddable":true,"href":"https:\/\/lucacastelli.com\/de\/wp-json\/wp\/v2\/product_brand?post=830788"},{"taxonomy":"product_cat","embeddable":true,"href":"https:\/\/lucacastelli.com\/de\/wp-json\/wp\/v2\/product_cat?post=830788"},{"taxonomy":"product_tag","embeddable":true,"href":"https:\/\/lucacastelli.com\/de\/wp-json\/wp\/v2\/product_tag?post=830788"}],"curies":[{"name":"wp","href":"https:\/\/api.w.org\/{rel}","templated":true}]}}