{"id":830784,"date":"2025-08-08T17:37:12","date_gmt":"2025-08-08T15:37:12","guid":{"rendered":"https:\/\/lucacastelli.com\/prodotto\/milwaukee-rohrinspektionskamera\/"},"modified":"2025-08-08T17:37:12","modified_gmt":"2025-08-08T15:37:12","slug":"milwaukee-rohrinspektionskamera","status":"publish","type":"product","link":"https:\/\/lucacastelli.com\/de\/produkt\/milwaukee-rohrinspektionskamera\/","title":{"rendered":"MILWAUKEE Rohrinspektionskamera"},"content":{"rendered":"<p>M12SICO20-0 KANAL-INSPEKT. KAM. 20M M.16MM<br \/>\nDie neue 16 mm HD-Kamera garantiert h\u00f6chste Handlichkeit in Rohren mit kleinem Durchmesser bei besten Bildern ihrer Klasse;20 m langes, ultraflexibles Kabel mit 7,5 mm Durchmesser, perfekt f\u00fcr 90-Grad-B\u00f6gen in 32-mm-Rohrleitungen;Integrierter Smart Hub mit USB-Anschluss;Die WLAN-Funktion erm\u00f6glicht Daten\u00fcbertragung via USB-A, USB-C und WLAN;Dank kompakter Bauweise l\u00e4sst sich die Kamera problemlos in jedem Transporter verstauen und kann auch in engsten R\u00e4umen eingesetzt werden;Integrierte Sonde f\u00fcr einfache Ortung: 512 Hz zur Verwendung mit allen g\u00e4ngigen Ortungsger\u00e4ten;Kann mit M12\u2122- und M18\u2122-Monitor oder mit der Pipeline Inspection App verwendet werden;Vollst\u00e4ndig geschlossene Trommel f\u00fcr bessere Schmutzr\u00fcckhaltung;Praktischer Griff f\u00fcr einfachen Transport;Isolierte Gummibasis;LED der neuesten Generation zur Ausleuchtung von Rohrleitungen von 32 bis 75 mm<\/p>\n<p>4933498231<br \/>\n4058546521004<\/p>\n","protected":false},"excerpt":{"rendered":"<p>M12SICO20-0 KANAL-INSPEKT. KAM. 20M M.16MM<\/p>\n","protected":false},"featured_media":599547,"template":"","meta":{"_seopress_robots_primary_cat":"","_seopress_titles_title":"","_seopress_titles_desc":"","_seopress_robots_index":""},"product_brand":[3407],"product_cat":[5531,29,514],"product_tag":[3270],"class_list":{"0":"post-830784","1":"product","2":"type-product","3":"status-publish","4":"has-post-thumbnail","6":"product_brand-milwaukee","7":"product_cat-vari-macchinari-milwaukee","8":"product_cat-macchinari","9":"product_cat-altri-dispositivi","10":"product_tag-import-milwau","11":"sws-conto-ricavi-merci-rivendita-macchinari-de","12":"sws-gruppo-iva-iva81-de","14":"first","15":"onbackorder","16":"sale","17":"shipping-taxable","18":"purchasable","19":"product-type-simple"},"_links":{"self":[{"href":"https:\/\/lucacastelli.com\/de\/wp-json\/wp\/v2\/product\/830784","targetHints":{"allow":["GET"]}}],"collection":[{"href":"https:\/\/lucacastelli.com\/de\/wp-json\/wp\/v2\/product"}],"about":[{"href":"https:\/\/lucacastelli.com\/de\/wp-json\/wp\/v2\/types\/product"}],"wp:featuredmedia":[{"embeddable":true,"href":"https:\/\/lucacastelli.com\/de\/wp-json\/wp\/v2\/media\/599547"}],"wp:attachment":[{"href":"https:\/\/lucacastelli.com\/de\/wp-json\/wp\/v2\/media?parent=830784"}],"wp:term":[{"taxonomy":"product_brand","embeddable":true,"href":"https:\/\/lucacastelli.com\/de\/wp-json\/wp\/v2\/product_brand?post=830784"},{"taxonomy":"product_cat","embeddable":true,"href":"https:\/\/lucacastelli.com\/de\/wp-json\/wp\/v2\/product_cat?post=830784"},{"taxonomy":"product_tag","embeddable":true,"href":"https:\/\/lucacastelli.com\/de\/wp-json\/wp\/v2\/product_tag?post=830784"}],"curies":[{"name":"wp","href":"https:\/\/api.w.org\/{rel}","templated":true}]}}