{"id":830776,"date":"2025-08-08T17:37:09","date_gmt":"2025-08-08T15:37:09","guid":{"rendered":"https:\/\/lucacastelli.com\/prodotto\/milwaukee-360-inspektionskamera-12-m-m12\/"},"modified":"2025-08-08T17:37:09","modified_gmt":"2025-08-08T15:37:09","slug":"milwaukee-360-inspektionskamera-12-m-m12","status":"publish","type":"product","link":"https:\/\/lucacastelli.com\/de\/produkt\/milwaukee-360-inspektionskamera-12-m-m12\/","title":{"rendered":"MILWAUKEE 360\u00b0 Inspektionskamera 1,2 m M12\u2122"},"content":{"rendered":"<p>M12 360IC12-201C 1,2M\/INSPEKTIONSKAMERA<br \/>\nDas grosse 4,3-Zoll-LCD-Display liefert gestochen scharfe und detaillierte Bilder; Der Bildschirm ist um 270 Grad drehbar, damit der Anwender stets ein aufrechtes und ausgerichtetes Bild hat; Das 1,2 m lange Kabel bietet den idealen Kompromiss zwischen Flexibilit\u00e4t f\u00fcr Rohrpr\u00fcfungen und Steifigkeit f\u00fcr Inspektionen hinter W\u00e4nden; 5 Helligkeitsstufen einstellbar, ohne Risiko von Schattenbildung oder Blendeffekten; Inklusive 32 GB Micro-SD-Karte zum Speichern von Bildern und Videos; 10 mm Kamerakopf f\u00fcr einfachen Zugang in engen Bereichen; Hervorragende Bildqualit\u00e4t dank 720p-Aufl\u00f6sung; 3 Zoomstufen, um selbst kleinste Details zu fokussieren; Zus\u00e4tzlich kann das Bild digital um 180 Grad gedreht werden; Kabel und Kamera sind IP67-zertifiziert und somit vollst\u00e4ndig gegen das Eindringen von Sand, Staub und Fl\u00fcssigkeiten gesch\u00fctzt; Haken, Spiegel und Kugelaufsatz f\u00fcr die Inspektion sind im Lieferumfang enthalten; Der REDLITHIUM\u2122-Akku bietet eine fortschrittliche Konstruktion und konstante Leistung f\u00fcr l\u00e4ngere Laufzeit und maximale Lebensdauer; Kompatibel mit allen MILWAUKEE\u00ae M12\u2122 Akkus<\/p>\n<p>4933480740<br \/>\n4058546410254<\/p>\n","protected":false},"excerpt":{"rendered":"<p>M12 360IC12-201C 1,2M\/INSPEKTIONSKAMERA<\/p>\n","protected":false},"featured_media":582841,"template":"","meta":{"_seopress_robots_primary_cat":"","_seopress_titles_title":"","_seopress_titles_desc":"","_seopress_robots_index":""},"product_brand":[3656],"product_cat":[5534,169,1454],"product_tag":[3272],"class_list":{"0":"post-830776","1":"product","2":"type-product","3":"status-publish","4":"has-post-thumbnail","6":"product_brand-milwaukee-de","7":"product_cat-verschiedene-maschinen-von-milwaukee","8":"product_cat-maschinen","9":"product_cat-andere-gerate","10":"product_tag-import-milwau-de","11":"sws-conto-ricavi-merci-rivendita-macchinari-de","12":"sws-gruppo-iva-iva81-de","14":"first","15":"onbackorder","16":"sale","17":"shipping-taxable","18":"purchasable","19":"product-type-simple"},"_links":{"self":[{"href":"https:\/\/lucacastelli.com\/de\/wp-json\/wp\/v2\/product\/830776","targetHints":{"allow":["GET"]}}],"collection":[{"href":"https:\/\/lucacastelli.com\/de\/wp-json\/wp\/v2\/product"}],"about":[{"href":"https:\/\/lucacastelli.com\/de\/wp-json\/wp\/v2\/types\/product"}],"wp:featuredmedia":[{"embeddable":true,"href":"https:\/\/lucacastelli.com\/de\/wp-json\/wp\/v2\/media\/582841"}],"wp:attachment":[{"href":"https:\/\/lucacastelli.com\/de\/wp-json\/wp\/v2\/media?parent=830776"}],"wp:term":[{"taxonomy":"product_brand","embeddable":true,"href":"https:\/\/lucacastelli.com\/de\/wp-json\/wp\/v2\/product_brand?post=830776"},{"taxonomy":"product_cat","embeddable":true,"href":"https:\/\/lucacastelli.com\/de\/wp-json\/wp\/v2\/product_cat?post=830776"},{"taxonomy":"product_tag","embeddable":true,"href":"https:\/\/lucacastelli.com\/de\/wp-json\/wp\/v2\/product_tag?post=830776"}],"curies":[{"name":"wp","href":"https:\/\/api.w.org\/{rel}","templated":true}]}}