{"id":830772,"date":"2025-08-08T17:37:10","date_gmt":"2025-08-08T15:37:10","guid":{"rendered":"https:\/\/lucacastelli.com\/prodotto\/milwaukee-inspektionskamera-12-m-alkaline\/"},"modified":"2025-08-08T17:37:10","modified_gmt":"2025-08-08T15:37:10","slug":"milwaukee-inspektionskamera-12-m-alkaline","status":"publish","type":"product","link":"https:\/\/lucacastelli.com\/de\/produkt\/milwaukee-inspektionskamera-12-m-alkaline\/","title":{"rendered":"MILWAUKEE Inspektionskamera 1,2 m Alkaline"},"content":{"rendered":"<p>AIC2 ALKALINE\/INSPEKTIONSKAMERAS<br \/>\nDas grosse 4,3-Zoll-LCD-Display liefert scharfe und detaillierte Bilder; Das 1,2 m Kabel ist der richtige Kompromiss zwischen Flexibilit\u00e4t f\u00fcr die Inspektion in Rohrleitungen und Steifigkeit f\u00fcr die Inspektion hinter W\u00e4nden; M\u00f6glichkeit, 5 verschiedene Helligkeitsstufen einzustellen, ohne Schatten oder ungewollte Blendung; Hervorragende Bildqualit\u00e4t dank Kamera mit 720p-Aufl\u00f6sung; 3 Zoomstufen, um auch kleinste Details scharf zu stellen; M\u00f6glichkeit, das Bild digital um 180 Grad zu drehen; Funktioniert mit 4 AA-Batterien, die bereits im Lieferumfang enthalten sind; Kabel und Kamera sind IP67-zertifiziert und somit vollst\u00e4ndig gegen das Eindringen von Sand, Staub und Fl\u00fcssigkeiten gesch\u00fctzt; Inklusive Haken, Magnet, Spiegel und Kugelhalterung f\u00fcr die Inspektion; 10 mm Kamera f\u00fcr einfachen Zugang in engen R\u00e4umen<\/p>\n<p>4933480738<br \/>\n4058546410230<\/p>\n","protected":false},"excerpt":{"rendered":"<p>AIC2 ALKALINE\/INSPEKTIONSKAMERAS<\/p>\n","protected":false},"featured_media":582803,"template":"","meta":{"_seopress_robots_primary_cat":"","_seopress_titles_title":"","_seopress_titles_desc":"","_seopress_robots_index":""},"product_brand":[3407],"product_cat":[5531,29,514],"product_tag":[3270],"class_list":{"0":"post-830772","1":"product","2":"type-product","3":"status-publish","4":"has-post-thumbnail","6":"product_brand-milwaukee","7":"product_cat-vari-macchinari-milwaukee","8":"product_cat-macchinari","9":"product_cat-altri-dispositivi","10":"product_tag-import-milwau","11":"sws-conto-ricavi-merci-rivendita-macchinari-de","12":"sws-gruppo-iva-iva81-de","14":"first","15":"onbackorder","16":"sale","17":"shipping-taxable","18":"purchasable","19":"product-type-simple"},"_links":{"self":[{"href":"https:\/\/lucacastelli.com\/de\/wp-json\/wp\/v2\/product\/830772","targetHints":{"allow":["GET"]}}],"collection":[{"href":"https:\/\/lucacastelli.com\/de\/wp-json\/wp\/v2\/product"}],"about":[{"href":"https:\/\/lucacastelli.com\/de\/wp-json\/wp\/v2\/types\/product"}],"wp:featuredmedia":[{"embeddable":true,"href":"https:\/\/lucacastelli.com\/de\/wp-json\/wp\/v2\/media\/582803"}],"wp:attachment":[{"href":"https:\/\/lucacastelli.com\/de\/wp-json\/wp\/v2\/media?parent=830772"}],"wp:term":[{"taxonomy":"product_brand","embeddable":true,"href":"https:\/\/lucacastelli.com\/de\/wp-json\/wp\/v2\/product_brand?post=830772"},{"taxonomy":"product_cat","embeddable":true,"href":"https:\/\/lucacastelli.com\/de\/wp-json\/wp\/v2\/product_cat?post=830772"},{"taxonomy":"product_tag","embeddable":true,"href":"https:\/\/lucacastelli.com\/de\/wp-json\/wp\/v2\/product_tag?post=830772"}],"curies":[{"name":"wp","href":"https:\/\/api.w.org\/{rel}","templated":true}]}}