{"id":830761,"date":"2025-08-08T17:37:56","date_gmt":"2025-08-08T15:37:56","guid":{"rendered":"https:\/\/lucacastelli.com\/prodotto\/milwaukee-ventilator\/"},"modified":"2025-08-08T17:37:56","modified_gmt":"2025-08-08T15:37:56","slug":"milwaukee-ventilator","status":"publish","type":"product","link":"https:\/\/lucacastelli.com\/de\/produkt\/milwaukee-ventilator\/","title":{"rendered":"MILWAUKEE Ventilator"},"content":{"rendered":"<p>M18 AFG2-0 \/ VENTILATOREN<br \/>\nKopfdurchmesser 180 mm, variable Geschwindigkeit und Luftdurchsatz bis zu 1444 m\u00b3\/h;Um 300 Grad verstellbarer Kopf f\u00fcr den Einsatz des Ventilators in verschiedenen H\u00f6hen und Positionen;Kompaktes Design mit integriertem Griff f\u00fcr maximale Tragbarkeit;Basis kompatibel mit dem PACKOUT\u2122-System;Die L\u00f6cher an der Unterseite bieten dem Benutzer die M\u00f6glichkeit, den Ventilator bei Bedarf an der Wand zu montieren, w\u00e4hrend die Durchgangsl\u00f6cher an den Seiten das Aufh\u00e4ngen des Ventilators erm\u00f6glichen;13,5 Stunden Laufzeit bei mittlerer Leistung, 3 Stunden bei maximaler Leistung mit M18 B5 Akku (5,0 Ah);Funktioniert mit allen M18\u2122 MILWAUKEE\u00ae Akkus;Hybrid-Stromversorgung mit Akku oder Netzstrom;Geliefert mit Kabel f\u00fcr Netzbetrieb<\/p>\n<p>4933493443<br \/>\n4058546483142<\/p>\n","protected":false},"excerpt":{"rendered":"<p>M18 AFG2-0 \/ VENTILATOREN<\/p>\n","protected":false},"featured_media":589967,"template":"","meta":{"_seopress_robots_primary_cat":"","_seopress_titles_title":"","_seopress_titles_desc":"","_seopress_robots_index":""},"product_brand":[3407],"product_cat":[5531,29,514],"product_tag":[3270],"class_list":{"0":"post-830761","1":"product","2":"type-product","3":"status-publish","4":"has-post-thumbnail","6":"product_brand-milwaukee","7":"product_cat-vari-macchinari-milwaukee","8":"product_cat-macchinari","9":"product_cat-altri-dispositivi","10":"product_tag-import-milwau","11":"sws-conto-ricavi-merci-rivendita-macchinari-de","12":"sws-gruppo-iva-iva81-de","14":"first","15":"onbackorder","16":"sale","17":"shipping-taxable","18":"purchasable","19":"product-type-simple"},"_links":{"self":[{"href":"https:\/\/lucacastelli.com\/de\/wp-json\/wp\/v2\/product\/830761","targetHints":{"allow":["GET"]}}],"collection":[{"href":"https:\/\/lucacastelli.com\/de\/wp-json\/wp\/v2\/product"}],"about":[{"href":"https:\/\/lucacastelli.com\/de\/wp-json\/wp\/v2\/types\/product"}],"wp:featuredmedia":[{"embeddable":true,"href":"https:\/\/lucacastelli.com\/de\/wp-json\/wp\/v2\/media\/589967"}],"wp:attachment":[{"href":"https:\/\/lucacastelli.com\/de\/wp-json\/wp\/v2\/media?parent=830761"}],"wp:term":[{"taxonomy":"product_brand","embeddable":true,"href":"https:\/\/lucacastelli.com\/de\/wp-json\/wp\/v2\/product_brand?post=830761"},{"taxonomy":"product_cat","embeddable":true,"href":"https:\/\/lucacastelli.com\/de\/wp-json\/wp\/v2\/product_cat?post=830761"},{"taxonomy":"product_tag","embeddable":true,"href":"https:\/\/lucacastelli.com\/de\/wp-json\/wp\/v2\/product_tag?post=830761"}],"curies":[{"name":"wp","href":"https:\/\/api.w.org\/{rel}","templated":true}]}}