{"id":830758,"date":"2025-08-08T18:15:53","date_gmt":"2025-08-08T16:15:53","guid":{"rendered":"https:\/\/lucacastelli.com\/prodotto\/milwaukee-big-hawg-multimaterial-lochsaegen-set\/"},"modified":"2025-08-08T18:15:53","modified_gmt":"2025-08-08T16:15:53","slug":"milwaukee-big-hawg-multimaterial-lochsaegen-set","status":"publish","type":"product","link":"https:\/\/lucacastelli.com\/de\/produkt\/milwaukee-big-hawg-multimaterial-lochsaegen-set\/","title":{"rendered":"MILWAUKEE BIG HAWG\u2122 Multimaterial-Lochs\u00e4gen-Set"},"content":{"rendered":"<p>LOCHS\u00c4GEN-SET &#8211; MULTIMATERIAL 10-tlg.<br \/>\nBIG HAWG\u2122 Multimaterial-Lochs\u00e4gen sind ideal f\u00fcr Elektriker, Zimmerleute, K\u00fcchenbauer sowie alle Anwender in den Bereichen Sanit\u00e4r, L\u00fcftung und Heizung;Entwickelt f\u00fcr den Einsatz in einer Vielzahl von Materialien;Ziegel &#8211; geeignet f\u00fcr weiche Vollziegel und weiche Lochziegel;Gasbeton, Leichtbetonbl\u00f6cke und Betonsteine;Kalksandstein mit geringer Dichte, Steine mit einer H\u00e4rte bis zu 30 N\/mm\u00b2;Weichholz, harzhaltiges Holz, Spanplatten, Sperrholz und MDF-Platten;Kunststoff;Gips \/ Gipskartonplatten<\/p>\n<p>4932464939<br \/>\n4058546228842<\/p>\n","protected":false},"excerpt":{"rendered":"<p>LOCHS\u00c4GEN-SET &#8211; MULTIMATERIAL 10-tlg.<\/p>\n","protected":false},"featured_media":530277,"template":"","meta":{"_seopress_robots_primary_cat":"","_seopress_titles_title":"","_seopress_titles_desc":"","_seopress_robots_index":""},"product_brand":[3407],"product_cat":[29,514,549,550],"product_tag":[3270],"class_list":{"0":"post-830758","1":"product","2":"type-product","3":"status-publish","4":"has-post-thumbnail","6":"product_brand-milwaukee","7":"product_cat-macchinari","8":"product_cat-altri-dispositivi","9":"product_cat-trapani-e-avvitatori","10":"product_cat-accessori-per-trapani-ed-avvitatori","11":"product_tag-import-milwau","12":"sws-conto-ricavi-merci-rivendita-macchinari-de","13":"sws-gruppo-iva-iva81-de","15":"first","16":"onbackorder","17":"shipping-taxable","18":"purchasable","19":"product-type-simple"},"_links":{"self":[{"href":"https:\/\/lucacastelli.com\/de\/wp-json\/wp\/v2\/product\/830758","targetHints":{"allow":["GET"]}}],"collection":[{"href":"https:\/\/lucacastelli.com\/de\/wp-json\/wp\/v2\/product"}],"about":[{"href":"https:\/\/lucacastelli.com\/de\/wp-json\/wp\/v2\/types\/product"}],"wp:featuredmedia":[{"embeddable":true,"href":"https:\/\/lucacastelli.com\/de\/wp-json\/wp\/v2\/media\/530277"}],"wp:attachment":[{"href":"https:\/\/lucacastelli.com\/de\/wp-json\/wp\/v2\/media?parent=830758"}],"wp:term":[{"taxonomy":"product_brand","embeddable":true,"href":"https:\/\/lucacastelli.com\/de\/wp-json\/wp\/v2\/product_brand?post=830758"},{"taxonomy":"product_cat","embeddable":true,"href":"https:\/\/lucacastelli.com\/de\/wp-json\/wp\/v2\/product_cat?post=830758"},{"taxonomy":"product_tag","embeddable":true,"href":"https:\/\/lucacastelli.com\/de\/wp-json\/wp\/v2\/product_tag?post=830758"}],"curies":[{"name":"wp","href":"https:\/\/api.w.org\/{rel}","templated":true}]}}