{"id":830746,"date":"2025-08-08T18:33:47","date_gmt":"2025-08-08T16:33:47","guid":{"rendered":"https:\/\/lucacastelli.com\/prodotto\/milwaukee-4-tlg-finish-blaetter-set-fuer-mx-fuel-glaettmaschine-900-mm\/"},"modified":"2025-08-08T18:33:47","modified_gmt":"2025-08-08T16:33:47","slug":"milwaukee-4-tlg-finish-blaetter-set-fuer-mx-fuel-glaettmaschine-900-mm","status":"publish","type":"product","link":"https:\/\/lucacastelli.com\/de\/produkt\/milwaukee-4-tlg-finish-blaetter-set-fuer-mx-fuel-glaettmaschine-900-mm\/","title":{"rendered":"MILWAUKEE 4-tlg. Finish-Bl\u00e4tter-Set f\u00fcr MX FUEL\u2122 Gl\u00e4ttmaschine 900 mm"},"content":{"rendered":"<p>MXFWBT90 900 mm Finish-Bl\u00e4tter 4-tlg. Set<br \/>\nFinish-Blatt f\u00fcr MX FUEL\u2122 Gl\u00e4ttmaschine 900; Zur Verwendung nach dem Abziehvorgang, sobald die Oberfl\u00e4che ausreichend ausgeh\u00e4rtet und getrocknet ist; Die Finish-Bl\u00e4tter erm\u00f6glichen eine glatte und gleichm\u00e4\u00dfige Oberfl\u00e4che.<\/p>\n<p>4932498923<br \/>\n4058546527921<\/p>\n","protected":false},"excerpt":{"rendered":"<p>MXFWBT90 900 mm Finish-Bl\u00e4tter 4-tlg. Set<\/p>\n","protected":false},"featured_media":599633,"template":"","meta":{"_seopress_robots_primary_cat":"","_seopress_titles_title":"","_seopress_titles_desc":"","_seopress_robots_index":""},"product_brand":[3407],"product_cat":[5416,33],"product_tag":[3270],"class_list":{"0":"post-830746","1":"product","2":"type-product","3":"status-publish","4":"has-post-thumbnail","6":"product_brand-milwaukee","7":"product_cat-utensili-per-officina","8":"product_cat-attrezzature","9":"product_tag-import-milwau","10":"sws-conto-ricavi-merci-rivendita-macchinari-de","11":"sws-gruppo-iva-iva81-de","13":"first","14":"onbackorder","15":"sale","16":"shipping-taxable","17":"purchasable","18":"product-type-simple"},"_links":{"self":[{"href":"https:\/\/lucacastelli.com\/de\/wp-json\/wp\/v2\/product\/830746","targetHints":{"allow":["GET"]}}],"collection":[{"href":"https:\/\/lucacastelli.com\/de\/wp-json\/wp\/v2\/product"}],"about":[{"href":"https:\/\/lucacastelli.com\/de\/wp-json\/wp\/v2\/types\/product"}],"wp:featuredmedia":[{"embeddable":true,"href":"https:\/\/lucacastelli.com\/de\/wp-json\/wp\/v2\/media\/599633"}],"wp:attachment":[{"href":"https:\/\/lucacastelli.com\/de\/wp-json\/wp\/v2\/media?parent=830746"}],"wp:term":[{"taxonomy":"product_brand","embeddable":true,"href":"https:\/\/lucacastelli.com\/de\/wp-json\/wp\/v2\/product_brand?post=830746"},{"taxonomy":"product_cat","embeddable":true,"href":"https:\/\/lucacastelli.com\/de\/wp-json\/wp\/v2\/product_cat?post=830746"},{"taxonomy":"product_tag","embeddable":true,"href":"https:\/\/lucacastelli.com\/de\/wp-json\/wp\/v2\/product_tag?post=830746"}],"curies":[{"name":"wp","href":"https:\/\/api.w.org\/{rel}","templated":true}]}}