{"id":830745,"date":"2025-08-08T18:33:49","date_gmt":"2025-08-08T16:33:49","guid":{"rendered":"https:\/\/lucacastelli.com\/prodotto\/milwaukee-kombiblatt-set-4-tlg-fuer-glaettmaschine-mx-fuel-600-mm\/"},"modified":"2025-08-08T18:33:49","modified_gmt":"2025-08-08T16:33:49","slug":"milwaukee-kombiblatt-set-4-tlg-fuer-glaettmaschine-mx-fuel-600-mm","status":"publish","type":"product","link":"https:\/\/lucacastelli.com\/de\/produkt\/milwaukee-kombiblatt-set-4-tlg-fuer-glaettmaschine-mx-fuel-600-mm\/","title":{"rendered":"MILWAUKEE Kombiblatt-Set 4-tlg. f\u00fcr Gl\u00e4ttmaschine MX FUEL\u2122 600 mm"},"content":{"rendered":"<p>MXFWBT60CB 600 mm Gl\u00e4ttbl\u00e4tter 4-tlg. Set<br \/>\nKombibl\u00e4tter f\u00fcr die Gl\u00e4ttmaschine MX FUEL\u2122 600;Kombibl\u00e4tter erm\u00f6glichen sowohl das Abziehen als auch das Gl\u00e4tten ohne Blattwechsel;Der Einsatz von Kombibl\u00e4ttern erlaubt eine flexible Reaktion auf unterschiedliche Anforderungen.<\/p>\n<p>4932498918<br \/>\n4058546527877<\/p>\n","protected":false},"excerpt":{"rendered":"<p>MXFWBT60CB 600 mm Gl\u00e4ttbl\u00e4tter 4-tlg. Set<\/p>\n","protected":false},"featured_media":599624,"template":"","meta":{"_seopress_robots_primary_cat":"","_seopress_titles_title":"","_seopress_titles_desc":"","_seopress_robots_index":""},"product_brand":[3407],"product_cat":[5416,33],"product_tag":[3270],"class_list":{"0":"post-830745","1":"product","2":"type-product","3":"status-publish","4":"has-post-thumbnail","6":"product_brand-milwaukee","7":"product_cat-utensili-per-officina","8":"product_cat-attrezzature","9":"product_tag-import-milwau","10":"sws-conto-ricavi-merci-rivendita-macchinari-de","11":"sws-gruppo-iva-iva81-de","13":"first","14":"onbackorder","15":"sale","16":"shipping-taxable","17":"purchasable","18":"product-type-simple"},"_links":{"self":[{"href":"https:\/\/lucacastelli.com\/de\/wp-json\/wp\/v2\/product\/830745","targetHints":{"allow":["GET"]}}],"collection":[{"href":"https:\/\/lucacastelli.com\/de\/wp-json\/wp\/v2\/product"}],"about":[{"href":"https:\/\/lucacastelli.com\/de\/wp-json\/wp\/v2\/types\/product"}],"wp:featuredmedia":[{"embeddable":true,"href":"https:\/\/lucacastelli.com\/de\/wp-json\/wp\/v2\/media\/599624"}],"wp:attachment":[{"href":"https:\/\/lucacastelli.com\/de\/wp-json\/wp\/v2\/media?parent=830745"}],"wp:term":[{"taxonomy":"product_brand","embeddable":true,"href":"https:\/\/lucacastelli.com\/de\/wp-json\/wp\/v2\/product_brand?post=830745"},{"taxonomy":"product_cat","embeddable":true,"href":"https:\/\/lucacastelli.com\/de\/wp-json\/wp\/v2\/product_cat?post=830745"},{"taxonomy":"product_tag","embeddable":true,"href":"https:\/\/lucacastelli.com\/de\/wp-json\/wp\/v2\/product_tag?post=830745"}],"curies":[{"name":"wp","href":"https:\/\/api.w.org\/{rel}","templated":true}]}}