{"id":830743,"date":"2025-08-08T18:33:48","date_gmt":"2025-08-08T16:33:48","guid":{"rendered":"https:\/\/lucacastelli.com\/prodotto\/milwaukee-kombiblaetter-set-4-tlg-fuer-mx-fuel-900-mm-glaettmaschine\/"},"modified":"2025-08-08T18:33:48","modified_gmt":"2025-08-08T16:33:48","slug":"milwaukee-kombiblaetter-set-4-tlg-fuer-mx-fuel-900-mm-glaettmaschine","status":"publish","type":"product","link":"https:\/\/lucacastelli.com\/de\/produkt\/milwaukee-kombiblaetter-set-4-tlg-fuer-mx-fuel-900-mm-glaettmaschine\/","title":{"rendered":"MILWAUKEE Kombibl\u00e4tter-Set 4-tlg. f\u00fcr MX FUEL\u2122 900 mm Gl\u00e4ttmaschine"},"content":{"rendered":"<p>MXFWBT90 900 mm Gl\u00e4ttbl\u00e4tter 4-tlg. Set<br \/>\nKombibl\u00e4tter f\u00fcr die MX FUEL\u2122 900 Gl\u00e4ttmaschine;Kombibl\u00e4tter erm\u00f6glichen sowohl das Nivellieren als auch das Gl\u00e4tten ohne Klingenwechsel;Der Einsatz von Kombibl\u00e4ttern erm\u00f6glicht eine flexible Reaktion auf unterschiedliche Anforderungen<\/p>\n<p>4932498920<br \/>\n4058546527891<\/p>\n","protected":false},"excerpt":{"rendered":"<p>MXFWBT90 900 mm Gl\u00e4ttbl\u00e4tter 4-tlg. Set<\/p>\n","protected":false},"featured_media":599629,"template":"","meta":{"_seopress_robots_primary_cat":"","_seopress_titles_title":"","_seopress_titles_desc":"","_seopress_robots_index":""},"product_brand":[3407],"product_cat":[5416,33],"product_tag":[3270],"class_list":{"0":"post-830743","1":"product","2":"type-product","3":"status-publish","4":"has-post-thumbnail","6":"product_brand-milwaukee","7":"product_cat-utensili-per-officina","8":"product_cat-attrezzature","9":"product_tag-import-milwau","10":"sws-conto-ricavi-merci-rivendita-macchinari-de","11":"sws-gruppo-iva-iva81-de","13":"first","14":"onbackorder","15":"sale","16":"shipping-taxable","17":"purchasable","18":"product-type-simple"},"_links":{"self":[{"href":"https:\/\/lucacastelli.com\/de\/wp-json\/wp\/v2\/product\/830743","targetHints":{"allow":["GET"]}}],"collection":[{"href":"https:\/\/lucacastelli.com\/de\/wp-json\/wp\/v2\/product"}],"about":[{"href":"https:\/\/lucacastelli.com\/de\/wp-json\/wp\/v2\/types\/product"}],"wp:featuredmedia":[{"embeddable":true,"href":"https:\/\/lucacastelli.com\/de\/wp-json\/wp\/v2\/media\/599629"}],"wp:attachment":[{"href":"https:\/\/lucacastelli.com\/de\/wp-json\/wp\/v2\/media?parent=830743"}],"wp:term":[{"taxonomy":"product_brand","embeddable":true,"href":"https:\/\/lucacastelli.com\/de\/wp-json\/wp\/v2\/product_brand?post=830743"},{"taxonomy":"product_cat","embeddable":true,"href":"https:\/\/lucacastelli.com\/de\/wp-json\/wp\/v2\/product_cat?post=830743"},{"taxonomy":"product_tag","embeddable":true,"href":"https:\/\/lucacastelli.com\/de\/wp-json\/wp\/v2\/product_tag?post=830743"}],"curies":[{"name":"wp","href":"https:\/\/api.w.org\/{rel}","templated":true}]}}