{"id":830739,"date":"2025-08-08T18:15:49","date_gmt":"2025-08-08T16:15:49","guid":{"rendered":"https:\/\/lucacastelli.com\/prodotto\/milwaukee-set-sds-plus-bohrer-10-tlg\/"},"modified":"2025-08-08T18:15:49","modified_gmt":"2025-08-08T16:15:49","slug":"milwaukee-set-sds-plus-bohrer-10-tlg","status":"publish","type":"product","link":"https:\/\/lucacastelli.com\/de\/produkt\/milwaukee-set-sds-plus-bohrer-10-tlg\/","title":{"rendered":"MILWAUKEE SET SDS-Plus BOHRER 10-tlg."},"content":{"rendered":"<p>SET SDS-Plus BOHRER 10-tlg.<br \/>\n3 spezielle aggressive Antriebsz\u00e4hne erzeugen Mikrorisse im zu bohrenden Material&lt;br&gt; eine Zentrierspitze bis zu 25% SCHNELLER&lt;br&gt; erm\u00f6glicht leichtes und pr\u00e4zises Bohren ohne Verrutschen&lt;br&gt; einige Verst\u00e4rkungsabschr\u00e4gungen sch\u00fctzen das Hartmetallelement in den Bewehrungen und reduzieren das Ausbrechen der Kanten&lt;br&gt; konischer Spiralr\u00fccken: der schmale, zur Bohrspitze gerichtete konische Spiralr\u00fccken reduziert die Reibung und erh\u00f6ht dadurch die Bohrgeschwindigkeit&lt;br&gt; Ideal f\u00fcr den Einsatz mit Schlagbohrmaschinen&lt;br&gt; Spirale mit verst\u00e4rktem Kern&lt;br&gt; gro\u00dfvolumiges Spiraldesign f\u00fcr optimalen Bohrstaubtransport&lt;br&gt; die Spirale mit verst\u00e4rktem Kern d\u00e4mpft Vibrationen, die Schlagenergie wird besser auf die Bohrspitze \u00fcbertragen und die Bruchfestigkeit wird erh\u00f6ht&lt;br&gt; Made in Germany&lt;br&gt; LEBENSDAUER: Die gr\u00f6\u00dferen Verst\u00e4rkungsabschr\u00e4gungen und die Spirale mit verst\u00e4rktem Kern erm\u00f6glichen mehr Kraft\u00fcbertragung, reduzieren Vibrationen und Bruchgefahr: Set bestehend aus: je einem Bohrer<br \/>\n\u2300 5 \/ 5 \/ 6 \/ 6 x 110 mm und je einem \u2300 6 \/ 6 \/ 8 \/ 8 \/ 10 \/ 12 x 160 mm in Packout Kunststoffbox<\/p>\n<p>4932492117<br \/>\n4058546414849<\/p>\n","protected":false},"excerpt":{"rendered":"<p>SET SDS-Plus BOHRER 10-tlg.<\/p>\n","protected":false},"featured_media":554961,"template":"","meta":{"_seopress_robots_primary_cat":"","_seopress_titles_title":"","_seopress_titles_desc":"","_seopress_robots_index":""},"product_brand":[3407],"product_cat":[29,514,549,550],"product_tag":[3270],"class_list":{"0":"post-830739","1":"product","2":"type-product","3":"status-publish","4":"has-post-thumbnail","6":"product_brand-milwaukee","7":"product_cat-macchinari","8":"product_cat-altri-dispositivi","9":"product_cat-trapani-e-avvitatori","10":"product_cat-accessori-per-trapani-ed-avvitatori","11":"product_tag-import-milwau","12":"sws-conto-ricavi-merci-rivendita-macchinari-de","13":"sws-gruppo-iva-iva81-de","15":"first","16":"onbackorder","17":"shipping-taxable","18":"purchasable","19":"product-type-simple"},"_links":{"self":[{"href":"https:\/\/lucacastelli.com\/de\/wp-json\/wp\/v2\/product\/830739","targetHints":{"allow":["GET"]}}],"collection":[{"href":"https:\/\/lucacastelli.com\/de\/wp-json\/wp\/v2\/product"}],"about":[{"href":"https:\/\/lucacastelli.com\/de\/wp-json\/wp\/v2\/types\/product"}],"wp:featuredmedia":[{"embeddable":true,"href":"https:\/\/lucacastelli.com\/de\/wp-json\/wp\/v2\/media\/554961"}],"wp:attachment":[{"href":"https:\/\/lucacastelli.com\/de\/wp-json\/wp\/v2\/media?parent=830739"}],"wp:term":[{"taxonomy":"product_brand","embeddable":true,"href":"https:\/\/lucacastelli.com\/de\/wp-json\/wp\/v2\/product_brand?post=830739"},{"taxonomy":"product_cat","embeddable":true,"href":"https:\/\/lucacastelli.com\/de\/wp-json\/wp\/v2\/product_cat?post=830739"},{"taxonomy":"product_tag","embeddable":true,"href":"https:\/\/lucacastelli.com\/de\/wp-json\/wp\/v2\/product_tag?post=830739"}],"curies":[{"name":"wp","href":"https:\/\/api.w.org\/{rel}","templated":true}]}}