{"id":830730,"date":"2025-08-08T18:08:40","date_gmt":"2025-08-08T16:08:40","guid":{"rendered":"https:\/\/lucacastelli.com\/prodotto\/milwaukee-selfeed-bohrer-switchblade-2\/"},"modified":"2025-08-08T18:08:40","modified_gmt":"2025-08-08T16:08:40","slug":"milwaukee-selfeed-bohrer-switchblade-2","status":"publish","type":"product","link":"https:\/\/lucacastelli.com\/de\/produkt\/milwaukee-selfeed-bohrer-switchblade-2\/","title":{"rendered":"MILWAUKEE Selfeed-Bohrer SWITCHBLADE"},"content":{"rendered":"<p>Holzbohrer Selfeed Bit Set-8-tlg.<br \/>\nAlle Gr\u00f6\u00dfen sind mit abnehmbaren und austauschbaren Zentrierspitzen erh\u00e4ltlich. Zwei Zentrierspitzen werden mit jedem Bohrer geliefert; Mit Gr\u00f6\u00dfen von 76, 92 und 116 mm verf\u00fcgt dieser Bohrer \u00fcber zwei Innenschneiden, die einen sauberen und gleichm\u00e4\u00dfigen Schnitt erm\u00f6glichen. Austauschbare Halterung; Zwei Zentrierspitzen werden mit jedem Bohrer geliefert; Einfachheit und Geschwindigkeit sind die Merkmale dieses Bohrers  <\/p>\n<p>4932479488<br \/>\n4058546372828<\/p>\n","protected":false},"excerpt":{"rendered":"<p>Holzbohrer Selfeed Bit Set-8-tlg.<\/p>\n","protected":false},"featured_media":543992,"template":"","meta":{"_seopress_robots_primary_cat":"","_seopress_titles_title":"","_seopress_titles_desc":"","_seopress_robots_index":""},"product_brand":[3407],"product_cat":[29,514,549,550],"product_tag":[3270],"class_list":{"0":"post-830730","1":"product","2":"type-product","3":"status-publish","4":"has-post-thumbnail","6":"product_brand-milwaukee","7":"product_cat-macchinari","8":"product_cat-altri-dispositivi","9":"product_cat-trapani-e-avvitatori","10":"product_cat-accessori-per-trapani-ed-avvitatori","11":"product_tag-import-milwau","12":"sws-conto-ricavi-merci-rivendita-macchinari-de","13":"sws-gruppo-iva-iva81-de","15":"first","16":"onbackorder","17":"sale","18":"shipping-taxable","19":"purchasable","20":"product-type-simple"},"_links":{"self":[{"href":"https:\/\/lucacastelli.com\/de\/wp-json\/wp\/v2\/product\/830730","targetHints":{"allow":["GET"]}}],"collection":[{"href":"https:\/\/lucacastelli.com\/de\/wp-json\/wp\/v2\/product"}],"about":[{"href":"https:\/\/lucacastelli.com\/de\/wp-json\/wp\/v2\/types\/product"}],"wp:featuredmedia":[{"embeddable":true,"href":"https:\/\/lucacastelli.com\/de\/wp-json\/wp\/v2\/media\/543992"}],"wp:attachment":[{"href":"https:\/\/lucacastelli.com\/de\/wp-json\/wp\/v2\/media?parent=830730"}],"wp:term":[{"taxonomy":"product_brand","embeddable":true,"href":"https:\/\/lucacastelli.com\/de\/wp-json\/wp\/v2\/product_brand?post=830730"},{"taxonomy":"product_cat","embeddable":true,"href":"https:\/\/lucacastelli.com\/de\/wp-json\/wp\/v2\/product_cat?post=830730"},{"taxonomy":"product_tag","embeddable":true,"href":"https:\/\/lucacastelli.com\/de\/wp-json\/wp\/v2\/product_tag?post=830730"}],"curies":[{"name":"wp","href":"https:\/\/api.w.org\/{rel}","templated":true}]}}