{"id":830721,"date":"2025-08-08T18:08:43","date_gmt":"2025-08-08T16:08:43","guid":{"rendered":"https:\/\/lucacastelli.com\/prodotto\/milwaukee-selfeed-bits-switchblade-3\/"},"modified":"2025-08-08T18:08:43","modified_gmt":"2025-08-08T16:08:43","slug":"milwaukee-selfeed-bits-switchblade-3","status":"publish","type":"product","link":"https:\/\/lucacastelli.com\/de\/produkt\/milwaukee-selfeed-bits-switchblade-3\/","title":{"rendered":"MILWAUKEE Selfeed Bits SWITCHBLADE"},"content":{"rendered":"<p>Wood Drill SWB Selfeed Bit 54 mm \u2013 1 Stk.<br \/>\nGeschwindigkeit: H\u00f6here Bohrgeschwindigkeit dank Zentrierspitze, die sofort ins Material greift und dem Bohrer erm\u00f6glicht, schneller zu bohren. Dieser Bohrertyp ist ca. 40 % schneller als ein Schlangenbohrer und ca. 12 % schneller als unser Standard-Selfeed-Bit; Wechselklingen SWITCHBLADE. Das SWITCHBLADE-Wechselklingensystem garantiert, dass Ihre Klinge stets scharf ist. Dies erh\u00f6ht die Produktivit\u00e4t durch Wegfall von Ausfallzeiten beim Nachsch\u00e4rfen und verl\u00e4ngert die Gesamtlebensdauer des Bohrers; Anwendungen: Eintrittsl\u00f6cher f\u00fcr Kupfer-\/Stahl-\/PVC-\/Pex-Rohre, Eintrittsl\u00f6cher f\u00fcr gro\u00dfe Rohre und Leitungen, Durchgangsbohrungen f\u00fcr Dr\u00e4hte und Kabel, f\u00fcr alle Bohrungen \u00fcber 30 mm und wo keine Alternative m\u00f6glich ist; Jedes Selfeed Bit wird geliefert mit 2 \u00d7 Vorschubschrauben \u2013 Regelgewinde, 1 \u00d7 Schraubensatz, 1 \u00d7 Inbusschl\u00fcssel 5\/32 Zoll   <\/p>\n<p>4932479500<br \/>\n4058546372941<\/p>\n","protected":false},"excerpt":{"rendered":"<p>Wood Drill SWB Selfeed Bit 54 mm \u2013 1 Stk.<\/p>\n","protected":false},"featured_media":544067,"template":"","meta":{"_seopress_robots_primary_cat":"","_seopress_titles_title":"","_seopress_titles_desc":"","_seopress_robots_index":""},"product_brand":[3407],"product_cat":[29,514,549,550],"product_tag":[3270],"class_list":{"0":"post-830721","1":"product","2":"type-product","3":"status-publish","4":"has-post-thumbnail","6":"product_brand-milwaukee","7":"product_cat-macchinari","8":"product_cat-altri-dispositivi","9":"product_cat-trapani-e-avvitatori","10":"product_cat-accessori-per-trapani-ed-avvitatori","11":"product_tag-import-milwau","12":"sws-conto-ricavi-merci-rivendita-macchinari-de","13":"sws-gruppo-iva-iva81-de","15":"first","16":"onbackorder","17":"sale","18":"shipping-taxable","19":"purchasable","20":"product-type-simple"},"_links":{"self":[{"href":"https:\/\/lucacastelli.com\/de\/wp-json\/wp\/v2\/product\/830721","targetHints":{"allow":["GET"]}}],"collection":[{"href":"https:\/\/lucacastelli.com\/de\/wp-json\/wp\/v2\/product"}],"about":[{"href":"https:\/\/lucacastelli.com\/de\/wp-json\/wp\/v2\/types\/product"}],"wp:featuredmedia":[{"embeddable":true,"href":"https:\/\/lucacastelli.com\/de\/wp-json\/wp\/v2\/media\/544067"}],"wp:attachment":[{"href":"https:\/\/lucacastelli.com\/de\/wp-json\/wp\/v2\/media?parent=830721"}],"wp:term":[{"taxonomy":"product_brand","embeddable":true,"href":"https:\/\/lucacastelli.com\/de\/wp-json\/wp\/v2\/product_brand?post=830721"},{"taxonomy":"product_cat","embeddable":true,"href":"https:\/\/lucacastelli.com\/de\/wp-json\/wp\/v2\/product_cat?post=830721"},{"taxonomy":"product_tag","embeddable":true,"href":"https:\/\/lucacastelli.com\/de\/wp-json\/wp\/v2\/product_tag?post=830721"}],"curies":[{"name":"wp","href":"https:\/\/api.w.org\/{rel}","templated":true}]}}