{"id":830717,"date":"2025-08-08T18:15:47","date_gmt":"2025-08-08T16:15:47","guid":{"rendered":"https:\/\/lucacastelli.com\/prodotto\/milwaukee-metallbohrer-set-hss-g-8\/"},"modified":"2025-08-08T18:15:47","modified_gmt":"2025-08-08T16:15:47","slug":"milwaukee-metallbohrer-set-hss-g-8","status":"publish","type":"product","link":"https:\/\/lucacastelli.com\/de\/produkt\/milwaukee-metallbohrer-set-hss-g-8\/","title":{"rendered":"MILWAUKEE Metallbohrer-Set HSS-G"},"content":{"rendered":"<p>HSS-G BOHRERSATZ 19-TLG.<br \/>\nDie Thunderweb-Geometrie erm\u00f6glicht eine schnellere Spanabfuhr. Zudem wird die W\u00e4rme besser abgeleitet. Diese beiden Eigenschaften sorgen f\u00fcr h\u00f6here Bohrgeschwindigkeit und l\u00e4ngere Lebensdauer des Bohrers; Der parabolische Querschnitt reduziert das Risiko eines Blockierens des Bohrers bei tiefen Bohrungen; Der Querschnitt hat eine gr\u00f6\u00dfere St\u00e4rke und nimmt zum Schaft hin zu (konischer Querschnitt). Der parabolische Querschnitt bietet h\u00f6here Festigkeit, geringeres Bruchrisiko, ideal f\u00fcr besonders tiefe Bohrungen, l\u00e4ngere Lebensdauer; Schnittwinkel: 135 Grad; Polierte Oberfl\u00e4che erm\u00f6glicht schnellere Spanabfuhr und l\u00e4ngere Lebensdauer des Bohrers; ABS-Kassetten mit gummierten Ecken f\u00fcr h\u00f6here Widerstandsf\u00e4higkeit; H\u00e4lt hohen Druckbelastungen stand<\/p>\n<p>4932493869<br \/>\n4058546510299<\/p>\n","protected":false},"excerpt":{"rendered":"<p>HSS-G BOHRERSATZ 19-TLG.<\/p>\n","protected":false},"featured_media":589395,"template":"","meta":{"_seopress_robots_primary_cat":"","_seopress_titles_title":"","_seopress_titles_desc":"","_seopress_robots_index":""},"product_brand":[3407],"product_cat":[29,514,549,550],"product_tag":[3270],"class_list":{"0":"post-830717","1":"product","2":"type-product","3":"status-publish","4":"has-post-thumbnail","6":"product_brand-milwaukee","7":"product_cat-macchinari","8":"product_cat-altri-dispositivi","9":"product_cat-trapani-e-avvitatori","10":"product_cat-accessori-per-trapani-ed-avvitatori","11":"product_tag-import-milwau","12":"sws-conto-ricavi-merci-rivendita-macchinari-de","13":"sws-gruppo-iva-iva81-de","15":"first","16":"onbackorder","17":"shipping-taxable","18":"purchasable","19":"product-type-simple"},"_links":{"self":[{"href":"https:\/\/lucacastelli.com\/de\/wp-json\/wp\/v2\/product\/830717","targetHints":{"allow":["GET"]}}],"collection":[{"href":"https:\/\/lucacastelli.com\/de\/wp-json\/wp\/v2\/product"}],"about":[{"href":"https:\/\/lucacastelli.com\/de\/wp-json\/wp\/v2\/types\/product"}],"wp:featuredmedia":[{"embeddable":true,"href":"https:\/\/lucacastelli.com\/de\/wp-json\/wp\/v2\/media\/589395"}],"wp:attachment":[{"href":"https:\/\/lucacastelli.com\/de\/wp-json\/wp\/v2\/media?parent=830717"}],"wp:term":[{"taxonomy":"product_brand","embeddable":true,"href":"https:\/\/lucacastelli.com\/de\/wp-json\/wp\/v2\/product_brand?post=830717"},{"taxonomy":"product_cat","embeddable":true,"href":"https:\/\/lucacastelli.com\/de\/wp-json\/wp\/v2\/product_cat?post=830717"},{"taxonomy":"product_tag","embeddable":true,"href":"https:\/\/lucacastelli.com\/de\/wp-json\/wp\/v2\/product_tag?post=830717"}],"curies":[{"name":"wp","href":"https:\/\/api.w.org\/{rel}","templated":true}]}}