{"id":830716,"date":"2025-08-08T18:08:46","date_gmt":"2025-08-08T16:08:46","guid":{"rendered":"https:\/\/lucacastelli.com\/prodotto\/milwaukee-selfeed-bohrer-breit\/"},"modified":"2025-08-08T18:08:46","modified_gmt":"2025-08-08T16:08:46","slug":"milwaukee-selfeed-bohrer-breit","status":"publish","type":"product","link":"https:\/\/lucacastelli.com\/de\/produkt\/milwaukee-selfeed-bohrer-breit\/","title":{"rendered":"MILWAUKEE Selfeed-Bohrer, breit"},"content":{"rendered":"<p>Holz-Selfeed-Bohrer 76 mm \u2013 1 Stk.<br \/>\nDieser Bohrer verf\u00fcgt \u00fcber zwei Innenschneiden, die einen sauberen und gleichm\u00e4\u00dfigen Schnitt erm\u00f6glichen. Austauschbare Halterung; austauschbarer Schaft <\/p>\n<p>4932479489<br \/>\n4058546372835<\/p>\n","protected":false},"excerpt":{"rendered":"<p>Holz-Selfeed-Bohrer 76 mm \u2013 1 Stk.<\/p>\n","protected":false},"featured_media":544001,"template":"","meta":{"_seopress_robots_primary_cat":"","_seopress_titles_title":"","_seopress_titles_desc":"","_seopress_robots_index":""},"product_brand":[3407],"product_cat":[29,514,549,550],"product_tag":[3270],"class_list":{"0":"post-830716","1":"product","2":"type-product","3":"status-publish","4":"has-post-thumbnail","6":"product_brand-milwaukee","7":"product_cat-macchinari","8":"product_cat-altri-dispositivi","9":"product_cat-trapani-e-avvitatori","10":"product_cat-accessori-per-trapani-ed-avvitatori","11":"product_tag-import-milwau","12":"sws-conto-ricavi-merci-rivendita-macchinari-de","13":"sws-gruppo-iva-iva81-de","15":"first","16":"onbackorder","17":"sale","18":"shipping-taxable","19":"purchasable","20":"product-type-simple"},"_links":{"self":[{"href":"https:\/\/lucacastelli.com\/de\/wp-json\/wp\/v2\/product\/830716","targetHints":{"allow":["GET"]}}],"collection":[{"href":"https:\/\/lucacastelli.com\/de\/wp-json\/wp\/v2\/product"}],"about":[{"href":"https:\/\/lucacastelli.com\/de\/wp-json\/wp\/v2\/types\/product"}],"wp:featuredmedia":[{"embeddable":true,"href":"https:\/\/lucacastelli.com\/de\/wp-json\/wp\/v2\/media\/544001"}],"wp:attachment":[{"href":"https:\/\/lucacastelli.com\/de\/wp-json\/wp\/v2\/media?parent=830716"}],"wp:term":[{"taxonomy":"product_brand","embeddable":true,"href":"https:\/\/lucacastelli.com\/de\/wp-json\/wp\/v2\/product_brand?post=830716"},{"taxonomy":"product_cat","embeddable":true,"href":"https:\/\/lucacastelli.com\/de\/wp-json\/wp\/v2\/product_cat?post=830716"},{"taxonomy":"product_tag","embeddable":true,"href":"https:\/\/lucacastelli.com\/de\/wp-json\/wp\/v2\/product_tag?post=830716"}],"curies":[{"name":"wp","href":"https:\/\/api.w.org\/{rel}","templated":true}]}}